{"id":25922,"date":"2023-12-07T08:44:15","date_gmt":"2023-12-07T08:44:15","guid":{"rendered":"https:\/\/www.sinchisinchi.com\/producto\/palo-santo-1-kg\/"},"modified":"2023-12-07T08:44:15","modified_gmt":"2023-12-07T08:44:15","slug":"palo-santo-1-kg","status":"publish","type":"product","link":"https:\/\/sinchi.hostienda.net\/pt-pt\/producto\/palo-santo-1-kg\/","title":{"rendered":"Palo Santo 1 Kg"},"content":{"rendered":"<h2 style=\"text-align: center;\"><strong>Como usar o palo santo<\/strong><\/h2>\n<p>Ao contr\u00e1rio de outras esp\u00e9cies das quais s\u00e3o extra\u00eddas resinas, o Palo Santo apenas requer que um peda\u00e7o da sua madeira seja aceso para libertar o seu fumo com poderosas propriedades.<\/p>\n<p>O Palo Santo \u00e9 uma madeira densa que n\u00e3o queima facilmente, pelo que pode demorar alguns segundos a acender. O ideal \u00e9 deixar arder durante cerca de 30 segundos e depois apagar a chama suavemente. Quando a chama se apaga, as brasas permanecem, produzindo fumo branco durante v\u00e1rios minutos.<\/p>\n<p>\u00c9 aconselh\u00e1vel ter \u00e0 m\u00e3o um recipiente \u00e0 prova de fogo para depositar as cinzas e onde colocar o palo santo quando terminar.<\/p>\n<p>\u00c0 medida que as brasas come\u00e7am a apagar-se, um pouco de ar ajudar\u00e1 a reacend\u00ea-las, agitando o pau ou soprando suavemente. Isto geralmente funciona apenas como uma medida tempor\u00e1ria, pelo que pode ser necess\u00e1rio lig\u00e1-lo v\u00e1rias vezes at\u00e9 que queime completamente.<\/p>\n<p>&nbsp;<\/p>\n<h3 style=\"text-align: center;\"><strong>Palo Santo, limpeza energ\u00e9tica<\/strong><\/h3>\n<p><strong>Para a limpeza energ\u00e9tica dos ambientes,<\/strong> uma vez acesa, ao agitar as brasas no ar, o fumo \u00e9 espalhado por todo o ambiente, e a madeira \u00e9 guiada pelas \u00e1reas a limpar, como cantos, corredores e arm\u00e1rios.<\/p>\n<p>Para uma<strong> limpeza energ\u00e9tica profunda,<\/strong> pode queimar cerca de 3 a 4 paus juntos e deixar o fumo permanecer no ambiente durante cerca de 3 horas.<\/p>\n<p>Pode tamb\u00e9m fazer uma limpeza energ\u00e9tica das pedras e gemas, que devem ser limpas periodicamente, pois absorvem e ret\u00eam as influ\u00eancias energ\u00e9ticas.<\/p>\n<p>&nbsp;<\/p>\n<h3 style=\"text-align: center;\"><strong>Propriedades e benef\u00edcios do Palo Santo<\/strong><\/h3>\n<p>Tradicionalmente, o palo santo \u00e9 utilizado para aliviar constipa\u00e7\u00f5es comuns, stress, asma, dores de cabe\u00e7a, ansiedade, depress\u00e3o, inflama\u00e7\u00e3o, al\u00e9m de ser um antiss\u00e9ptico, anti-inflamat\u00f3rio e diur\u00e9tico.<\/p>\n<p>O olfato \u00e9 o \u00fanico sentido diretamente interligado \u00e0s emo\u00e7\u00f5es e tamb\u00e9m o \u00fanico que nunca dorme, raz\u00e3o pela qual tamb\u00e9m est\u00e1 relacionado com os sonhos l\u00facidos.<\/p>\n<p>Na aromaterapia, o Palo Santo \u00e9 comummente utilizado sob a forma de \u00f3leo essencial e serve para libertar tens\u00f5es relacionadas com o stress e a depress\u00e3o.<\/p>\n<p>\u00c9 tamb\u00e9m um excelente repelente natural contra moscas, mosquitos, etc.<\/p>\n","protected":false},"excerpt":{"rendered":"<p>Tronco de Palo Santo com aproximadamente 1 kg.<\/p>\n<p>O Palo Santo \u00e9 utilizado em diferentes pa\u00edses e culturas para expulsar energias negativas e atrair energias positivas, concentrando e potenciando as positivas.<\/p>\n<p>Limpa e purifica o ambiente, al\u00e9m de o aromatizar. Alivia a tens\u00e3o nervosa e ajuda a controlar doen\u00e7as ou enfermidades causadas pelo stress, promovendo a harmonia e o bem-estar.<\/p>\n","protected":false},"featured_media":25924,"template":"","meta":{"_joinchat":[]},"product_brand":[],"product_cat":[660],"product_tag":[],"class_list":{"0":"post-25922","1":"product","2":"type-product","3":"status-publish","4":"has-post-thumbnail","6":"product_cat-incenso-pt-pt","8":"first","9":"instock","10":"taxable","11":"shipping-taxable","12":"purchasable","13":"product-type-simple"},"yoast_head":"<!-- This site is optimized with the Yoast SEO plugin v26.2 - https:\/\/yoast.com\/wordpress\/plugins\/seo\/ -->\n<title>Palo Santo Altar - Loja online de incensos sagrados<\/title>\n<meta name=\"description\" content=\"Palo Santo (Bursera Graveolens) \u00e9 uma \u00e1rvore m\u00edstica que cresce na costa da Am\u00e9rica do Sul e pertence \u00e0 fam\u00edlia Bureseracea...\" \/>\n<meta name=\"robots\" content=\"index, follow, max-snippet:-1, max-image-preview:large, max-video-preview:-1\" \/>\n<link rel=\"canonical\" href=\"https:\/\/sinchi.hostienda.net\/pt-pt\/producto\/palo-santo-1-kg\/\" \/>\n<meta property=\"og:locale\" content=\"pt_PT\" \/>\n<meta property=\"og:type\" content=\"article\" \/>\n<meta property=\"og:title\" content=\"Palo Santo Altar - Loja online de incensos sagrados\" \/>\n<meta property=\"og:description\" content=\"Palo Santo (Bursera Graveolens) \u00e9 uma \u00e1rvore m\u00edstica que cresce na costa da Am\u00e9rica do Sul e pertence \u00e0 fam\u00edlia Bureseracea...\" \/>\n<meta property=\"og:url\" content=\"https:\/\/sinchi.hostienda.net\/pt-pt\/producto\/palo-santo-1-kg\/\" \/>\n<meta property=\"og:site_name\" content=\"SINCHI RAP\u00c9\" \/>\n<meta property=\"og:image\" content=\"https:\/\/sinchi.hostienda.net\/wp-content\/uploads\/2023\/12\/palo-santo-de-tronco-grande-pack-1kg.jpeg\" \/>\n\t<meta property=\"og:image:width\" content=\"1000\" \/>\n\t<meta property=\"og:image:height\" content=\"1000\" \/>\n\t<meta property=\"og:image:type\" content=\"image\/jpeg\" \/>\n<meta name=\"twitter:card\" content=\"summary_large_image\" \/>\n<meta name=\"twitter:label1\" content=\"Tempo estimado de leitura\" \/>\n\t<meta name=\"twitter:data1\" content=\"2 minutos\" \/>\n<script type=\"application\/ld+json\" class=\"yoast-schema-graph\">{\"@context\":\"https:\/\/schema.org\",\"@graph\":[{\"@type\":\"WebPage\",\"@id\":\"https:\/\/sinchi.hostienda.net\/pt-pt\/producto\/palo-santo-1-kg\/\",\"url\":\"https:\/\/sinchi.hostienda.net\/pt-pt\/producto\/palo-santo-1-kg\/\",\"name\":\"Palo Santo Altar - Loja online de incensos sagrados\",\"isPartOf\":{\"@id\":\"https:\/\/sinchi.hostienda.net\/pt-pt\/#website\"},\"primaryImageOfPage\":{\"@id\":\"https:\/\/sinchi.hostienda.net\/pt-pt\/producto\/palo-santo-1-kg\/#primaryimage\"},\"image\":{\"@id\":\"https:\/\/sinchi.hostienda.net\/pt-pt\/producto\/palo-santo-1-kg\/#primaryimage\"},\"thumbnailUrl\":\"https:\/\/sinchi.hostienda.net\/wp-content\/uploads\/2023\/12\/palo-santo-de-tronco-grande-pack-1kg.jpeg\",\"datePublished\":\"2023-12-07T08:44:15+00:00\",\"description\":\"Palo Santo (Bursera Graveolens) \u00e9 uma \u00e1rvore m\u00edstica que cresce na costa da Am\u00e9rica do Sul e pertence \u00e0 fam\u00edlia Bureseracea...\",\"breadcrumb\":{\"@id\":\"https:\/\/sinchi.hostienda.net\/pt-pt\/producto\/palo-santo-1-kg\/#breadcrumb\"},\"inLanguage\":\"pt-PT\",\"potentialAction\":[{\"@type\":\"ReadAction\",\"target\":[\"https:\/\/sinchi.hostienda.net\/pt-pt\/producto\/palo-santo-1-kg\/\"]}]},{\"@type\":\"ImageObject\",\"inLanguage\":\"pt-PT\",\"@id\":\"https:\/\/sinchi.hostienda.net\/pt-pt\/producto\/palo-santo-1-kg\/#primaryimage\",\"url\":\"https:\/\/sinchi.hostienda.net\/wp-content\/uploads\/2023\/12\/palo-santo-de-tronco-grande-pack-1kg.jpeg\",\"contentUrl\":\"https:\/\/sinchi.hostienda.net\/wp-content\/uploads\/2023\/12\/palo-santo-de-tronco-grande-pack-1kg.jpeg\",\"width\":1000,\"height\":1000},{\"@type\":\"BreadcrumbList\",\"@id\":\"https:\/\/sinchi.hostienda.net\/pt-pt\/producto\/palo-santo-1-kg\/#breadcrumb\",\"itemListElement\":[{\"@type\":\"ListItem\",\"position\":1,\"name\":\"Portada\",\"item\":\"https:\/\/sinchi.hostienda.net\/pt-pt\/\"},{\"@type\":\"ListItem\",\"position\":2,\"name\":\"Produtos\",\"item\":\"https:\/\/sinchi.hostienda.net\/pt-pt\/shop\/\"},{\"@type\":\"ListItem\",\"position\":3,\"name\":\"Palo Santo 1 Kg\"}]},{\"@type\":\"WebSite\",\"@id\":\"https:\/\/sinchi.hostienda.net\/pt-pt\/#website\",\"url\":\"https:\/\/sinchi.hostienda.net\/pt-pt\/\",\"name\":\"SINCHI RAP\u00c9\",\"description\":\"Sinchi Medicine\",\"potentialAction\":[{\"@type\":\"SearchAction\",\"target\":{\"@type\":\"EntryPoint\",\"urlTemplate\":\"https:\/\/sinchi.hostienda.net\/pt-pt\/?s={search_term_string}\"},\"query-input\":{\"@type\":\"PropertyValueSpecification\",\"valueRequired\":true,\"valueName\":\"search_term_string\"}}],\"inLanguage\":\"pt-PT\"}]}<\/script>\n<!-- \/ Yoast SEO plugin. -->","yoast_head_json":{"title":"Palo Santo Altar - Loja online de incensos sagrados","description":"Palo Santo (Bursera Graveolens) \u00e9 uma \u00e1rvore m\u00edstica que cresce na costa da Am\u00e9rica do Sul e pertence \u00e0 fam\u00edlia Bureseracea...","robots":{"index":"index","follow":"follow","max-snippet":"max-snippet:-1","max-image-preview":"max-image-preview:large","max-video-preview":"max-video-preview:-1"},"canonical":"https:\/\/sinchi.hostienda.net\/pt-pt\/producto\/palo-santo-1-kg\/","og_locale":"pt_PT","og_type":"article","og_title":"Palo Santo Altar - Loja online de incensos sagrados","og_description":"Palo Santo (Bursera Graveolens) \u00e9 uma \u00e1rvore m\u00edstica que cresce na costa da Am\u00e9rica do Sul e pertence \u00e0 fam\u00edlia Bureseracea...","og_url":"https:\/\/sinchi.hostienda.net\/pt-pt\/producto\/palo-santo-1-kg\/","og_site_name":"SINCHI RAP\u00c9","og_image":[{"width":1000,"height":1000,"url":"https:\/\/sinchi.hostienda.net\/wp-content\/uploads\/2023\/12\/palo-santo-de-tronco-grande-pack-1kg.jpeg","type":"image\/jpeg"}],"twitter_card":"summary_large_image","twitter_misc":{"Tempo estimado de leitura":"2 minutos"},"schema":{"@context":"https:\/\/schema.org","@graph":[{"@type":"WebPage","@id":"https:\/\/sinchi.hostienda.net\/pt-pt\/producto\/palo-santo-1-kg\/","url":"https:\/\/sinchi.hostienda.net\/pt-pt\/producto\/palo-santo-1-kg\/","name":"Palo Santo Altar - Loja online de incensos sagrados","isPartOf":{"@id":"https:\/\/sinchi.hostienda.net\/pt-pt\/#website"},"primaryImageOfPage":{"@id":"https:\/\/sinchi.hostienda.net\/pt-pt\/producto\/palo-santo-1-kg\/#primaryimage"},"image":{"@id":"https:\/\/sinchi.hostienda.net\/pt-pt\/producto\/palo-santo-1-kg\/#primaryimage"},"thumbnailUrl":"https:\/\/sinchi.hostienda.net\/wp-content\/uploads\/2023\/12\/palo-santo-de-tronco-grande-pack-1kg.jpeg","datePublished":"2023-12-07T08:44:15+00:00","description":"Palo Santo (Bursera Graveolens) \u00e9 uma \u00e1rvore m\u00edstica que cresce na costa da Am\u00e9rica do Sul e pertence \u00e0 fam\u00edlia Bureseracea...","breadcrumb":{"@id":"https:\/\/sinchi.hostienda.net\/pt-pt\/producto\/palo-santo-1-kg\/#breadcrumb"},"inLanguage":"pt-PT","potentialAction":[{"@type":"ReadAction","target":["https:\/\/sinchi.hostienda.net\/pt-pt\/producto\/palo-santo-1-kg\/"]}]},{"@type":"ImageObject","inLanguage":"pt-PT","@id":"https:\/\/sinchi.hostienda.net\/pt-pt\/producto\/palo-santo-1-kg\/#primaryimage","url":"https:\/\/sinchi.hostienda.net\/wp-content\/uploads\/2023\/12\/palo-santo-de-tronco-grande-pack-1kg.jpeg","contentUrl":"https:\/\/sinchi.hostienda.net\/wp-content\/uploads\/2023\/12\/palo-santo-de-tronco-grande-pack-1kg.jpeg","width":1000,"height":1000},{"@type":"BreadcrumbList","@id":"https:\/\/sinchi.hostienda.net\/pt-pt\/producto\/palo-santo-1-kg\/#breadcrumb","itemListElement":[{"@type":"ListItem","position":1,"name":"Portada","item":"https:\/\/sinchi.hostienda.net\/pt-pt\/"},{"@type":"ListItem","position":2,"name":"Produtos","item":"https:\/\/sinchi.hostienda.net\/pt-pt\/shop\/"},{"@type":"ListItem","position":3,"name":"Palo Santo 1 Kg"}]},{"@type":"WebSite","@id":"https:\/\/sinchi.hostienda.net\/pt-pt\/#website","url":"https:\/\/sinchi.hostienda.net\/pt-pt\/","name":"SINCHI RAP\u00c9","description":"Sinchi Medicine","potentialAction":[{"@type":"SearchAction","target":{"@type":"EntryPoint","urlTemplate":"https:\/\/sinchi.hostienda.net\/pt-pt\/?s={search_term_string}"},"query-input":{"@type":"PropertyValueSpecification","valueRequired":true,"valueName":"search_term_string"}}],"inLanguage":"pt-PT"}]}},"_links":{"self":[{"href":"https:\/\/sinchi.hostienda.net\/pt-pt\/wp-json\/wp\/v2\/product\/25922","targetHints":{"allow":["GET"]}}],"collection":[{"href":"https:\/\/sinchi.hostienda.net\/pt-pt\/wp-json\/wp\/v2\/product"}],"about":[{"href":"https:\/\/sinchi.hostienda.net\/pt-pt\/wp-json\/wp\/v2\/types\/product"}],"wp:featuredmedia":[{"embeddable":true,"href":"https:\/\/sinchi.hostienda.net\/pt-pt\/wp-json\/wp\/v2\/media\/25924"}],"wp:attachment":[{"href":"https:\/\/sinchi.hostienda.net\/pt-pt\/wp-json\/wp\/v2\/media?parent=25922"}],"wp:term":[{"taxonomy":"product_brand","embeddable":true,"href":"https:\/\/sinchi.hostienda.net\/pt-pt\/wp-json\/wp\/v2\/product_brand?post=25922"},{"taxonomy":"product_cat","embeddable":true,"href":"https:\/\/sinchi.hostienda.net\/pt-pt\/wp-json\/wp\/v2\/product_cat?post=25922"},{"taxonomy":"product_tag","embeddable":true,"href":"https:\/\/sinchi.hostienda.net\/pt-pt\/wp-json\/wp\/v2\/product_tag?post=25922"}],"curies":[{"name":"wp","href":"https:\/\/api.w.org\/{rel}","templated":true}]}}