{"id":25635,"date":"2024-04-22T11:52:35","date_gmt":"2024-04-22T11:52:35","guid":{"rendered":"https:\/\/www.sinchisinchi.com\/producto\/canela\/"},"modified":"2025-02-12T12:08:20","modified_gmt":"2025-02-12T12:08:20","slug":"canela","status":"publish","type":"product","link":"https:\/\/sinchi.hostienda.net\/pt-pt\/producto\/canela\/","title":{"rendered":"Canela"},"content":{"rendered":"","protected":false},"excerpt":{"rendered":"<p>Sabonete Natural de Marselha com Canela<\/p>\n<p>Tamanho: 125gr<\/p>\n","protected":false},"featured_media":25636,"template":"","meta":{"_joinchat":[]},"product_brand":[],"product_cat":[679],"product_tag":[],"class_list":{"0":"post-25635","1":"product","2":"type-product","3":"status-publish","4":"has-post-thumbnail","6":"product_cat-sabonetes","8":"first","9":"instock","10":"taxable","11":"shipping-taxable","12":"purchasable","13":"product-type-simple"},"yoast_head":"<!-- This site is optimized with the Yoast SEO plugin v26.2 - https:\/\/yoast.com\/wordpress\/plugins\/seo\/ -->\n<title>Sabonete de Canela: Loja Xam\u00e2nica<\/title>\n<meta name=\"description\" content=\"A canela \u00e9 masculina, corresponde ao sol, ao elemento fogo e \u00e0s divindades V\u00e9nus e Afrodite. Promove o sucesso, a cura e o poder.\" \/>\n<meta name=\"robots\" content=\"index, follow, max-snippet:-1, max-image-preview:large, max-video-preview:-1\" \/>\n<link rel=\"canonical\" href=\"https:\/\/sinchi.hostienda.net\/pt-pt\/producto\/canela\/\" \/>\n<meta property=\"og:locale\" content=\"pt_PT\" \/>\n<meta property=\"og:type\" content=\"article\" \/>\n<meta property=\"og:title\" content=\"Sabonete de Canela: Loja Xam\u00e2nica\" \/>\n<meta property=\"og:description\" content=\"A canela \u00e9 masculina, corresponde ao sol, ao elemento fogo e \u00e0s divindades V\u00e9nus e Afrodite. Promove o sucesso, a cura e o poder.\" \/>\n<meta property=\"og:url\" content=\"https:\/\/sinchi.hostienda.net\/pt-pt\/producto\/canela\/\" \/>\n<meta property=\"og:site_name\" content=\"SINCHI RAP\u00c9\" \/>\n<meta property=\"article:modified_time\" content=\"2025-02-12T12:08:20+00:00\" \/>\n<meta property=\"og:image\" content=\"https:\/\/sinchi.hostienda.net\/wp-content\/uploads\/2024\/04\/2-canela.jpeg\" \/>\n\t<meta property=\"og:image:width\" content=\"750\" \/>\n\t<meta property=\"og:image:height\" content=\"750\" \/>\n\t<meta property=\"og:image:type\" content=\"image\/jpeg\" \/>\n<meta name=\"twitter:card\" content=\"summary_large_image\" \/>\n<script type=\"application\/ld+json\" class=\"yoast-schema-graph\">{\"@context\":\"https:\/\/schema.org\",\"@graph\":[{\"@type\":\"WebPage\",\"@id\":\"https:\/\/sinchi.hostienda.net\/pt-pt\/producto\/canela\/\",\"url\":\"https:\/\/sinchi.hostienda.net\/pt-pt\/producto\/canela\/\",\"name\":\"Sabonete de Canela: Loja Xam\u00e2nica\",\"isPartOf\":{\"@id\":\"https:\/\/sinchi.hostienda.net\/pt-pt\/#website\"},\"primaryImageOfPage\":{\"@id\":\"https:\/\/sinchi.hostienda.net\/pt-pt\/producto\/canela\/#primaryimage\"},\"image\":{\"@id\":\"https:\/\/sinchi.hostienda.net\/pt-pt\/producto\/canela\/#primaryimage\"},\"thumbnailUrl\":\"https:\/\/sinchi.hostienda.net\/wp-content\/uploads\/2024\/04\/2-canela.jpeg\",\"datePublished\":\"2024-04-22T11:52:35+00:00\",\"dateModified\":\"2025-02-12T12:08:20+00:00\",\"description\":\"A canela \u00e9 masculina, corresponde ao sol, ao elemento fogo e \u00e0s divindades V\u00e9nus e Afrodite. Promove o sucesso, a cura e o poder.\",\"breadcrumb\":{\"@id\":\"https:\/\/sinchi.hostienda.net\/pt-pt\/producto\/canela\/#breadcrumb\"},\"inLanguage\":\"pt-PT\",\"potentialAction\":[{\"@type\":\"ReadAction\",\"target\":[\"https:\/\/sinchi.hostienda.net\/pt-pt\/producto\/canela\/\"]}]},{\"@type\":\"ImageObject\",\"inLanguage\":\"pt-PT\",\"@id\":\"https:\/\/sinchi.hostienda.net\/pt-pt\/producto\/canela\/#primaryimage\",\"url\":\"https:\/\/sinchi.hostienda.net\/wp-content\/uploads\/2024\/04\/2-canela.jpeg\",\"contentUrl\":\"https:\/\/sinchi.hostienda.net\/wp-content\/uploads\/2024\/04\/2-canela.jpeg\",\"width\":750,\"height\":750},{\"@type\":\"BreadcrumbList\",\"@id\":\"https:\/\/sinchi.hostienda.net\/pt-pt\/producto\/canela\/#breadcrumb\",\"itemListElement\":[{\"@type\":\"ListItem\",\"position\":1,\"name\":\"Portada\",\"item\":\"https:\/\/sinchi.hostienda.net\/pt-pt\/\"},{\"@type\":\"ListItem\",\"position\":2,\"name\":\"Produtos\",\"item\":\"https:\/\/sinchi.hostienda.net\/pt-pt\/shop\/\"},{\"@type\":\"ListItem\",\"position\":3,\"name\":\"Canela\"}]},{\"@type\":\"WebSite\",\"@id\":\"https:\/\/sinchi.hostienda.net\/pt-pt\/#website\",\"url\":\"https:\/\/sinchi.hostienda.net\/pt-pt\/\",\"name\":\"SINCHI RAP\u00c9\",\"description\":\"Sinchi Medicine\",\"potentialAction\":[{\"@type\":\"SearchAction\",\"target\":{\"@type\":\"EntryPoint\",\"urlTemplate\":\"https:\/\/sinchi.hostienda.net\/pt-pt\/?s={search_term_string}\"},\"query-input\":{\"@type\":\"PropertyValueSpecification\",\"valueRequired\":true,\"valueName\":\"search_term_string\"}}],\"inLanguage\":\"pt-PT\"}]}<\/script>\n<!-- \/ Yoast SEO plugin. -->","yoast_head_json":{"title":"Sabonete de Canela: Loja Xam\u00e2nica","description":"A canela \u00e9 masculina, corresponde ao sol, ao elemento fogo e \u00e0s divindades V\u00e9nus e Afrodite. Promove o sucesso, a cura e o poder.","robots":{"index":"index","follow":"follow","max-snippet":"max-snippet:-1","max-image-preview":"max-image-preview:large","max-video-preview":"max-video-preview:-1"},"canonical":"https:\/\/sinchi.hostienda.net\/pt-pt\/producto\/canela\/","og_locale":"pt_PT","og_type":"article","og_title":"Sabonete de Canela: Loja Xam\u00e2nica","og_description":"A canela \u00e9 masculina, corresponde ao sol, ao elemento fogo e \u00e0s divindades V\u00e9nus e Afrodite. Promove o sucesso, a cura e o poder.","og_url":"https:\/\/sinchi.hostienda.net\/pt-pt\/producto\/canela\/","og_site_name":"SINCHI RAP\u00c9","article_modified_time":"2025-02-12T12:08:20+00:00","og_image":[{"width":750,"height":750,"url":"https:\/\/sinchi.hostienda.net\/wp-content\/uploads\/2024\/04\/2-canela.jpeg","type":"image\/jpeg"}],"twitter_card":"summary_large_image","schema":{"@context":"https:\/\/schema.org","@graph":[{"@type":"WebPage","@id":"https:\/\/sinchi.hostienda.net\/pt-pt\/producto\/canela\/","url":"https:\/\/sinchi.hostienda.net\/pt-pt\/producto\/canela\/","name":"Sabonete de Canela: Loja Xam\u00e2nica","isPartOf":{"@id":"https:\/\/sinchi.hostienda.net\/pt-pt\/#website"},"primaryImageOfPage":{"@id":"https:\/\/sinchi.hostienda.net\/pt-pt\/producto\/canela\/#primaryimage"},"image":{"@id":"https:\/\/sinchi.hostienda.net\/pt-pt\/producto\/canela\/#primaryimage"},"thumbnailUrl":"https:\/\/sinchi.hostienda.net\/wp-content\/uploads\/2024\/04\/2-canela.jpeg","datePublished":"2024-04-22T11:52:35+00:00","dateModified":"2025-02-12T12:08:20+00:00","description":"A canela \u00e9 masculina, corresponde ao sol, ao elemento fogo e \u00e0s divindades V\u00e9nus e Afrodite. Promove o sucesso, a cura e o poder.","breadcrumb":{"@id":"https:\/\/sinchi.hostienda.net\/pt-pt\/producto\/canela\/#breadcrumb"},"inLanguage":"pt-PT","potentialAction":[{"@type":"ReadAction","target":["https:\/\/sinchi.hostienda.net\/pt-pt\/producto\/canela\/"]}]},{"@type":"ImageObject","inLanguage":"pt-PT","@id":"https:\/\/sinchi.hostienda.net\/pt-pt\/producto\/canela\/#primaryimage","url":"https:\/\/sinchi.hostienda.net\/wp-content\/uploads\/2024\/04\/2-canela.jpeg","contentUrl":"https:\/\/sinchi.hostienda.net\/wp-content\/uploads\/2024\/04\/2-canela.jpeg","width":750,"height":750},{"@type":"BreadcrumbList","@id":"https:\/\/sinchi.hostienda.net\/pt-pt\/producto\/canela\/#breadcrumb","itemListElement":[{"@type":"ListItem","position":1,"name":"Portada","item":"https:\/\/sinchi.hostienda.net\/pt-pt\/"},{"@type":"ListItem","position":2,"name":"Produtos","item":"https:\/\/sinchi.hostienda.net\/pt-pt\/shop\/"},{"@type":"ListItem","position":3,"name":"Canela"}]},{"@type":"WebSite","@id":"https:\/\/sinchi.hostienda.net\/pt-pt\/#website","url":"https:\/\/sinchi.hostienda.net\/pt-pt\/","name":"SINCHI RAP\u00c9","description":"Sinchi Medicine","potentialAction":[{"@type":"SearchAction","target":{"@type":"EntryPoint","urlTemplate":"https:\/\/sinchi.hostienda.net\/pt-pt\/?s={search_term_string}"},"query-input":{"@type":"PropertyValueSpecification","valueRequired":true,"valueName":"search_term_string"}}],"inLanguage":"pt-PT"}]}},"_links":{"self":[{"href":"https:\/\/sinchi.hostienda.net\/pt-pt\/wp-json\/wp\/v2\/product\/25635","targetHints":{"allow":["GET"]}}],"collection":[{"href":"https:\/\/sinchi.hostienda.net\/pt-pt\/wp-json\/wp\/v2\/product"}],"about":[{"href":"https:\/\/sinchi.hostienda.net\/pt-pt\/wp-json\/wp\/v2\/types\/product"}],"wp:featuredmedia":[{"embeddable":true,"href":"https:\/\/sinchi.hostienda.net\/pt-pt\/wp-json\/wp\/v2\/media\/25636"}],"wp:attachment":[{"href":"https:\/\/sinchi.hostienda.net\/pt-pt\/wp-json\/wp\/v2\/media?parent=25635"}],"wp:term":[{"taxonomy":"product_brand","embeddable":true,"href":"https:\/\/sinchi.hostienda.net\/pt-pt\/wp-json\/wp\/v2\/product_brand?post=25635"},{"taxonomy":"product_cat","embeddable":true,"href":"https:\/\/sinchi.hostienda.net\/pt-pt\/wp-json\/wp\/v2\/product_cat?post=25635"},{"taxonomy":"product_tag","embeddable":true,"href":"https:\/\/sinchi.hostienda.net\/pt-pt\/wp-json\/wp\/v2\/product_tag?post=25635"}],"curies":[{"name":"wp","href":"https:\/\/api.w.org\/{rel}","templated":true}]}}