{"id":25629,"date":"2024-04-22T11:54:16","date_gmt":"2024-04-22T11:54:16","guid":{"rendered":"https:\/\/www.sinchisinchi.com\/producto\/violeta\/"},"modified":"2024-04-22T11:54:16","modified_gmt":"2024-04-22T11:54:16","slug":"violeta","status":"publish","type":"product","link":"https:\/\/sinchi.hostienda.net\/pt-pt\/producto\/violeta\/","title":{"rendered":"violeta"},"content":{"rendered":"<h2 style=\"text-align: center;\"><strong>Plantar<\/strong><\/h2>\n<p>A violeta (Saintpaulia ionantha Wendl) \u00e9 uma planta baixa e compacta, com um caule muito curto e folhas formando uma roseta, do centro da qual brotam as suas belas flores de um lil\u00e1s claro a um azul escuro, por vezes branco. Possui folhas verde-escuras na parte superior e roxas ou avermelhadas na parte inferior.<\/p>\n","protected":false},"excerpt":{"rendered":"<p>O sabonete violeta \u00e9 ideal para o cuidado da pele. A violeta \u00e9 relaxante e proporciona brilho, frescura, elasticidade e prote\u00e7\u00e3o \u00e0 pele.<\/p>\n<p>A violeta tem uma a\u00e7\u00e3o anti-inflamat\u00f3ria, antipir\u00e9tica, analg\u00e9sica, dermoprotetora, antioxidante, antidepressiva e antibacteriana.<\/p>\n<p>A violeta \u00e9 proveniente da Tanz\u00e2nia, originalmente encontrada nas Montanhas Usambara. Em 1892, o Bar\u00e3o Walter von Saint Paul-Illaire, representante da Companhia Alem\u00e3 da \u00c1frica Oriental e alto funcion\u00e1rio colonial no Tanganica, enviou sementes de violeta ao seu pai, um marinheiro e parlamentar com interesses bot\u00e2nicos. Em 1893, o bot\u00e2nico Hermann Wendland descreveu-a e deu-lhe o nome de Saintpaulia em homenagem ao Bar\u00e3o.<\/p>\n","protected":false},"featured_media":25630,"template":"","meta":{"_joinchat":[]},"product_brand":[],"product_cat":[679],"product_tag":[],"class_list":{"0":"post-25629","1":"product","2":"type-product","3":"status-publish","4":"has-post-thumbnail","6":"product_cat-sabonetes","8":"first","9":"instock","10":"taxable","11":"shipping-taxable","12":"purchasable","13":"product-type-simple"},"yoast_head":"<!-- This site is optimized with the Yoast SEO plugin v26.2 - https:\/\/yoast.com\/wordpress\/plugins\/seo\/ -->\n<title>Sabonete Violeta: Loja Xam\u00e2nica<\/title>\n<meta name=\"description\" content=\"O sabonete violeta \u00e9 ideal para o cuidado da pele. A violeta \u00e9 relaxante e proporciona brilho, frescura, elasticidade e prote\u00e7\u00e3o \u00e0 pele.\" \/>\n<meta name=\"robots\" content=\"index, follow, max-snippet:-1, max-image-preview:large, max-video-preview:-1\" \/>\n<link rel=\"canonical\" href=\"https:\/\/sinchi.hostienda.net\/pt-pt\/producto\/violeta\/\" \/>\n<meta property=\"og:locale\" content=\"pt_PT\" \/>\n<meta property=\"og:type\" content=\"article\" \/>\n<meta property=\"og:title\" content=\"Sabonete Violeta: Loja Xam\u00e2nica\" \/>\n<meta property=\"og:description\" content=\"O sabonete violeta \u00e9 ideal para o cuidado da pele. A violeta \u00e9 relaxante e proporciona brilho, frescura, elasticidade e prote\u00e7\u00e3o \u00e0 pele.\" \/>\n<meta property=\"og:url\" content=\"https:\/\/sinchi.hostienda.net\/pt-pt\/producto\/violeta\/\" \/>\n<meta property=\"og:site_name\" content=\"SINCHI RAP\u00c9\" \/>\n<meta property=\"og:image\" content=\"https:\/\/sinchi.hostienda.net\/wp-content\/uploads\/2024\/04\/3-Violeta.jpeg\" \/>\n\t<meta property=\"og:image:width\" content=\"750\" \/>\n\t<meta property=\"og:image:height\" content=\"750\" \/>\n\t<meta property=\"og:image:type\" content=\"image\/jpeg\" \/>\n<meta name=\"twitter:card\" content=\"summary_large_image\" \/>\n<script type=\"application\/ld+json\" class=\"yoast-schema-graph\">{\"@context\":\"https:\/\/schema.org\",\"@graph\":[{\"@type\":\"WebPage\",\"@id\":\"https:\/\/sinchi.hostienda.net\/pt-pt\/producto\/violeta\/\",\"url\":\"https:\/\/sinchi.hostienda.net\/pt-pt\/producto\/violeta\/\",\"name\":\"Sabonete Violeta: Loja Xam\u00e2nica\",\"isPartOf\":{\"@id\":\"https:\/\/sinchi.hostienda.net\/pt-pt\/#website\"},\"primaryImageOfPage\":{\"@id\":\"https:\/\/sinchi.hostienda.net\/pt-pt\/producto\/violeta\/#primaryimage\"},\"image\":{\"@id\":\"https:\/\/sinchi.hostienda.net\/pt-pt\/producto\/violeta\/#primaryimage\"},\"thumbnailUrl\":\"https:\/\/sinchi.hostienda.net\/wp-content\/uploads\/2024\/04\/3-Violeta.jpeg\",\"datePublished\":\"2024-04-22T11:54:16+00:00\",\"description\":\"O sabonete violeta \u00e9 ideal para o cuidado da pele. A violeta \u00e9 relaxante e proporciona brilho, frescura, elasticidade e prote\u00e7\u00e3o \u00e0 pele.\",\"breadcrumb\":{\"@id\":\"https:\/\/sinchi.hostienda.net\/pt-pt\/producto\/violeta\/#breadcrumb\"},\"inLanguage\":\"pt-PT\",\"potentialAction\":[{\"@type\":\"ReadAction\",\"target\":[\"https:\/\/sinchi.hostienda.net\/pt-pt\/producto\/violeta\/\"]}]},{\"@type\":\"ImageObject\",\"inLanguage\":\"pt-PT\",\"@id\":\"https:\/\/sinchi.hostienda.net\/pt-pt\/producto\/violeta\/#primaryimage\",\"url\":\"https:\/\/sinchi.hostienda.net\/wp-content\/uploads\/2024\/04\/3-Violeta.jpeg\",\"contentUrl\":\"https:\/\/sinchi.hostienda.net\/wp-content\/uploads\/2024\/04\/3-Violeta.jpeg\",\"width\":750,\"height\":750},{\"@type\":\"BreadcrumbList\",\"@id\":\"https:\/\/sinchi.hostienda.net\/pt-pt\/producto\/violeta\/#breadcrumb\",\"itemListElement\":[{\"@type\":\"ListItem\",\"position\":1,\"name\":\"Portada\",\"item\":\"https:\/\/sinchi.hostienda.net\/pt-pt\/\"},{\"@type\":\"ListItem\",\"position\":2,\"name\":\"Produtos\",\"item\":\"https:\/\/sinchi.hostienda.net\/pt-pt\/shop\/\"},{\"@type\":\"ListItem\",\"position\":3,\"name\":\"violeta\"}]},{\"@type\":\"WebSite\",\"@id\":\"https:\/\/sinchi.hostienda.net\/pt-pt\/#website\",\"url\":\"https:\/\/sinchi.hostienda.net\/pt-pt\/\",\"name\":\"SINCHI RAP\u00c9\",\"description\":\"Sinchi Medicine\",\"potentialAction\":[{\"@type\":\"SearchAction\",\"target\":{\"@type\":\"EntryPoint\",\"urlTemplate\":\"https:\/\/sinchi.hostienda.net\/pt-pt\/?s={search_term_string}\"},\"query-input\":{\"@type\":\"PropertyValueSpecification\",\"valueRequired\":true,\"valueName\":\"search_term_string\"}}],\"inLanguage\":\"pt-PT\"}]}<\/script>\n<!-- \/ Yoast SEO plugin. -->","yoast_head_json":{"title":"Sabonete Violeta: Loja Xam\u00e2nica","description":"O sabonete violeta \u00e9 ideal para o cuidado da pele. A violeta \u00e9 relaxante e proporciona brilho, frescura, elasticidade e prote\u00e7\u00e3o \u00e0 pele.","robots":{"index":"index","follow":"follow","max-snippet":"max-snippet:-1","max-image-preview":"max-image-preview:large","max-video-preview":"max-video-preview:-1"},"canonical":"https:\/\/sinchi.hostienda.net\/pt-pt\/producto\/violeta\/","og_locale":"pt_PT","og_type":"article","og_title":"Sabonete Violeta: Loja Xam\u00e2nica","og_description":"O sabonete violeta \u00e9 ideal para o cuidado da pele. A violeta \u00e9 relaxante e proporciona brilho, frescura, elasticidade e prote\u00e7\u00e3o \u00e0 pele.","og_url":"https:\/\/sinchi.hostienda.net\/pt-pt\/producto\/violeta\/","og_site_name":"SINCHI RAP\u00c9","og_image":[{"width":750,"height":750,"url":"https:\/\/sinchi.hostienda.net\/wp-content\/uploads\/2024\/04\/3-Violeta.jpeg","type":"image\/jpeg"}],"twitter_card":"summary_large_image","schema":{"@context":"https:\/\/schema.org","@graph":[{"@type":"WebPage","@id":"https:\/\/sinchi.hostienda.net\/pt-pt\/producto\/violeta\/","url":"https:\/\/sinchi.hostienda.net\/pt-pt\/producto\/violeta\/","name":"Sabonete Violeta: Loja Xam\u00e2nica","isPartOf":{"@id":"https:\/\/sinchi.hostienda.net\/pt-pt\/#website"},"primaryImageOfPage":{"@id":"https:\/\/sinchi.hostienda.net\/pt-pt\/producto\/violeta\/#primaryimage"},"image":{"@id":"https:\/\/sinchi.hostienda.net\/pt-pt\/producto\/violeta\/#primaryimage"},"thumbnailUrl":"https:\/\/sinchi.hostienda.net\/wp-content\/uploads\/2024\/04\/3-Violeta.jpeg","datePublished":"2024-04-22T11:54:16+00:00","description":"O sabonete violeta \u00e9 ideal para o cuidado da pele. A violeta \u00e9 relaxante e proporciona brilho, frescura, elasticidade e prote\u00e7\u00e3o \u00e0 pele.","breadcrumb":{"@id":"https:\/\/sinchi.hostienda.net\/pt-pt\/producto\/violeta\/#breadcrumb"},"inLanguage":"pt-PT","potentialAction":[{"@type":"ReadAction","target":["https:\/\/sinchi.hostienda.net\/pt-pt\/producto\/violeta\/"]}]},{"@type":"ImageObject","inLanguage":"pt-PT","@id":"https:\/\/sinchi.hostienda.net\/pt-pt\/producto\/violeta\/#primaryimage","url":"https:\/\/sinchi.hostienda.net\/wp-content\/uploads\/2024\/04\/3-Violeta.jpeg","contentUrl":"https:\/\/sinchi.hostienda.net\/wp-content\/uploads\/2024\/04\/3-Violeta.jpeg","width":750,"height":750},{"@type":"BreadcrumbList","@id":"https:\/\/sinchi.hostienda.net\/pt-pt\/producto\/violeta\/#breadcrumb","itemListElement":[{"@type":"ListItem","position":1,"name":"Portada","item":"https:\/\/sinchi.hostienda.net\/pt-pt\/"},{"@type":"ListItem","position":2,"name":"Produtos","item":"https:\/\/sinchi.hostienda.net\/pt-pt\/shop\/"},{"@type":"ListItem","position":3,"name":"violeta"}]},{"@type":"WebSite","@id":"https:\/\/sinchi.hostienda.net\/pt-pt\/#website","url":"https:\/\/sinchi.hostienda.net\/pt-pt\/","name":"SINCHI RAP\u00c9","description":"Sinchi Medicine","potentialAction":[{"@type":"SearchAction","target":{"@type":"EntryPoint","urlTemplate":"https:\/\/sinchi.hostienda.net\/pt-pt\/?s={search_term_string}"},"query-input":{"@type":"PropertyValueSpecification","valueRequired":true,"valueName":"search_term_string"}}],"inLanguage":"pt-PT"}]}},"_links":{"self":[{"href":"https:\/\/sinchi.hostienda.net\/pt-pt\/wp-json\/wp\/v2\/product\/25629","targetHints":{"allow":["GET"]}}],"collection":[{"href":"https:\/\/sinchi.hostienda.net\/pt-pt\/wp-json\/wp\/v2\/product"}],"about":[{"href":"https:\/\/sinchi.hostienda.net\/pt-pt\/wp-json\/wp\/v2\/types\/product"}],"wp:featuredmedia":[{"embeddable":true,"href":"https:\/\/sinchi.hostienda.net\/pt-pt\/wp-json\/wp\/v2\/media\/25630"}],"wp:attachment":[{"href":"https:\/\/sinchi.hostienda.net\/pt-pt\/wp-json\/wp\/v2\/media?parent=25629"}],"wp:term":[{"taxonomy":"product_brand","embeddable":true,"href":"https:\/\/sinchi.hostienda.net\/pt-pt\/wp-json\/wp\/v2\/product_brand?post=25629"},{"taxonomy":"product_cat","embeddable":true,"href":"https:\/\/sinchi.hostienda.net\/pt-pt\/wp-json\/wp\/v2\/product_cat?post=25629"},{"taxonomy":"product_tag","embeddable":true,"href":"https:\/\/sinchi.hostienda.net\/pt-pt\/wp-json\/wp\/v2\/product_tag?post=25629"}],"curies":[{"name":"wp","href":"https:\/\/api.w.org\/{rel}","templated":true}]}}