{"id":22861,"date":"2024-07-20T10:28:24","date_gmt":"2024-07-20T10:28:24","guid":{"rendered":"https:\/\/www.sinchisinchi.com\/producto\/50gr-jurema\/"},"modified":"2024-11-16T23:32:32","modified_gmt":"2024-11-16T23:32:32","slug":"50gr-jurema","status":"publish","type":"product","link":"https:\/\/sinchi.hostienda.net\/pt-pt\/producto\/50gr-jurema\/","title":{"rendered":"50gr Jurema"},"content":{"rendered":"<a href=\"https:\/\/www.sinchisinchi.com\/es\/producto\/rape-jurema\/\" target=\"_blank\" class=\"button secondary is-larger expand\" rel=\"noopener\"  >\n\t\t<span>DESCRI\u00c7\u00c3O<\/span>\n\t<\/a>\n\n","protected":false},"excerpt":{"rendered":"<p><span style=\"color: #000000;\">O Rap\u00e9 Jurema cont\u00e9m uma mistura de <strong>Mapacho de Sabia e Mapacho de Arapirca, cinzas de Tsunu e Jurema Preta.<\/strong><\/span><\/p>\n<p><span style=\"color: #000000;\">Tamanho: 50 gramas.<\/span><\/p>\n<p><span style=\"color: #000000;\">Veja o link para a descri\u00e7\u00e3o abaixo.<\/span><\/p>\n","protected":false},"featured_media":22225,"template":"","meta":{"_joinchat":[]},"product_brand":[],"product_cat":[655,627,626],"product_tag":[],"class_list":{"0":"post-22861","1":"product","2":"type-product","3":"status-publish","4":"has-post-thumbnail","6":"product_cat-50gr-boa-pt-pt","7":"product_cat-50gr-rape-portugal","8":"product_cat-rape-portugal","10":"first","11":"instock","12":"taxable","13":"shipping-taxable","14":"purchasable","15":"product-type-simple"},"yoast_head":"<!-- This site is optimized with the Yoast SEO plugin v26.2 - https:\/\/yoast.com\/wordpress\/plugins\/seo\/ -->\n<title>50gr Jurema - SINCHI RAP\u00c9<\/title>\n<meta name=\"robots\" content=\"index, follow, max-snippet:-1, max-image-preview:large, max-video-preview:-1\" \/>\n<link rel=\"canonical\" href=\"https:\/\/sinchi.hostienda.net\/pt-pt\/producto\/50gr-jurema\/\" \/>\n<meta property=\"og:locale\" content=\"pt_PT\" \/>\n<meta property=\"og:type\" content=\"article\" \/>\n<meta property=\"og:title\" content=\"50gr Jurema - SINCHI RAP\u00c9\" \/>\n<meta property=\"og:description\" content=\"O Rap\u00e9 Jurema cont\u00e9m uma mistura de Mapacho de Sabia e Mapacho de Arapirca, cinzas de Tsunu e Jurema Preta.  Tamanho: 50 gramas.  Veja o link para a descri\u00e7\u00e3o abaixo.\" \/>\n<meta property=\"og:url\" content=\"https:\/\/sinchi.hostienda.net\/pt-pt\/producto\/50gr-jurema\/\" \/>\n<meta property=\"og:site_name\" content=\"SINCHI RAP\u00c9\" \/>\n<meta property=\"article:modified_time\" content=\"2024-11-16T23:32:32+00:00\" \/>\n<meta property=\"og:image\" content=\"https:\/\/sinchi.hostienda.net\/wp-content\/uploads\/2024\/04\/3IR0146.jpg\" \/>\n\t<meta property=\"og:image:width\" content=\"700\" \/>\n\t<meta property=\"og:image:height\" content=\"700\" \/>\n\t<meta property=\"og:image:type\" content=\"image\/jpeg\" \/>\n<meta name=\"twitter:card\" content=\"summary_large_image\" \/>\n<script type=\"application\/ld+json\" class=\"yoast-schema-graph\">{\"@context\":\"https:\/\/schema.org\",\"@graph\":[{\"@type\":\"WebPage\",\"@id\":\"https:\/\/sinchi.hostienda.net\/pt-pt\/producto\/50gr-jurema\/\",\"url\":\"https:\/\/sinchi.hostienda.net\/pt-pt\/producto\/50gr-jurema\/\",\"name\":\"50gr Jurema - SINCHI RAP\u00c9\",\"isPartOf\":{\"@id\":\"https:\/\/sinchi.hostienda.net\/pt-pt\/#website\"},\"primaryImageOfPage\":{\"@id\":\"https:\/\/sinchi.hostienda.net\/pt-pt\/producto\/50gr-jurema\/#primaryimage\"},\"image\":{\"@id\":\"https:\/\/sinchi.hostienda.net\/pt-pt\/producto\/50gr-jurema\/#primaryimage\"},\"thumbnailUrl\":\"https:\/\/sinchi.hostienda.net\/wp-content\/uploads\/2024\/04\/3IR0146.jpg\",\"datePublished\":\"2024-07-20T10:28:24+00:00\",\"dateModified\":\"2024-11-16T23:32:32+00:00\",\"breadcrumb\":{\"@id\":\"https:\/\/sinchi.hostienda.net\/pt-pt\/producto\/50gr-jurema\/#breadcrumb\"},\"inLanguage\":\"pt-PT\",\"potentialAction\":[{\"@type\":\"ReadAction\",\"target\":[\"https:\/\/sinchi.hostienda.net\/pt-pt\/producto\/50gr-jurema\/\"]}]},{\"@type\":\"ImageObject\",\"inLanguage\":\"pt-PT\",\"@id\":\"https:\/\/sinchi.hostienda.net\/pt-pt\/producto\/50gr-jurema\/#primaryimage\",\"url\":\"https:\/\/sinchi.hostienda.net\/wp-content\/uploads\/2024\/04\/3IR0146.jpg\",\"contentUrl\":\"https:\/\/sinchi.hostienda.net\/wp-content\/uploads\/2024\/04\/3IR0146.jpg\",\"width\":700,\"height\":700},{\"@type\":\"BreadcrumbList\",\"@id\":\"https:\/\/sinchi.hostienda.net\/pt-pt\/producto\/50gr-jurema\/#breadcrumb\",\"itemListElement\":[{\"@type\":\"ListItem\",\"position\":1,\"name\":\"Portada\",\"item\":\"https:\/\/sinchi.hostienda.net\/pt-pt\/\"},{\"@type\":\"ListItem\",\"position\":2,\"name\":\"Produtos\",\"item\":\"https:\/\/sinchi.hostienda.net\/pt-pt\/shop\/\"},{\"@type\":\"ListItem\",\"position\":3,\"name\":\"50gr Jurema\"}]},{\"@type\":\"WebSite\",\"@id\":\"https:\/\/sinchi.hostienda.net\/pt-pt\/#website\",\"url\":\"https:\/\/sinchi.hostienda.net\/pt-pt\/\",\"name\":\"SINCHI RAP\u00c9\",\"description\":\"Sinchi Medicine\",\"potentialAction\":[{\"@type\":\"SearchAction\",\"target\":{\"@type\":\"EntryPoint\",\"urlTemplate\":\"https:\/\/sinchi.hostienda.net\/pt-pt\/?s={search_term_string}\"},\"query-input\":{\"@type\":\"PropertyValueSpecification\",\"valueRequired\":true,\"valueName\":\"search_term_string\"}}],\"inLanguage\":\"pt-PT\"}]}<\/script>\n<!-- \/ Yoast SEO plugin. -->","yoast_head_json":{"title":"50gr Jurema - SINCHI RAP\u00c9","robots":{"index":"index","follow":"follow","max-snippet":"max-snippet:-1","max-image-preview":"max-image-preview:large","max-video-preview":"max-video-preview:-1"},"canonical":"https:\/\/sinchi.hostienda.net\/pt-pt\/producto\/50gr-jurema\/","og_locale":"pt_PT","og_type":"article","og_title":"50gr Jurema - SINCHI RAP\u00c9","og_description":"O Rap\u00e9 Jurema cont\u00e9m uma mistura de Mapacho de Sabia e Mapacho de Arapirca, cinzas de Tsunu e Jurema Preta.  Tamanho: 50 gramas.  Veja o link para a descri\u00e7\u00e3o abaixo.","og_url":"https:\/\/sinchi.hostienda.net\/pt-pt\/producto\/50gr-jurema\/","og_site_name":"SINCHI RAP\u00c9","article_modified_time":"2024-11-16T23:32:32+00:00","og_image":[{"width":700,"height":700,"url":"https:\/\/sinchi.hostienda.net\/wp-content\/uploads\/2024\/04\/3IR0146.jpg","type":"image\/jpeg"}],"twitter_card":"summary_large_image","schema":{"@context":"https:\/\/schema.org","@graph":[{"@type":"WebPage","@id":"https:\/\/sinchi.hostienda.net\/pt-pt\/producto\/50gr-jurema\/","url":"https:\/\/sinchi.hostienda.net\/pt-pt\/producto\/50gr-jurema\/","name":"50gr Jurema - SINCHI RAP\u00c9","isPartOf":{"@id":"https:\/\/sinchi.hostienda.net\/pt-pt\/#website"},"primaryImageOfPage":{"@id":"https:\/\/sinchi.hostienda.net\/pt-pt\/producto\/50gr-jurema\/#primaryimage"},"image":{"@id":"https:\/\/sinchi.hostienda.net\/pt-pt\/producto\/50gr-jurema\/#primaryimage"},"thumbnailUrl":"https:\/\/sinchi.hostienda.net\/wp-content\/uploads\/2024\/04\/3IR0146.jpg","datePublished":"2024-07-20T10:28:24+00:00","dateModified":"2024-11-16T23:32:32+00:00","breadcrumb":{"@id":"https:\/\/sinchi.hostienda.net\/pt-pt\/producto\/50gr-jurema\/#breadcrumb"},"inLanguage":"pt-PT","potentialAction":[{"@type":"ReadAction","target":["https:\/\/sinchi.hostienda.net\/pt-pt\/producto\/50gr-jurema\/"]}]},{"@type":"ImageObject","inLanguage":"pt-PT","@id":"https:\/\/sinchi.hostienda.net\/pt-pt\/producto\/50gr-jurema\/#primaryimage","url":"https:\/\/sinchi.hostienda.net\/wp-content\/uploads\/2024\/04\/3IR0146.jpg","contentUrl":"https:\/\/sinchi.hostienda.net\/wp-content\/uploads\/2024\/04\/3IR0146.jpg","width":700,"height":700},{"@type":"BreadcrumbList","@id":"https:\/\/sinchi.hostienda.net\/pt-pt\/producto\/50gr-jurema\/#breadcrumb","itemListElement":[{"@type":"ListItem","position":1,"name":"Portada","item":"https:\/\/sinchi.hostienda.net\/pt-pt\/"},{"@type":"ListItem","position":2,"name":"Produtos","item":"https:\/\/sinchi.hostienda.net\/pt-pt\/shop\/"},{"@type":"ListItem","position":3,"name":"50gr Jurema"}]},{"@type":"WebSite","@id":"https:\/\/sinchi.hostienda.net\/pt-pt\/#website","url":"https:\/\/sinchi.hostienda.net\/pt-pt\/","name":"SINCHI RAP\u00c9","description":"Sinchi Medicine","potentialAction":[{"@type":"SearchAction","target":{"@type":"EntryPoint","urlTemplate":"https:\/\/sinchi.hostienda.net\/pt-pt\/?s={search_term_string}"},"query-input":{"@type":"PropertyValueSpecification","valueRequired":true,"valueName":"search_term_string"}}],"inLanguage":"pt-PT"}]}},"_links":{"self":[{"href":"https:\/\/sinchi.hostienda.net\/pt-pt\/wp-json\/wp\/v2\/product\/22861","targetHints":{"allow":["GET"]}}],"collection":[{"href":"https:\/\/sinchi.hostienda.net\/pt-pt\/wp-json\/wp\/v2\/product"}],"about":[{"href":"https:\/\/sinchi.hostienda.net\/pt-pt\/wp-json\/wp\/v2\/types\/product"}],"wp:featuredmedia":[{"embeddable":true,"href":"https:\/\/sinchi.hostienda.net\/pt-pt\/wp-json\/wp\/v2\/media\/22225"}],"wp:attachment":[{"href":"https:\/\/sinchi.hostienda.net\/pt-pt\/wp-json\/wp\/v2\/media?parent=22861"}],"wp:term":[{"taxonomy":"product_brand","embeddable":true,"href":"https:\/\/sinchi.hostienda.net\/pt-pt\/wp-json\/wp\/v2\/product_brand?post=22861"},{"taxonomy":"product_cat","embeddable":true,"href":"https:\/\/sinchi.hostienda.net\/pt-pt\/wp-json\/wp\/v2\/product_cat?post=22861"},{"taxonomy":"product_tag","embeddable":true,"href":"https:\/\/sinchi.hostienda.net\/pt-pt\/wp-json\/wp\/v2\/product_tag?post=22861"}],"curies":[{"name":"wp","href":"https:\/\/api.w.org\/{rel}","templated":true}]}}