{"id":23251,"date":"2024-12-26T18:15:14","date_gmt":"2024-12-26T18:15:14","guid":{"rendered":"https:\/\/www.sinchisinchi.com\/tribos-amazonicas\/kuntanawa-2\/"},"modified":"2025-04-26T23:27:58","modified_gmt":"2025-04-26T23:27:58","slug":"kuntanawa-2","status":"publish","type":"page","link":"https:\/\/sinchi.hostienda.net\/pt-pt\/conhecimento\/tribos-amazonicas\/kuntanawa-2\/","title":{"rendered":"Kuntanawa"},"content":{"rendered":"\n\n  <div class=\"banner has-hover is-full-height\" id=\"banner-1932482294\">\n          <div class=\"banner-inner fill\">\n        <div class=\"banner-bg fill\" >\n            <img loading=\"lazy\" decoding=\"async\" width=\"576\" height=\"1024\" src=\"https:\/\/sinchi.hostienda.net\/wp-content\/uploads\/2024\/12\/6-Jaguar9-576x1024.jpeg\" class=\"bg attachment-large size-large\" alt=\"\" \/>                        <div class=\"overlay\"><\/div>            \n                    <\/div>\n\t\t\n        <div class=\"banner-layers container\">\n            <div class=\"fill banner-link\"><\/div>            \n\n   <div id=\"text-box-1125062500\" class=\"text-box banner-layer x10 md-x10 lg-x10 y50 md-y50 lg-y50 res-text\">\n                                <div class=\"text-box-content text box-shadow-3\">\n              \n              <div class=\"text-inner text-left\">\n                  \n\n<h2 style=\"text-align: center;\">Kuntanawa<\/h2>\n<a href=\"https:\/\/www.sinchisinchi.com\/pt-pt\/tribos-amazonicas\/kuntanawa-2\/kuntanawa\/\" target=\"_blank\" class=\"button primary is-underline is-larger expand\" rel=\"noopener\"  >\n\t\t<span>Tribo<\/span>\n\t<\/a>\n\n\n<a href=\"https:\/\/www.sinchisinchi.com\/pt-pt\/tribos-amazonicas\/kuntanawa-2\/historia-de-kuntanawa\/\" target=\"_blank\" class=\"button primary is-underline is-larger expand\" rel=\"noopener\"  >\n\t\t<span>Hist\u00f3ria<\/span>\n\t<\/a>\n\n\n<a href=\"https:\/\/www.sinchisinchi.com\/pt-pt\/tribos-amazonicas\/kuntanawa-2\/territorio-kuntanawa\/\" target=\"_blank\" class=\"button primary is-underline is-larger expand\" rel=\"noopener\"  >\n\t\t<span>Territ\u00f3rio<\/span>\n\t<\/a>\n\n\n<a href=\"https:\/\/www.sinchisinchi.com\/pt-pt\/tribos-amazonicas\/kuntanawa-2\/musica\/\" target=\"_blank\" class=\"button primary is-underline is-larger expand\" rel=\"noopener\"  >\n\t\t<span>M\u00daSICA<\/span>\n\t<\/a>\n\n\n\n              <\/div>\n           <\/div>\n                            \n<style>\n#text-box-1125062500 .text-box-content {\n  background-color: rgb(255, 255, 255);\n  font-size: 100%;\n}\n#text-box-1125062500 .text-inner {\n  padding: 30px 30px 30px 30px;\n}\n#text-box-1125062500 {\n  width: 60%;\n}\n@media (min-width:550px) {\n  #text-box-1125062500 {\n    width: 40%;\n  }\n}\n<\/style>\n    <\/div>\n \n\n        <\/div>\n      <\/div>\n\n            \n<style>\n#banner-1932482294 {\n  padding-top: 100%;\n  background-color: rgb(255, 255, 255);\n}\n#banner-1932482294 .overlay {\n  background-color: rgba(190, 190, 190, 0.2);\n}\n<\/style>\n  <\/div>\n\n\n\t<div id=\"gap-1020056689\" class=\"gap-element clearfix\" style=\"display:block; height:auto;\">\n\t\t\n<style>\n#gap-1020056689 {\n  padding-top: 50px;\n}\n<\/style>\n\t<\/div>\n\t\n\n\t\n  \n    <div class=\"row large-columns-4 medium-columns-3 small-columns-2 row-small\" >\n  \n\t     <div class=\"col\" >\n\t\t\t\t\t\t<div class=\"col-inner\">\n\t\t\t\t\t\t\n<div class=\"badge-container absolute left top z-1\">\n\n<\/div>\n\t\t\t\t\t\t<div class=\"product-small box has-hover box-normal box-text-bottom\">\n\t\t\t\t\t\t\t<div class=\"box-image\" style=\"width:88%;\">\n\t\t\t\t\t\t\t\t<div class=\"\" >\n\t\t\t\t\t\t\t\t\t<a href=\"https:\/\/sinchi.hostienda.net\/pt-pt\/producto\/kuntanawa-caapi\/\" aria-label=\"Kuntanawa Caapi\">\n\t\t\t\t\t\t\t\t\t\t<img loading=\"lazy\" decoding=\"async\" width=\"247\" height=\"247\" src=\"https:\/\/sinchi.hostienda.net\/wp-content\/uploads\/2023\/11\/18-Ayarape-247x247.jpg\" class=\"attachment-woocommerce_thumbnail size-woocommerce_thumbnail\" alt=\"Kuntanawa Caapi\" srcset=\"https:\/\/sinchi.hostienda.net\/wp-content\/uploads\/2023\/11\/18-Ayarape-247x247.jpg 247w, https:\/\/sinchi.hostienda.net\/wp-content\/uploads\/2023\/11\/18-Ayarape-100x100.jpg 100w, https:\/\/sinchi.hostienda.net\/wp-content\/uploads\/2023\/11\/18-Ayarape-510x510.jpg 510w, https:\/\/sinchi.hostienda.net\/wp-content\/uploads\/2023\/11\/18-Ayarape-600x600.jpg 600w, https:\/\/sinchi.hostienda.net\/wp-content\/uploads\/2023\/11\/18-Ayarape-150x150.jpg 150w, https:\/\/sinchi.hostienda.net\/wp-content\/uploads\/2023\/11\/18-Ayarape-480x480.jpg 480w, https:\/\/sinchi.hostienda.net\/wp-content\/uploads\/2023\/11\/18-Ayarape.jpg 700w\" sizes=\"auto, (max-width: 247px) 100vw, 247px\" \/>\t\t\t\t\t\t\t\t\t<\/a>\n\t\t\t\t\t\t\t\t\t\t\t\t\t\t\t\t\t\t \t\t\t\t\t\t\t\t<\/div>\n\t\t\t\t\t\t\t\t<div class=\"image-tools top right show-on-hover\">\n\t\t\t\t\t\t\t\t\t\t\t\t\t\t\t\t\t<\/div>\n\t\t\t\t\t\t\t\t\t\t\t\t\t\t\t\t\t<div class=\"image-tools grid-tools text-center hide-for-small bottom hover-slide-in show-on-hover\">\n\t\t\t\t\t\t\t\t\t\t<a href=\"\/pt-pt\/wp-json\/wp\/v2\/pages\/23251?add-to-cart=23533\" aria-describedby=\"woocommerce_loop_add_to_cart_link_describedby_23533\" data-quantity=\"1\" class=\"add-to-cart-grid no-padding is-transparent product_type_simple add_to_cart_button ajax_add_to_cart\" data-product_id=\"23533\" data-product_sku=\"\" aria-label=\"Adiciona ao carrinho: &ldquo;Kuntanawa Caapi&rdquo;\" rel=\"nofollow\" data-success_message=\"&ldquo;Kuntanawa Caapi&rdquo; foi adicionado ao seu carrinho\" role=\"button\"><div class=\"cart-icon tooltip is-small\" title=\"Adicionar\"><strong>+<\/strong><\/div><\/a>\t<span id=\"woocommerce_loop_add_to_cart_link_describedby_23533\" class=\"screen-reader-text\">\n\t\t\t<\/span>\n\t\t\t\t\t\t\t\t\t<\/div>\n\t\t\t\t\t\t\t\t\t\t\t\t\t\t\t\t\t\t\t\t\t\t\t<\/div>\n\n\t\t\t\t\t\t\t<div class=\"box-text text-center\" >\n\t\t\t\t\t\t\t\t<div class=\"title-wrapper\">\t\t<p class=\"category uppercase is-smaller no-text-overflow product-cat op-7\">\n\t\t\tKuntanawa\t\t<\/p>\n\t<p class=\"name product-title woocommerce-loop-product__title\"><a href=\"https:\/\/sinchi.hostienda.net\/pt-pt\/producto\/kuntanawa-caapi\/\" class=\"woocommerce-LoopProduct-link woocommerce-loop-product__link\">Kuntanawa Caapi<\/a><\/p><\/div><div class=\"price-wrapper\">\n\t<span class=\"price\"><span class=\"woocommerce-Price-amount amount\"><bdi>28,00<span class=\"woocommerce-Price-currencySymbol\">&euro;<\/span><\/bdi><\/span><\/span>\n<\/div>\t\t\t\t\t\t\t<\/div>\n\t\t\t\t\t\t<\/div>\n\t\t\t\t\t\t<\/div>\n\t\t\t\t\t<\/div><div class=\"col\" >\n\t\t\t\t\t\t<div class=\"col-inner\">\n\t\t\t\t\t\t\n<div class=\"badge-container absolute left top z-1\">\n\n<\/div>\n\t\t\t\t\t\t<div class=\"product-small box has-hover box-normal box-text-bottom\">\n\t\t\t\t\t\t\t<div class=\"box-image\" style=\"width:88%;\">\n\t\t\t\t\t\t\t\t<div class=\"\" >\n\t\t\t\t\t\t\t\t\t<a href=\"https:\/\/sinchi.hostienda.net\/pt-pt\/producto\/sanixi\/\" aria-label=\"Sanixi\">\n\t\t\t\t\t\t\t\t\t\t<img loading=\"lazy\" decoding=\"async\" width=\"247\" height=\"247\" src=\"https:\/\/sinchi.hostienda.net\/wp-content\/uploads\/2023\/10\/17-Sanixi-247x247.jpg\" class=\"attachment-woocommerce_thumbnail size-woocommerce_thumbnail\" alt=\"Sanixi\" srcset=\"https:\/\/sinchi.hostienda.net\/wp-content\/uploads\/2023\/10\/17-Sanixi-247x247.jpg 247w, https:\/\/sinchi.hostienda.net\/wp-content\/uploads\/2023\/10\/17-Sanixi-100x100.jpg 100w, https:\/\/sinchi.hostienda.net\/wp-content\/uploads\/2023\/10\/17-Sanixi-510x510.jpg 510w, https:\/\/sinchi.hostienda.net\/wp-content\/uploads\/2023\/10\/17-Sanixi-600x600.jpg 600w, https:\/\/sinchi.hostienda.net\/wp-content\/uploads\/2023\/10\/17-Sanixi-150x150.jpg 150w, https:\/\/sinchi.hostienda.net\/wp-content\/uploads\/2023\/10\/17-Sanixi-480x480.jpg 480w, https:\/\/sinchi.hostienda.net\/wp-content\/uploads\/2023\/10\/17-Sanixi.jpg 700w\" sizes=\"auto, (max-width: 247px) 100vw, 247px\" \/>\t\t\t\t\t\t\t\t\t<\/a>\n\t\t\t\t\t\t\t\t\t\t\t\t\t\t\t\t\t\t \t\t\t\t\t\t\t\t<\/div>\n\t\t\t\t\t\t\t\t<div class=\"image-tools top right show-on-hover\">\n\t\t\t\t\t\t\t\t\t\t\t\t\t\t\t\t\t<\/div>\n\t\t\t\t\t\t\t\t\t\t\t\t\t\t\t\t\t<div class=\"image-tools grid-tools text-center hide-for-small bottom hover-slide-in show-on-hover\">\n\t\t\t\t\t\t\t\t\t\t<a href=\"\/pt-pt\/wp-json\/wp\/v2\/pages\/23251?add-to-cart=23746\" aria-describedby=\"woocommerce_loop_add_to_cart_link_describedby_23746\" data-quantity=\"1\" class=\"add-to-cart-grid no-padding is-transparent product_type_simple add_to_cart_button ajax_add_to_cart\" data-product_id=\"23746\" data-product_sku=\"\" aria-label=\"Adiciona ao carrinho: &ldquo;Sanixi&rdquo;\" rel=\"nofollow\" data-success_message=\"&ldquo;Sanixi&rdquo; foi adicionado ao seu carrinho\" role=\"button\"><div class=\"cart-icon tooltip is-small\" title=\"Adicionar\"><strong>+<\/strong><\/div><\/a>\t<span id=\"woocommerce_loop_add_to_cart_link_describedby_23746\" class=\"screen-reader-text\">\n\t\t\t<\/span>\n\t\t\t\t\t\t\t\t\t<\/div>\n\t\t\t\t\t\t\t\t\t\t\t\t\t\t\t\t\t\t\t\t\t\t\t<\/div>\n\n\t\t\t\t\t\t\t<div class=\"box-text text-center\" >\n\t\t\t\t\t\t\t\t<div class=\"title-wrapper\">\t\t<p class=\"category uppercase is-smaller no-text-overflow product-cat op-7\">\n\t\t\tKuntanawa\t\t<\/p>\n\t<p class=\"name product-title woocommerce-loop-product__title\"><a href=\"https:\/\/sinchi.hostienda.net\/pt-pt\/producto\/sanixi\/\" class=\"woocommerce-LoopProduct-link woocommerce-loop-product__link\">Sanixi<\/a><\/p><\/div><div class=\"price-wrapper\">\n\t<span class=\"price\"><span class=\"woocommerce-Price-amount amount\"><bdi>26,00<span class=\"woocommerce-Price-currencySymbol\">&euro;<\/span><\/bdi><\/span><\/span>\n<\/div>\t\t\t\t\t\t\t<\/div>\n\t\t\t\t\t\t<\/div>\n\t\t\t\t\t\t<\/div>\n\t\t\t\t\t<\/div><div class=\"col\" >\n\t\t\t\t\t\t<div class=\"col-inner\">\n\t\t\t\t\t\t\n<div class=\"badge-container absolute left top z-1\">\n\n<\/div>\n\t\t\t\t\t\t<div class=\"product-small box has-hover box-normal box-text-bottom\">\n\t\t\t\t\t\t\t<div class=\"box-image\" style=\"width:88%;\">\n\t\t\t\t\t\t\t\t<div class=\"\" >\n\t\t\t\t\t\t\t\t\t<a href=\"https:\/\/sinchi.hostienda.net\/pt-pt\/producto\/veia-de-paje\/\" aria-label=\"Veia de Paj\u00e9\">\n\t\t\t\t\t\t\t\t\t\t<img loading=\"lazy\" decoding=\"async\" width=\"247\" height=\"247\" src=\"https:\/\/sinchi.hostienda.net\/wp-content\/uploads\/2020\/02\/19-Veia-de-paje-247x247.jpg\" class=\"attachment-woocommerce_thumbnail size-woocommerce_thumbnail\" alt=\"Veia de Paj\u00e9\" srcset=\"https:\/\/sinchi.hostienda.net\/wp-content\/uploads\/2020\/02\/19-Veia-de-paje-247x247.jpg 247w, https:\/\/sinchi.hostienda.net\/wp-content\/uploads\/2020\/02\/19-Veia-de-paje-100x100.jpg 100w, https:\/\/sinchi.hostienda.net\/wp-content\/uploads\/2020\/02\/19-Veia-de-paje-510x510.jpg 510w, https:\/\/sinchi.hostienda.net\/wp-content\/uploads\/2020\/02\/19-Veia-de-paje-600x600.jpg 600w, https:\/\/sinchi.hostienda.net\/wp-content\/uploads\/2020\/02\/19-Veia-de-paje-150x150.jpg 150w, https:\/\/sinchi.hostienda.net\/wp-content\/uploads\/2020\/02\/19-Veia-de-paje-480x480.jpg 480w, https:\/\/sinchi.hostienda.net\/wp-content\/uploads\/2020\/02\/19-Veia-de-paje.jpg 700w\" sizes=\"auto, (max-width: 247px) 100vw, 247px\" \/>\t\t\t\t\t\t\t\t\t<\/a>\n\t\t\t\t\t\t\t\t\t\t\t\t\t\t\t\t\t\t \t\t\t\t\t\t\t\t<\/div>\n\t\t\t\t\t\t\t\t<div class=\"image-tools top right show-on-hover\">\n\t\t\t\t\t\t\t\t\t\t\t\t\t\t\t\t\t<\/div>\n\t\t\t\t\t\t\t\t\t\t\t\t\t\t\t\t\t<div class=\"image-tools grid-tools text-center hide-for-small bottom hover-slide-in show-on-hover\">\n\t\t\t\t\t\t\t\t\t\t<a href=\"\/pt-pt\/wp-json\/wp\/v2\/pages\/23251?add-to-cart=21893\" aria-describedby=\"woocommerce_loop_add_to_cart_link_describedby_21893\" data-quantity=\"1\" class=\"add-to-cart-grid no-padding is-transparent product_type_simple add_to_cart_button ajax_add_to_cart\" data-product_id=\"21893\" data-product_sku=\"\" aria-label=\"Adiciona ao carrinho: &ldquo;Veia de Paj\u00e9&rdquo;\" rel=\"nofollow\" data-success_message=\"&ldquo;Veia de Paj\u00e9&rdquo; foi adicionado ao seu carrinho\" role=\"button\"><div class=\"cart-icon tooltip is-small\" title=\"Adicionar\"><strong>+<\/strong><\/div><\/a>\t<span id=\"woocommerce_loop_add_to_cart_link_describedby_21893\" class=\"screen-reader-text\">\n\t\t\t<\/span>\n\t\t\t\t\t\t\t\t\t<\/div>\n\t\t\t\t\t\t\t\t\t\t\t\t\t\t\t\t\t\t\t\t\t\t\t<\/div>\n\n\t\t\t\t\t\t\t<div class=\"box-text text-center\" >\n\t\t\t\t\t\t\t\t<div class=\"title-wrapper\">\t\t<p class=\"category uppercase is-smaller no-text-overflow product-cat op-7\">\n\t\t\tKuntanawa\t\t<\/p>\n\t<p class=\"name product-title woocommerce-loop-product__title\"><a href=\"https:\/\/sinchi.hostienda.net\/pt-pt\/producto\/veia-de-paje\/\" class=\"woocommerce-LoopProduct-link woocommerce-loop-product__link\">Veia de Paj\u00e9<\/a><\/p><\/div><div class=\"price-wrapper\">\n\t<span class=\"price\"><span class=\"woocommerce-Price-amount amount\"><bdi>29,00<span class=\"woocommerce-Price-currencySymbol\">&euro;<\/span><\/bdi><\/span><\/span>\n<\/div>\t\t\t\t\t\t\t<\/div>\n\t\t\t\t\t\t<\/div>\n\t\t\t\t\t\t<\/div>\n\t\t\t\t\t<\/div><div class=\"col\" >\n\t\t\t\t\t\t<div class=\"col-inner\">\n\t\t\t\t\t\t\n<div class=\"badge-container absolute left top z-1\">\n\n<\/div>\n\t\t\t\t\t\t<div class=\"product-small box has-hover box-normal box-text-bottom\">\n\t\t\t\t\t\t\t<div class=\"box-image\" style=\"width:88%;\">\n\t\t\t\t\t\t\t\t<div class=\"\" >\n\t\t\t\t\t\t\t\t\t<a href=\"https:\/\/sinchi.hostienda.net\/pt-pt\/producto\/rape-menta\/\" aria-label=\"Rap\u00e9 Menta\">\n\t\t\t\t\t\t\t\t\t\t<img loading=\"lazy\" decoding=\"async\" width=\"247\" height=\"247\" src=\"https:\/\/sinchi.hostienda.net\/wp-content\/uploads\/2018\/10\/20-Menta-247x247.jpg\" class=\"attachment-woocommerce_thumbnail size-woocommerce_thumbnail\" alt=\"Rap\u00e9 Menta\" srcset=\"https:\/\/sinchi.hostienda.net\/wp-content\/uploads\/2018\/10\/20-Menta-247x247.jpg 247w, https:\/\/sinchi.hostienda.net\/wp-content\/uploads\/2018\/10\/20-Menta-100x100.jpg 100w, https:\/\/sinchi.hostienda.net\/wp-content\/uploads\/2018\/10\/20-Menta-510x510.jpg 510w, https:\/\/sinchi.hostienda.net\/wp-content\/uploads\/2018\/10\/20-Menta-600x600.jpg 600w, https:\/\/sinchi.hostienda.net\/wp-content\/uploads\/2018\/10\/20-Menta-150x150.jpg 150w, https:\/\/sinchi.hostienda.net\/wp-content\/uploads\/2018\/10\/20-Menta-480x480.jpg 480w, https:\/\/sinchi.hostienda.net\/wp-content\/uploads\/2018\/10\/20-Menta.jpg 700w\" sizes=\"auto, (max-width: 247px) 100vw, 247px\" \/>\t\t\t\t\t\t\t\t\t<\/a>\n\t\t\t\t\t\t\t\t\t\t\t\t\t\t\t\t\t\t \t\t\t\t\t\t\t\t<\/div>\n\t\t\t\t\t\t\t\t<div class=\"image-tools top right show-on-hover\">\n\t\t\t\t\t\t\t\t\t\t\t\t\t\t\t\t\t<\/div>\n\t\t\t\t\t\t\t\t\t\t\t\t\t\t\t\t\t<div class=\"image-tools grid-tools text-center hide-for-small bottom hover-slide-in show-on-hover\">\n\t\t\t\t\t\t\t\t\t\t<a href=\"\/pt-pt\/wp-json\/wp\/v2\/pages\/23251?add-to-cart=23551\" aria-describedby=\"woocommerce_loop_add_to_cart_link_describedby_23551\" data-quantity=\"1\" class=\"add-to-cart-grid no-padding is-transparent product_type_simple add_to_cart_button ajax_add_to_cart\" data-product_id=\"23551\" data-product_sku=\"\" aria-label=\"Adiciona ao carrinho: &ldquo;Rap\u00e9 Menta&rdquo;\" rel=\"nofollow\" data-success_message=\"&ldquo;Rap\u00e9 Menta&rdquo; foi adicionado ao seu carrinho\" role=\"button\"><div class=\"cart-icon tooltip is-small\" title=\"Adicionar\"><strong>+<\/strong><\/div><\/a>\t<span id=\"woocommerce_loop_add_to_cart_link_describedby_23551\" class=\"screen-reader-text\">\n\t\t\t<\/span>\n\t\t\t\t\t\t\t\t\t<\/div>\n\t\t\t\t\t\t\t\t\t\t\t\t\t\t\t\t\t\t\t\t\t\t\t<\/div>\n\n\t\t\t\t\t\t\t<div class=\"box-text text-center\" >\n\t\t\t\t\t\t\t\t<div class=\"title-wrapper\">\t\t<p class=\"category uppercase is-smaller no-text-overflow product-cat op-7\">\n\t\t\tKuntanawa\t\t<\/p>\n\t<p class=\"name product-title woocommerce-loop-product__title\"><a href=\"https:\/\/sinchi.hostienda.net\/pt-pt\/producto\/rape-menta\/\" class=\"woocommerce-LoopProduct-link woocommerce-loop-product__link\">Rap\u00e9 Menta<\/a><\/p><\/div><div class=\"price-wrapper\">\n\t<span class=\"price\"><span class=\"woocommerce-Price-amount amount\"><bdi>25,00<span class=\"woocommerce-Price-currencySymbol\">&euro;<\/span><\/bdi><\/span><\/span>\n<\/div>\t\t\t\t\t\t\t<\/div>\n\t\t\t\t\t\t<\/div>\n\t\t\t\t\t\t<\/div>\n\t\t\t\t\t<\/div><\/div>\n\n\n","protected":false},"excerpt":{"rendered":"","protected":false},"author":1,"featured_media":0,"parent":22623,"menu_order":0,"comment_status":"closed","ping_status":"closed","template":"","meta":{"_joinchat":[],"footnotes":""},"class_list":["post-23251","page","type-page","status-publish","hentry"],"yoast_head":"<!-- This site is optimized with the Yoast SEO plugin v26.2 - https:\/\/yoast.com\/wordpress\/plugins\/seo\/ -->\n<title>Rap\u00e9 amaz\u00f3nico da tribo Kuntanawa<\/title>\n<meta name=\"description\" content=\"Rap\u00e9 da tribo Kuntanawa: A sua luta atual baseia-se na retoma do modo de vida dos seus antepassados \u200b\u200be na manuten\u00e7\u00e3o da Reserva.\" \/>\n<meta name=\"robots\" content=\"index, follow, max-snippet:-1, max-image-preview:large, max-video-preview:-1\" \/>\n<link rel=\"canonical\" href=\"https:\/\/sinchi.hostienda.net\/pt-pt\/conhecimento\/tribos-amazonicas\/kuntanawa-2\/\" \/>\n<meta property=\"og:locale\" content=\"pt_PT\" \/>\n<meta property=\"og:type\" content=\"article\" \/>\n<meta property=\"og:title\" content=\"Rap\u00e9 amaz\u00f3nico da tribo Kuntanawa\" \/>\n<meta property=\"og:description\" content=\"Rap\u00e9 da tribo Kuntanawa: A sua luta atual baseia-se na retoma do modo de vida dos seus antepassados \u200b\u200be na manuten\u00e7\u00e3o da Reserva.\" \/>\n<meta property=\"og:url\" content=\"https:\/\/sinchi.hostienda.net\/pt-pt\/conhecimento\/tribos-amazonicas\/kuntanawa-2\/\" \/>\n<meta property=\"og:site_name\" content=\"SINCHI RAP\u00c9\" \/>\n<meta property=\"article:modified_time\" content=\"2025-04-26T23:27:58+00:00\" \/>\n<meta name=\"twitter:card\" content=\"summary_large_image\" \/>\n<meta name=\"twitter:label1\" content=\"Tempo estimado de leitura\" \/>\n\t<meta name=\"twitter:data1\" content=\"1 minuto\" \/>\n<script type=\"application\/ld+json\" class=\"yoast-schema-graph\">{\"@context\":\"https:\/\/schema.org\",\"@graph\":[{\"@type\":\"WebPage\",\"@id\":\"https:\/\/sinchi.hostienda.net\/pt-pt\/conhecimento\/tribos-amazonicas\/kuntanawa-2\/\",\"url\":\"https:\/\/sinchi.hostienda.net\/pt-pt\/conhecimento\/tribos-amazonicas\/kuntanawa-2\/\",\"name\":\"Rap\u00e9 amaz\u00f3nico da tribo Kuntanawa\",\"isPartOf\":{\"@id\":\"https:\/\/sinchi.hostienda.net\/pt-pt\/#website\"},\"datePublished\":\"2024-12-26T18:15:14+00:00\",\"dateModified\":\"2025-04-26T23:27:58+00:00\",\"description\":\"Rap\u00e9 da tribo Kuntanawa: A sua luta atual baseia-se na retoma do modo de vida dos seus antepassados \u200b\u200be na manuten\u00e7\u00e3o da Reserva.\",\"breadcrumb\":{\"@id\":\"https:\/\/sinchi.hostienda.net\/pt-pt\/conhecimento\/tribos-amazonicas\/kuntanawa-2\/#breadcrumb\"},\"inLanguage\":\"pt-PT\",\"potentialAction\":[{\"@type\":\"ReadAction\",\"target\":[\"https:\/\/sinchi.hostienda.net\/pt-pt\/conhecimento\/tribos-amazonicas\/kuntanawa-2\/\"]}]},{\"@type\":\"BreadcrumbList\",\"@id\":\"https:\/\/sinchi.hostienda.net\/pt-pt\/conhecimento\/tribos-amazonicas\/kuntanawa-2\/#breadcrumb\",\"itemListElement\":[{\"@type\":\"ListItem\",\"position\":1,\"name\":\"Portada\",\"item\":\"https:\/\/sinchi.hostienda.net\/pt-pt\/\"},{\"@type\":\"ListItem\",\"position\":2,\"name\":\"Conhecimento\",\"item\":\"https:\/\/sinchi.hostienda.net\/pt-pt\/knowledge\/\"},{\"@type\":\"ListItem\",\"position\":3,\"name\":\"Tribos Amaz\u00f3nicas\",\"item\":\"https:\/\/sinchi.hostienda.net\/pt-pt\/knowledge\/amazonian-tribes\/\"},{\"@type\":\"ListItem\",\"position\":4,\"name\":\"Kuntanawa\"}]},{\"@type\":\"WebSite\",\"@id\":\"https:\/\/sinchi.hostienda.net\/pt-pt\/#website\",\"url\":\"https:\/\/sinchi.hostienda.net\/pt-pt\/\",\"name\":\"SINCHI RAP\u00c9\",\"description\":\"Sinchi Medicine\",\"potentialAction\":[{\"@type\":\"SearchAction\",\"target\":{\"@type\":\"EntryPoint\",\"urlTemplate\":\"https:\/\/sinchi.hostienda.net\/pt-pt\/?s={search_term_string}\"},\"query-input\":{\"@type\":\"PropertyValueSpecification\",\"valueRequired\":true,\"valueName\":\"search_term_string\"}}],\"inLanguage\":\"pt-PT\"}]}<\/script>\n<!-- \/ Yoast SEO plugin. -->","yoast_head_json":{"title":"Rap\u00e9 amaz\u00f3nico da tribo Kuntanawa","description":"Rap\u00e9 da tribo Kuntanawa: A sua luta atual baseia-se na retoma do modo de vida dos seus antepassados \u200b\u200be na manuten\u00e7\u00e3o da Reserva.","robots":{"index":"index","follow":"follow","max-snippet":"max-snippet:-1","max-image-preview":"max-image-preview:large","max-video-preview":"max-video-preview:-1"},"canonical":"https:\/\/sinchi.hostienda.net\/pt-pt\/conhecimento\/tribos-amazonicas\/kuntanawa-2\/","og_locale":"pt_PT","og_type":"article","og_title":"Rap\u00e9 amaz\u00f3nico da tribo Kuntanawa","og_description":"Rap\u00e9 da tribo Kuntanawa: A sua luta atual baseia-se na retoma do modo de vida dos seus antepassados \u200b\u200be na manuten\u00e7\u00e3o da Reserva.","og_url":"https:\/\/sinchi.hostienda.net\/pt-pt\/conhecimento\/tribos-amazonicas\/kuntanawa-2\/","og_site_name":"SINCHI RAP\u00c9","article_modified_time":"2025-04-26T23:27:58+00:00","twitter_card":"summary_large_image","twitter_misc":{"Tempo estimado de leitura":"1 minuto"},"schema":{"@context":"https:\/\/schema.org","@graph":[{"@type":"WebPage","@id":"https:\/\/sinchi.hostienda.net\/pt-pt\/conhecimento\/tribos-amazonicas\/kuntanawa-2\/","url":"https:\/\/sinchi.hostienda.net\/pt-pt\/conhecimento\/tribos-amazonicas\/kuntanawa-2\/","name":"Rap\u00e9 amaz\u00f3nico da tribo Kuntanawa","isPartOf":{"@id":"https:\/\/sinchi.hostienda.net\/pt-pt\/#website"},"datePublished":"2024-12-26T18:15:14+00:00","dateModified":"2025-04-26T23:27:58+00:00","description":"Rap\u00e9 da tribo Kuntanawa: A sua luta atual baseia-se na retoma do modo de vida dos seus antepassados \u200b\u200be na manuten\u00e7\u00e3o da Reserva.","breadcrumb":{"@id":"https:\/\/sinchi.hostienda.net\/pt-pt\/conhecimento\/tribos-amazonicas\/kuntanawa-2\/#breadcrumb"},"inLanguage":"pt-PT","potentialAction":[{"@type":"ReadAction","target":["https:\/\/sinchi.hostienda.net\/pt-pt\/conhecimento\/tribos-amazonicas\/kuntanawa-2\/"]}]},{"@type":"BreadcrumbList","@id":"https:\/\/sinchi.hostienda.net\/pt-pt\/conhecimento\/tribos-amazonicas\/kuntanawa-2\/#breadcrumb","itemListElement":[{"@type":"ListItem","position":1,"name":"Portada","item":"https:\/\/sinchi.hostienda.net\/pt-pt\/"},{"@type":"ListItem","position":2,"name":"Conhecimento","item":"https:\/\/sinchi.hostienda.net\/pt-pt\/knowledge\/"},{"@type":"ListItem","position":3,"name":"Tribos Amaz\u00f3nicas","item":"https:\/\/sinchi.hostienda.net\/pt-pt\/knowledge\/amazonian-tribes\/"},{"@type":"ListItem","position":4,"name":"Kuntanawa"}]},{"@type":"WebSite","@id":"https:\/\/sinchi.hostienda.net\/pt-pt\/#website","url":"https:\/\/sinchi.hostienda.net\/pt-pt\/","name":"SINCHI RAP\u00c9","description":"Sinchi Medicine","potentialAction":[{"@type":"SearchAction","target":{"@type":"EntryPoint","urlTemplate":"https:\/\/sinchi.hostienda.net\/pt-pt\/?s={search_term_string}"},"query-input":{"@type":"PropertyValueSpecification","valueRequired":true,"valueName":"search_term_string"}}],"inLanguage":"pt-PT"}]}},"_links":{"self":[{"href":"https:\/\/sinchi.hostienda.net\/pt-pt\/wp-json\/wp\/v2\/pages\/23251","targetHints":{"allow":["GET"]}}],"collection":[{"href":"https:\/\/sinchi.hostienda.net\/pt-pt\/wp-json\/wp\/v2\/pages"}],"about":[{"href":"https:\/\/sinchi.hostienda.net\/pt-pt\/wp-json\/wp\/v2\/types\/page"}],"author":[{"embeddable":true,"href":"https:\/\/sinchi.hostienda.net\/pt-pt\/wp-json\/wp\/v2\/users\/1"}],"replies":[{"embeddable":true,"href":"https:\/\/sinchi.hostienda.net\/pt-pt\/wp-json\/wp\/v2\/comments?post=23251"}],"version-history":[{"count":12,"href":"https:\/\/sinchi.hostienda.net\/pt-pt\/wp-json\/wp\/v2\/pages\/23251\/revisions"}],"predecessor-version":[{"id":27118,"href":"https:\/\/sinchi.hostienda.net\/pt-pt\/wp-json\/wp\/v2\/pages\/23251\/revisions\/27118"}],"up":[{"embeddable":true,"href":"https:\/\/sinchi.hostienda.net\/pt-pt\/wp-json\/wp\/v2\/pages\/22623"}],"wp:attachment":[{"href":"https:\/\/sinchi.hostienda.net\/pt-pt\/wp-json\/wp\/v2\/media?parent=23251"}],"curies":[{"name":"wp","href":"https:\/\/api.w.org\/{rel}","templated":true}]}}