{"id":8146,"date":"2023-02-25T21:12:05","date_gmt":"2023-02-25T21:12:05","guid":{"rendered":"https:\/\/www.sinchisinchi.com\/producto\/aplikator-tepi\/"},"modified":"2024-04-19T08:04:08","modified_gmt":"2024-04-19T08:04:08","slug":"aplikator-tepi","status":"publish","type":"product","link":"https:\/\/sinchi.hostienda.net\/pl\/producto\/aplikator-tepi\/","title":{"rendered":"Niebieski Tepi"},"content":{"rendered":"<h2 style=\"text-align: center;\"><strong>Ile Rap\u00e9 spo\u017cywa\u0107<\/strong> wed\u0142ug plemion?<\/h2>\n<p>Aby studiowa\u0107 lek Rap\u00e9, mo\u017cna j\u0105 przyjmowa\u0107 do trzech lub czterech razy dziennie, zawsze \u015bwiadomie stosuj\u0105c, s\u0142uchaj\u0105c naszego cia\u0142a i oceniaj\u0105c wed\u0142ug dozna\u0144. Zawsze dobrze jest zrobi\u0107 kilkudniow\u0105 przerw\u0119, aby sta\u0142a si\u0119 naszym narz\u0119dziem, a nie nawykiem, od kt\u00f3rego jeste\u015bmy zale\u017cni.<\/p>\n","protected":false},"excerpt":{"rendered":"<p>Tepi emaliowane i ozdobione niebiesk\u0105 nici\u0105, z drobnymi wyko\u0144czeniami i idealnymi wymiarami dla wygodnego i harmonijnego u\u017cytkowania.<\/p>\n<p>Tepi to d\u0142ugi projektor, u\u017cywany do projekcji Rap\u00e9 na inn\u0105 osob\u0119.<\/p>\n<p>Rzucanie Rap\u00e9 na inn\u0105 osob\u0119 wi\u0105\u017ce si\u0119 z pewn\u0105 odpowiedzialno\u015bci\u0105, poniewa\u017c zgodnie z tradycjami zachodzi silna wymiana energii, zw\u0142aszcza mi\u0119dzy osob\u0105, kt\u00f3ra j\u0105 aplikuje, a osob\u0105, kt\u00f3ra j\u0105 otrzymuje. Wa\u017cne jest, aby upewni\u0107 si\u0119, \u017ce bierzemy rap\u00e9 tylko od kogo\u015b, komu w pe\u0142ni ufamy i wiemy, \u017ce ma wobec nas dobre intencje.<\/p>\n","protected":false},"featured_media":28919,"template":"","meta":{"_joinchat":[]},"product_brand":[],"product_cat":[192],"product_tag":[],"class_list":{"0":"post-8146","1":"product","2":"type-product","3":"status-publish","4":"has-post-thumbnail","6":"product_cat-tepis-pl","8":"first","9":"instock","10":"taxable","11":"shipping-taxable","12":"purchasable","13":"product-type-simple"},"yoast_head":"<!-- This site is optimized with the Yoast SEO plugin v26.2 - https:\/\/yoast.com\/wordpress\/plugins\/seo\/ -->\n<title>Tepi Azul: Kup brazylijski aplikator do rap\u00e9<\/title>\n<meta name=\"description\" content=\"Tepi do nak\u0142adania tabaki, emaliowane i ozdobione niebiesk\u0105 nici\u0105, z drobnymi wyko\u0144czeniami i idealnymi wymiarami dla wygodnego i harmonijnego u\u017cytkowania.\" \/>\n<meta name=\"robots\" content=\"index, follow, max-snippet:-1, max-image-preview:large, max-video-preview:-1\" \/>\n<link rel=\"canonical\" href=\"https:\/\/sinchi.hostienda.net\/pl\/producto\/aplikator-tepi\/\" \/>\n<meta property=\"og:locale\" content=\"pl_PL\" \/>\n<meta property=\"og:type\" content=\"article\" \/>\n<meta property=\"og:title\" content=\"Tepi Azul: Kup brazylijski aplikator do rap\u00e9\" \/>\n<meta property=\"og:description\" content=\"Tepi do nak\u0142adania tabaki, emaliowane i ozdobione niebiesk\u0105 nici\u0105, z drobnymi wyko\u0144czeniami i idealnymi wymiarami dla wygodnego i harmonijnego u\u017cytkowania.\" \/>\n<meta property=\"og:url\" content=\"https:\/\/sinchi.hostienda.net\/pl\/producto\/aplikator-tepi\/\" \/>\n<meta property=\"og:site_name\" content=\"SINCHI RAP\u00c9\" \/>\n<meta property=\"article:modified_time\" content=\"2024-04-19T08:04:08+00:00\" \/>\n<meta property=\"og:image\" content=\"https:\/\/sinchi.hostienda.net\/wp-content\/uploads\/2023\/02\/2-Tepi-Waru.jpg\" \/>\n\t<meta property=\"og:image:width\" content=\"900\" \/>\n\t<meta property=\"og:image:height\" content=\"600\" \/>\n\t<meta property=\"og:image:type\" content=\"image\/jpeg\" \/>\n<meta name=\"twitter:card\" content=\"summary_large_image\" \/>\n<script type=\"application\/ld+json\" class=\"yoast-schema-graph\">{\"@context\":\"https:\/\/schema.org\",\"@graph\":[{\"@type\":\"WebPage\",\"@id\":\"https:\/\/sinchi.hostienda.net\/pl\/producto\/aplikator-tepi\/\",\"url\":\"https:\/\/sinchi.hostienda.net\/pl\/producto\/aplikator-tepi\/\",\"name\":\"Tepi Azul: Kup brazylijski aplikator do rap\u00e9\",\"isPartOf\":{\"@id\":\"https:\/\/sinchi.hostienda.net\/pl\/#website\"},\"primaryImageOfPage\":{\"@id\":\"https:\/\/sinchi.hostienda.net\/pl\/producto\/aplikator-tepi\/#primaryimage\"},\"image\":{\"@id\":\"https:\/\/sinchi.hostienda.net\/pl\/producto\/aplikator-tepi\/#primaryimage\"},\"thumbnailUrl\":\"https:\/\/sinchi.hostienda.net\/wp-content\/uploads\/2023\/02\/2-Tepi-Waru.jpg\",\"datePublished\":\"2023-02-25T21:12:05+00:00\",\"dateModified\":\"2024-04-19T08:04:08+00:00\",\"description\":\"Tepi do nak\u0142adania tabaki, emaliowane i ozdobione niebiesk\u0105 nici\u0105, z drobnymi wyko\u0144czeniami i idealnymi wymiarami dla wygodnego i harmonijnego u\u017cytkowania.\",\"breadcrumb\":{\"@id\":\"https:\/\/sinchi.hostienda.net\/pl\/producto\/aplikator-tepi\/#breadcrumb\"},\"inLanguage\":\"pl-PL\",\"potentialAction\":[{\"@type\":\"ReadAction\",\"target\":[\"https:\/\/sinchi.hostienda.net\/pl\/producto\/aplikator-tepi\/\"]}]},{\"@type\":\"ImageObject\",\"inLanguage\":\"pl-PL\",\"@id\":\"https:\/\/sinchi.hostienda.net\/pl\/producto\/aplikator-tepi\/#primaryimage\",\"url\":\"https:\/\/sinchi.hostienda.net\/wp-content\/uploads\/2023\/02\/2-Tepi-Waru.jpg\",\"contentUrl\":\"https:\/\/sinchi.hostienda.net\/wp-content\/uploads\/2023\/02\/2-Tepi-Waru.jpg\",\"width\":900,\"height\":600},{\"@type\":\"BreadcrumbList\",\"@id\":\"https:\/\/sinchi.hostienda.net\/pl\/producto\/aplikator-tepi\/#breadcrumb\",\"itemListElement\":[{\"@type\":\"ListItem\",\"position\":1,\"name\":\"Pierwsza strona\",\"item\":\"https:\/\/sinchi.hostienda.net\/pl\/\"},{\"@type\":\"ListItem\",\"position\":2,\"name\":\"Produkty\",\"item\":\"https:\/\/sinchi.hostienda.net\/pl\/shop\/\"},{\"@type\":\"ListItem\",\"position\":3,\"name\":\"Niebieski Tepi\"}]},{\"@type\":\"WebSite\",\"@id\":\"https:\/\/sinchi.hostienda.net\/pl\/#website\",\"url\":\"https:\/\/sinchi.hostienda.net\/pl\/\",\"name\":\"SINCHI RAP\u00c9\",\"description\":\"Sinchi Medicine\",\"potentialAction\":[{\"@type\":\"SearchAction\",\"target\":{\"@type\":\"EntryPoint\",\"urlTemplate\":\"https:\/\/sinchi.hostienda.net\/pl\/?s={search_term_string}\"},\"query-input\":{\"@type\":\"PropertyValueSpecification\",\"valueRequired\":true,\"valueName\":\"search_term_string\"}}],\"inLanguage\":\"pl-PL\"}]}<\/script>\n<!-- \/ Yoast SEO plugin. -->","yoast_head_json":{"title":"Tepi Azul: Kup brazylijski aplikator do rap\u00e9","description":"Tepi do nak\u0142adania tabaki, emaliowane i ozdobione niebiesk\u0105 nici\u0105, z drobnymi wyko\u0144czeniami i idealnymi wymiarami dla wygodnego i harmonijnego u\u017cytkowania.","robots":{"index":"index","follow":"follow","max-snippet":"max-snippet:-1","max-image-preview":"max-image-preview:large","max-video-preview":"max-video-preview:-1"},"canonical":"https:\/\/sinchi.hostienda.net\/pl\/producto\/aplikator-tepi\/","og_locale":"pl_PL","og_type":"article","og_title":"Tepi Azul: Kup brazylijski aplikator do rap\u00e9","og_description":"Tepi do nak\u0142adania tabaki, emaliowane i ozdobione niebiesk\u0105 nici\u0105, z drobnymi wyko\u0144czeniami i idealnymi wymiarami dla wygodnego i harmonijnego u\u017cytkowania.","og_url":"https:\/\/sinchi.hostienda.net\/pl\/producto\/aplikator-tepi\/","og_site_name":"SINCHI RAP\u00c9","article_modified_time":"2024-04-19T08:04:08+00:00","og_image":[{"width":900,"height":600,"url":"https:\/\/sinchi.hostienda.net\/wp-content\/uploads\/2023\/02\/2-Tepi-Waru.jpg","type":"image\/jpeg"}],"twitter_card":"summary_large_image","schema":{"@context":"https:\/\/schema.org","@graph":[{"@type":"WebPage","@id":"https:\/\/sinchi.hostienda.net\/pl\/producto\/aplikator-tepi\/","url":"https:\/\/sinchi.hostienda.net\/pl\/producto\/aplikator-tepi\/","name":"Tepi Azul: Kup brazylijski aplikator do rap\u00e9","isPartOf":{"@id":"https:\/\/sinchi.hostienda.net\/pl\/#website"},"primaryImageOfPage":{"@id":"https:\/\/sinchi.hostienda.net\/pl\/producto\/aplikator-tepi\/#primaryimage"},"image":{"@id":"https:\/\/sinchi.hostienda.net\/pl\/producto\/aplikator-tepi\/#primaryimage"},"thumbnailUrl":"https:\/\/sinchi.hostienda.net\/wp-content\/uploads\/2023\/02\/2-Tepi-Waru.jpg","datePublished":"2023-02-25T21:12:05+00:00","dateModified":"2024-04-19T08:04:08+00:00","description":"Tepi do nak\u0142adania tabaki, emaliowane i ozdobione niebiesk\u0105 nici\u0105, z drobnymi wyko\u0144czeniami i idealnymi wymiarami dla wygodnego i harmonijnego u\u017cytkowania.","breadcrumb":{"@id":"https:\/\/sinchi.hostienda.net\/pl\/producto\/aplikator-tepi\/#breadcrumb"},"inLanguage":"pl-PL","potentialAction":[{"@type":"ReadAction","target":["https:\/\/sinchi.hostienda.net\/pl\/producto\/aplikator-tepi\/"]}]},{"@type":"ImageObject","inLanguage":"pl-PL","@id":"https:\/\/sinchi.hostienda.net\/pl\/producto\/aplikator-tepi\/#primaryimage","url":"https:\/\/sinchi.hostienda.net\/wp-content\/uploads\/2023\/02\/2-Tepi-Waru.jpg","contentUrl":"https:\/\/sinchi.hostienda.net\/wp-content\/uploads\/2023\/02\/2-Tepi-Waru.jpg","width":900,"height":600},{"@type":"BreadcrumbList","@id":"https:\/\/sinchi.hostienda.net\/pl\/producto\/aplikator-tepi\/#breadcrumb","itemListElement":[{"@type":"ListItem","position":1,"name":"Pierwsza strona","item":"https:\/\/sinchi.hostienda.net\/pl\/"},{"@type":"ListItem","position":2,"name":"Produkty","item":"https:\/\/sinchi.hostienda.net\/pl\/shop\/"},{"@type":"ListItem","position":3,"name":"Niebieski Tepi"}]},{"@type":"WebSite","@id":"https:\/\/sinchi.hostienda.net\/pl\/#website","url":"https:\/\/sinchi.hostienda.net\/pl\/","name":"SINCHI RAP\u00c9","description":"Sinchi Medicine","potentialAction":[{"@type":"SearchAction","target":{"@type":"EntryPoint","urlTemplate":"https:\/\/sinchi.hostienda.net\/pl\/?s={search_term_string}"},"query-input":{"@type":"PropertyValueSpecification","valueRequired":true,"valueName":"search_term_string"}}],"inLanguage":"pl-PL"}]}},"_links":{"self":[{"href":"https:\/\/sinchi.hostienda.net\/pl\/wp-json\/wp\/v2\/product\/8146","targetHints":{"allow":["GET"]}}],"collection":[{"href":"https:\/\/sinchi.hostienda.net\/pl\/wp-json\/wp\/v2\/product"}],"about":[{"href":"https:\/\/sinchi.hostienda.net\/pl\/wp-json\/wp\/v2\/types\/product"}],"wp:featuredmedia":[{"embeddable":true,"href":"https:\/\/sinchi.hostienda.net\/pl\/wp-json\/wp\/v2\/media\/28919"}],"wp:attachment":[{"href":"https:\/\/sinchi.hostienda.net\/pl\/wp-json\/wp\/v2\/media?parent=8146"}],"wp:term":[{"taxonomy":"product_brand","embeddable":true,"href":"https:\/\/sinchi.hostienda.net\/pl\/wp-json\/wp\/v2\/product_brand?post=8146"},{"taxonomy":"product_cat","embeddable":true,"href":"https:\/\/sinchi.hostienda.net\/pl\/wp-json\/wp\/v2\/product_cat?post=8146"},{"taxonomy":"product_tag","embeddable":true,"href":"https:\/\/sinchi.hostienda.net\/pl\/wp-json\/wp\/v2\/product_tag?post=8146"}],"curies":[{"name":"wp","href":"https:\/\/api.w.org\/{rel}","templated":true}]}}