{"id":8107,"date":"2023-02-25T21:12:05","date_gmt":"2023-02-25T21:12:05","guid":{"rendered":"https:\/\/www.sinchisinchi.com\/producto\/tepi-applicator\/"},"modified":"2024-04-19T08:00:31","modified_gmt":"2024-04-19T08:00:31","slug":"tepi-applicator","status":"publish","type":"product","link":"https:\/\/sinchi.hostienda.net\/nl\/producto\/tepi-applicator\/","title":{"rendered":"Blauwe Tepi"},"content":{"rendered":"<h2 style=\"text-align: center;\"><strong>Hoeveel rap\u00e9<\/strong> volgens de stammen?<\/h2>\n<p>Om het medicijn van rap\u00e9 te bestuderen, kan het tot drie of vier keer per dag worden ingenomen, waarbij we altijd bewust gebruik maken, naar ons lichaam luisteren en beoordelen op basis van de gewaarwordingen. Het is altijd goed om een \u200b\u200bpaar dagen pauze te nemen, zodat het een hulpmiddel tot onze dienst is, in plaats van een gewoonte waarvan we afhankelijk zijn.<\/p>\n","protected":false},"excerpt":{"rendered":"<p>Tepi ge\u00ebmailleerd en versierd met blauwe draad, met fijne afwerkingen en ideale afmetingen voor een comfortabel en harmonieus gebruik.<\/p>\n<p>De tepi is een lange projector die wordt gebruikt om rap\u00e9 op een andere persoon te projecteren.<\/p>\n<p>Het projecteren van rap\u00e9 op een andere persoon impliceert een zekere verantwoordelijkheid, aangezien er volgens de tradities een sterke energie-uitwisseling is, vooral tussen de persoon die het toepast en de persoon die het ontvangt. Het is belangrijk om ervoor te zorgen dat we alleen rap\u00e9 gebruiken van iemand die we volledig vertrouwen en waarvan we weten dat hij goede bedoelingen met ons heeft.<\/p>\n","protected":false},"featured_media":28914,"template":"","meta":{"_joinchat":[]},"product_brand":[],"product_cat":[188],"product_tag":[],"class_list":{"0":"post-8107","1":"product","2":"type-product","3":"status-publish","4":"has-post-thumbnail","6":"product_cat-tepis-nl","8":"first","9":"instock","10":"taxable","11":"shipping-taxable","12":"purchasable","13":"product-type-simple"},"yoast_head":"<!-- This site is optimized with the Yoast SEO plugin v26.2 - https:\/\/yoast.com\/wordpress\/plugins\/seo\/ -->\n<title>Blauwe Tepi: Koop Braziliaanse Rap\u00e9-applicator<\/title>\n<meta name=\"description\" content=\"Tepi om rap\u00e9 aan te brengen, ge\u00ebmailleerd en versierd met blauwe draad, met fijne afwerkingen en ideale afmetingen voor een comfortabel en harmonieus gebruik.\" \/>\n<meta name=\"robots\" content=\"index, follow, max-snippet:-1, max-image-preview:large, max-video-preview:-1\" \/>\n<link rel=\"canonical\" href=\"https:\/\/sinchi.hostienda.net\/nl\/producto\/tepi-applicator\/\" \/>\n<meta property=\"og:locale\" content=\"nl_NL\" \/>\n<meta property=\"og:type\" content=\"article\" \/>\n<meta property=\"og:title\" content=\"Blauwe Tepi: Koop Braziliaanse Rap\u00e9-applicator\" \/>\n<meta property=\"og:description\" content=\"Tepi om rap\u00e9 aan te brengen, ge\u00ebmailleerd en versierd met blauwe draad, met fijne afwerkingen en ideale afmetingen voor een comfortabel en harmonieus gebruik.\" \/>\n<meta property=\"og:url\" content=\"https:\/\/sinchi.hostienda.net\/nl\/producto\/tepi-applicator\/\" \/>\n<meta property=\"og:site_name\" content=\"SINCHI RAP\u00c9\" \/>\n<meta property=\"article:modified_time\" content=\"2024-04-19T08:00:31+00:00\" \/>\n<meta property=\"og:image\" content=\"https:\/\/sinchi.hostienda.net\/wp-content\/uploads\/2023\/02\/2-Tepi-Waru.jpg\" \/>\n\t<meta property=\"og:image:width\" content=\"900\" \/>\n\t<meta property=\"og:image:height\" content=\"600\" \/>\n\t<meta property=\"og:image:type\" content=\"image\/jpeg\" \/>\n<meta name=\"twitter:card\" content=\"summary_large_image\" \/>\n<script type=\"application\/ld+json\" class=\"yoast-schema-graph\">{\"@context\":\"https:\/\/schema.org\",\"@graph\":[{\"@type\":\"WebPage\",\"@id\":\"https:\/\/sinchi.hostienda.net\/nl\/producto\/tepi-applicator\/\",\"url\":\"https:\/\/sinchi.hostienda.net\/nl\/producto\/tepi-applicator\/\",\"name\":\"Blauwe Tepi: Koop Braziliaanse Rap\u00e9-applicator\",\"isPartOf\":{\"@id\":\"https:\/\/sinchi.hostienda.net\/nl\/#website\"},\"primaryImageOfPage\":{\"@id\":\"https:\/\/sinchi.hostienda.net\/nl\/producto\/tepi-applicator\/#primaryimage\"},\"image\":{\"@id\":\"https:\/\/sinchi.hostienda.net\/nl\/producto\/tepi-applicator\/#primaryimage\"},\"thumbnailUrl\":\"https:\/\/sinchi.hostienda.net\/wp-content\/uploads\/2023\/02\/2-Tepi-Waru.jpg\",\"datePublished\":\"2023-02-25T21:12:05+00:00\",\"dateModified\":\"2024-04-19T08:00:31+00:00\",\"description\":\"Tepi om rap\u00e9 aan te brengen, ge\u00ebmailleerd en versierd met blauwe draad, met fijne afwerkingen en ideale afmetingen voor een comfortabel en harmonieus gebruik.\",\"breadcrumb\":{\"@id\":\"https:\/\/sinchi.hostienda.net\/nl\/producto\/tepi-applicator\/#breadcrumb\"},\"inLanguage\":\"nl-NL\",\"potentialAction\":[{\"@type\":\"ReadAction\",\"target\":[\"https:\/\/sinchi.hostienda.net\/nl\/producto\/tepi-applicator\/\"]}]},{\"@type\":\"ImageObject\",\"inLanguage\":\"nl-NL\",\"@id\":\"https:\/\/sinchi.hostienda.net\/nl\/producto\/tepi-applicator\/#primaryimage\",\"url\":\"https:\/\/sinchi.hostienda.net\/wp-content\/uploads\/2023\/02\/2-Tepi-Waru.jpg\",\"contentUrl\":\"https:\/\/sinchi.hostienda.net\/wp-content\/uploads\/2023\/02\/2-Tepi-Waru.jpg\",\"width\":900,\"height\":600},{\"@type\":\"BreadcrumbList\",\"@id\":\"https:\/\/sinchi.hostienda.net\/nl\/producto\/tepi-applicator\/#breadcrumb\",\"itemListElement\":[{\"@type\":\"ListItem\",\"position\":1,\"name\":\"Voorpagina\",\"item\":\"https:\/\/sinchi.hostienda.net\/nl\/\"},{\"@type\":\"ListItem\",\"position\":2,\"name\":\"Producten\",\"item\":\"https:\/\/sinchi.hostienda.net\/nl\/shop\/\"},{\"@type\":\"ListItem\",\"position\":3,\"name\":\"Blauwe Tepi\"}]},{\"@type\":\"WebSite\",\"@id\":\"https:\/\/sinchi.hostienda.net\/nl\/#website\",\"url\":\"https:\/\/sinchi.hostienda.net\/nl\/\",\"name\":\"SINCHI RAP\u00c9\",\"description\":\"Sinchi Medicine\",\"potentialAction\":[{\"@type\":\"SearchAction\",\"target\":{\"@type\":\"EntryPoint\",\"urlTemplate\":\"https:\/\/sinchi.hostienda.net\/nl\/?s={search_term_string}\"},\"query-input\":{\"@type\":\"PropertyValueSpecification\",\"valueRequired\":true,\"valueName\":\"search_term_string\"}}],\"inLanguage\":\"nl-NL\"}]}<\/script>\n<!-- \/ Yoast SEO plugin. -->","yoast_head_json":{"title":"Blauwe Tepi: Koop Braziliaanse Rap\u00e9-applicator","description":"Tepi om rap\u00e9 aan te brengen, ge\u00ebmailleerd en versierd met blauwe draad, met fijne afwerkingen en ideale afmetingen voor een comfortabel en harmonieus gebruik.","robots":{"index":"index","follow":"follow","max-snippet":"max-snippet:-1","max-image-preview":"max-image-preview:large","max-video-preview":"max-video-preview:-1"},"canonical":"https:\/\/sinchi.hostienda.net\/nl\/producto\/tepi-applicator\/","og_locale":"nl_NL","og_type":"article","og_title":"Blauwe Tepi: Koop Braziliaanse Rap\u00e9-applicator","og_description":"Tepi om rap\u00e9 aan te brengen, ge\u00ebmailleerd en versierd met blauwe draad, met fijne afwerkingen en ideale afmetingen voor een comfortabel en harmonieus gebruik.","og_url":"https:\/\/sinchi.hostienda.net\/nl\/producto\/tepi-applicator\/","og_site_name":"SINCHI RAP\u00c9","article_modified_time":"2024-04-19T08:00:31+00:00","og_image":[{"width":900,"height":600,"url":"https:\/\/sinchi.hostienda.net\/wp-content\/uploads\/2023\/02\/2-Tepi-Waru.jpg","type":"image\/jpeg"}],"twitter_card":"summary_large_image","schema":{"@context":"https:\/\/schema.org","@graph":[{"@type":"WebPage","@id":"https:\/\/sinchi.hostienda.net\/nl\/producto\/tepi-applicator\/","url":"https:\/\/sinchi.hostienda.net\/nl\/producto\/tepi-applicator\/","name":"Blauwe Tepi: Koop Braziliaanse Rap\u00e9-applicator","isPartOf":{"@id":"https:\/\/sinchi.hostienda.net\/nl\/#website"},"primaryImageOfPage":{"@id":"https:\/\/sinchi.hostienda.net\/nl\/producto\/tepi-applicator\/#primaryimage"},"image":{"@id":"https:\/\/sinchi.hostienda.net\/nl\/producto\/tepi-applicator\/#primaryimage"},"thumbnailUrl":"https:\/\/sinchi.hostienda.net\/wp-content\/uploads\/2023\/02\/2-Tepi-Waru.jpg","datePublished":"2023-02-25T21:12:05+00:00","dateModified":"2024-04-19T08:00:31+00:00","description":"Tepi om rap\u00e9 aan te brengen, ge\u00ebmailleerd en versierd met blauwe draad, met fijne afwerkingen en ideale afmetingen voor een comfortabel en harmonieus gebruik.","breadcrumb":{"@id":"https:\/\/sinchi.hostienda.net\/nl\/producto\/tepi-applicator\/#breadcrumb"},"inLanguage":"nl-NL","potentialAction":[{"@type":"ReadAction","target":["https:\/\/sinchi.hostienda.net\/nl\/producto\/tepi-applicator\/"]}]},{"@type":"ImageObject","inLanguage":"nl-NL","@id":"https:\/\/sinchi.hostienda.net\/nl\/producto\/tepi-applicator\/#primaryimage","url":"https:\/\/sinchi.hostienda.net\/wp-content\/uploads\/2023\/02\/2-Tepi-Waru.jpg","contentUrl":"https:\/\/sinchi.hostienda.net\/wp-content\/uploads\/2023\/02\/2-Tepi-Waru.jpg","width":900,"height":600},{"@type":"BreadcrumbList","@id":"https:\/\/sinchi.hostienda.net\/nl\/producto\/tepi-applicator\/#breadcrumb","itemListElement":[{"@type":"ListItem","position":1,"name":"Voorpagina","item":"https:\/\/sinchi.hostienda.net\/nl\/"},{"@type":"ListItem","position":2,"name":"Producten","item":"https:\/\/sinchi.hostienda.net\/nl\/shop\/"},{"@type":"ListItem","position":3,"name":"Blauwe Tepi"}]},{"@type":"WebSite","@id":"https:\/\/sinchi.hostienda.net\/nl\/#website","url":"https:\/\/sinchi.hostienda.net\/nl\/","name":"SINCHI RAP\u00c9","description":"Sinchi Medicine","potentialAction":[{"@type":"SearchAction","target":{"@type":"EntryPoint","urlTemplate":"https:\/\/sinchi.hostienda.net\/nl\/?s={search_term_string}"},"query-input":{"@type":"PropertyValueSpecification","valueRequired":true,"valueName":"search_term_string"}}],"inLanguage":"nl-NL"}]}},"_links":{"self":[{"href":"https:\/\/sinchi.hostienda.net\/nl\/wp-json\/wp\/v2\/product\/8107","targetHints":{"allow":["GET"]}}],"collection":[{"href":"https:\/\/sinchi.hostienda.net\/nl\/wp-json\/wp\/v2\/product"}],"about":[{"href":"https:\/\/sinchi.hostienda.net\/nl\/wp-json\/wp\/v2\/types\/product"}],"wp:featuredmedia":[{"embeddable":true,"href":"https:\/\/sinchi.hostienda.net\/nl\/wp-json\/wp\/v2\/media\/28914"}],"wp:attachment":[{"href":"https:\/\/sinchi.hostienda.net\/nl\/wp-json\/wp\/v2\/media?parent=8107"}],"wp:term":[{"taxonomy":"product_brand","embeddable":true,"href":"https:\/\/sinchi.hostienda.net\/nl\/wp-json\/wp\/v2\/product_brand?post=8107"},{"taxonomy":"product_cat","embeddable":true,"href":"https:\/\/sinchi.hostienda.net\/nl\/wp-json\/wp\/v2\/product_cat?post=8107"},{"taxonomy":"product_tag","embeddable":true,"href":"https:\/\/sinchi.hostienda.net\/nl\/wp-json\/wp\/v2\/product_tag?post=8107"}],"curies":[{"name":"wp","href":"https:\/\/api.w.org\/{rel}","templated":true}]}}