{"id":8106,"date":"2023-02-25T21:28:28","date_gmt":"2023-02-25T21:28:28","guid":{"rendered":"https:\/\/www.sinchisinchi.com\/producto\/tepi-applicator-rape\/"},"modified":"2024-04-19T08:06:23","modified_gmt":"2024-04-19T08:06:23","slug":"tepi-applicator-rape","status":"publish","type":"product","link":"https:\/\/sinchi.hostienda.net\/nl\/producto\/tepi-applicator-rape\/","title":{"rendered":"Groene Tepi"},"content":{"rendered":"<h2 style=\"font-weight: 400; text-align: center;\"><strong>Hoe voorouderlijke Rap\u00e9<\/strong> te nemen volgens de tradities?<\/h2>\n<p>Rap\u00e9 wordt nooit ingeademd of gesnoven, maar wordt geprojecteerd door een ademhaling; Het is een medicijn tegen het windelement en het gebruik van adem is essentieel om het gewenste effect te bereiken.<\/p>\n<p>De rap\u00e9 wordt altijd in beide neusgaten aangebracht om de twee meridianen van het lichaam in evenwicht te brengen; links, geassocieerd met het vrouwelijke en intu\u00eftieve, en rechts, gekoppeld aan het mannelijke en rationele. Voor sommige tradities vertegenwoordigt de linkerkant de dood en de rechterkant het leven, dus passen ze het in die volgorde toe.<\/p>\n<p>Rap\u00e9 is een verbindingsportaal, dat ons helpt om in contact te komen met subtielere velden en de realiteit aan te trekken of te materialiseren waarop we ons afstemmen; Om deze reden is het belangrijkste om tijdens gebruik op een positieve en heldere manier te trillen.<\/p>\n","protected":false},"excerpt":{"rendered":"<p>Tepi ge\u00ebmailleerd en versierd met groene draad, met fijne afwerkingen en ideale afmetingen voor een comfortabel en harmonieus gebruik.<\/p>\n<p>De tepi is een lange projector die wordt gebruikt om rap\u00e9 op een andere persoon te projecteren.<\/p>\n<p>Het projecteren van rap\u00e9 op een andere persoon impliceert een zekere verantwoordelijkheid, aangezien er volgens de tradities een sterke energie-uitwisseling is, vooral tussen de persoon die het toepast en de persoon die het ontvangt. Het is belangrijk om ervoor te zorgen dat we alleen rap\u00e9 gebruiken van iemand die we volledig vertrouwen en waarvan we weten dat hij goede bedoelingen met ons heeft.<\/p>\n","protected":false},"featured_media":28898,"template":"","meta":{"_joinchat":[]},"product_brand":[],"product_cat":[188],"product_tag":[],"class_list":{"0":"post-8106","1":"product","2":"type-product","3":"status-publish","4":"has-post-thumbnail","6":"product_cat-tepis-nl","8":"first","9":"instock","10":"taxable","11":"shipping-taxable","12":"purchasable","13":"product-type-simple"},"yoast_head":"<!-- This site is optimized with the Yoast SEO plugin v26.2 - https:\/\/yoast.com\/wordpress\/plugins\/seo\/ -->\n<title>Groene tepi: Koop Amazonian rap\u00e9 applicator<\/title>\n<meta name=\"description\" content=\"Tepi voor rap\u00e9, ge\u00ebmailleerd en versierd met groene draad, met fijne afwerkingen en ideale afmetingen voor een comfortabel en harmonieus gebruik.\" \/>\n<meta name=\"robots\" content=\"index, follow, max-snippet:-1, max-image-preview:large, max-video-preview:-1\" \/>\n<link rel=\"canonical\" href=\"https:\/\/sinchi.hostienda.net\/nl\/producto\/tepi-applicator-rape\/\" \/>\n<meta property=\"og:locale\" content=\"nl_NL\" \/>\n<meta property=\"og:type\" content=\"article\" \/>\n<meta property=\"og:title\" content=\"Groene tepi: Koop Amazonian rap\u00e9 applicator\" \/>\n<meta property=\"og:description\" content=\"Tepi voor rap\u00e9, ge\u00ebmailleerd en versierd met groene draad, met fijne afwerkingen en ideale afmetingen voor een comfortabel en harmonieus gebruik.\" \/>\n<meta property=\"og:url\" content=\"https:\/\/sinchi.hostienda.net\/nl\/producto\/tepi-applicator-rape\/\" \/>\n<meta property=\"og:site_name\" content=\"SINCHI RAP\u00c9\" \/>\n<meta property=\"article:modified_time\" content=\"2024-04-19T08:06:23+00:00\" \/>\n<meta property=\"og:image\" content=\"https:\/\/sinchi.hostienda.net\/wp-content\/uploads\/2023\/02\/2-Tepi-Tamarindo.jpg\" \/>\n\t<meta property=\"og:image:width\" content=\"900\" \/>\n\t<meta property=\"og:image:height\" content=\"600\" \/>\n\t<meta property=\"og:image:type\" content=\"image\/jpeg\" \/>\n<meta name=\"twitter:card\" content=\"summary_large_image\" \/>\n<meta name=\"twitter:label1\" content=\"Geschatte leestijd\" \/>\n\t<meta name=\"twitter:data1\" content=\"1 minuut\" \/>\n<script type=\"application\/ld+json\" class=\"yoast-schema-graph\">{\"@context\":\"https:\/\/schema.org\",\"@graph\":[{\"@type\":\"WebPage\",\"@id\":\"https:\/\/sinchi.hostienda.net\/nl\/producto\/tepi-applicator-rape\/\",\"url\":\"https:\/\/sinchi.hostienda.net\/nl\/producto\/tepi-applicator-rape\/\",\"name\":\"Groene tepi: Koop Amazonian rap\u00e9 applicator\",\"isPartOf\":{\"@id\":\"https:\/\/sinchi.hostienda.net\/nl\/#website\"},\"primaryImageOfPage\":{\"@id\":\"https:\/\/sinchi.hostienda.net\/nl\/producto\/tepi-applicator-rape\/#primaryimage\"},\"image\":{\"@id\":\"https:\/\/sinchi.hostienda.net\/nl\/producto\/tepi-applicator-rape\/#primaryimage\"},\"thumbnailUrl\":\"https:\/\/sinchi.hostienda.net\/wp-content\/uploads\/2023\/02\/2-Tepi-Tamarindo.jpg\",\"datePublished\":\"2023-02-25T21:28:28+00:00\",\"dateModified\":\"2024-04-19T08:06:23+00:00\",\"description\":\"Tepi voor rap\u00e9, ge\u00ebmailleerd en versierd met groene draad, met fijne afwerkingen en ideale afmetingen voor een comfortabel en harmonieus gebruik.\",\"breadcrumb\":{\"@id\":\"https:\/\/sinchi.hostienda.net\/nl\/producto\/tepi-applicator-rape\/#breadcrumb\"},\"inLanguage\":\"nl-NL\",\"potentialAction\":[{\"@type\":\"ReadAction\",\"target\":[\"https:\/\/sinchi.hostienda.net\/nl\/producto\/tepi-applicator-rape\/\"]}]},{\"@type\":\"ImageObject\",\"inLanguage\":\"nl-NL\",\"@id\":\"https:\/\/sinchi.hostienda.net\/nl\/producto\/tepi-applicator-rape\/#primaryimage\",\"url\":\"https:\/\/sinchi.hostienda.net\/wp-content\/uploads\/2023\/02\/2-Tepi-Tamarindo.jpg\",\"contentUrl\":\"https:\/\/sinchi.hostienda.net\/wp-content\/uploads\/2023\/02\/2-Tepi-Tamarindo.jpg\",\"width\":900,\"height\":600},{\"@type\":\"BreadcrumbList\",\"@id\":\"https:\/\/sinchi.hostienda.net\/nl\/producto\/tepi-applicator-rape\/#breadcrumb\",\"itemListElement\":[{\"@type\":\"ListItem\",\"position\":1,\"name\":\"Voorpagina\",\"item\":\"https:\/\/sinchi.hostienda.net\/nl\/\"},{\"@type\":\"ListItem\",\"position\":2,\"name\":\"Producten\",\"item\":\"https:\/\/sinchi.hostienda.net\/nl\/shop\/\"},{\"@type\":\"ListItem\",\"position\":3,\"name\":\"Groene Tepi\"}]},{\"@type\":\"WebSite\",\"@id\":\"https:\/\/sinchi.hostienda.net\/nl\/#website\",\"url\":\"https:\/\/sinchi.hostienda.net\/nl\/\",\"name\":\"SINCHI RAP\u00c9\",\"description\":\"Sinchi Medicine\",\"potentialAction\":[{\"@type\":\"SearchAction\",\"target\":{\"@type\":\"EntryPoint\",\"urlTemplate\":\"https:\/\/sinchi.hostienda.net\/nl\/?s={search_term_string}\"},\"query-input\":{\"@type\":\"PropertyValueSpecification\",\"valueRequired\":true,\"valueName\":\"search_term_string\"}}],\"inLanguage\":\"nl-NL\"}]}<\/script>\n<!-- \/ Yoast SEO plugin. -->","yoast_head_json":{"title":"Groene tepi: Koop Amazonian rap\u00e9 applicator","description":"Tepi voor rap\u00e9, ge\u00ebmailleerd en versierd met groene draad, met fijne afwerkingen en ideale afmetingen voor een comfortabel en harmonieus gebruik.","robots":{"index":"index","follow":"follow","max-snippet":"max-snippet:-1","max-image-preview":"max-image-preview:large","max-video-preview":"max-video-preview:-1"},"canonical":"https:\/\/sinchi.hostienda.net\/nl\/producto\/tepi-applicator-rape\/","og_locale":"nl_NL","og_type":"article","og_title":"Groene tepi: Koop Amazonian rap\u00e9 applicator","og_description":"Tepi voor rap\u00e9, ge\u00ebmailleerd en versierd met groene draad, met fijne afwerkingen en ideale afmetingen voor een comfortabel en harmonieus gebruik.","og_url":"https:\/\/sinchi.hostienda.net\/nl\/producto\/tepi-applicator-rape\/","og_site_name":"SINCHI RAP\u00c9","article_modified_time":"2024-04-19T08:06:23+00:00","og_image":[{"width":900,"height":600,"url":"https:\/\/sinchi.hostienda.net\/wp-content\/uploads\/2023\/02\/2-Tepi-Tamarindo.jpg","type":"image\/jpeg"}],"twitter_card":"summary_large_image","twitter_misc":{"Geschatte leestijd":"1 minuut"},"schema":{"@context":"https:\/\/schema.org","@graph":[{"@type":"WebPage","@id":"https:\/\/sinchi.hostienda.net\/nl\/producto\/tepi-applicator-rape\/","url":"https:\/\/sinchi.hostienda.net\/nl\/producto\/tepi-applicator-rape\/","name":"Groene tepi: Koop Amazonian rap\u00e9 applicator","isPartOf":{"@id":"https:\/\/sinchi.hostienda.net\/nl\/#website"},"primaryImageOfPage":{"@id":"https:\/\/sinchi.hostienda.net\/nl\/producto\/tepi-applicator-rape\/#primaryimage"},"image":{"@id":"https:\/\/sinchi.hostienda.net\/nl\/producto\/tepi-applicator-rape\/#primaryimage"},"thumbnailUrl":"https:\/\/sinchi.hostienda.net\/wp-content\/uploads\/2023\/02\/2-Tepi-Tamarindo.jpg","datePublished":"2023-02-25T21:28:28+00:00","dateModified":"2024-04-19T08:06:23+00:00","description":"Tepi voor rap\u00e9, ge\u00ebmailleerd en versierd met groene draad, met fijne afwerkingen en ideale afmetingen voor een comfortabel en harmonieus gebruik.","breadcrumb":{"@id":"https:\/\/sinchi.hostienda.net\/nl\/producto\/tepi-applicator-rape\/#breadcrumb"},"inLanguage":"nl-NL","potentialAction":[{"@type":"ReadAction","target":["https:\/\/sinchi.hostienda.net\/nl\/producto\/tepi-applicator-rape\/"]}]},{"@type":"ImageObject","inLanguage":"nl-NL","@id":"https:\/\/sinchi.hostienda.net\/nl\/producto\/tepi-applicator-rape\/#primaryimage","url":"https:\/\/sinchi.hostienda.net\/wp-content\/uploads\/2023\/02\/2-Tepi-Tamarindo.jpg","contentUrl":"https:\/\/sinchi.hostienda.net\/wp-content\/uploads\/2023\/02\/2-Tepi-Tamarindo.jpg","width":900,"height":600},{"@type":"BreadcrumbList","@id":"https:\/\/sinchi.hostienda.net\/nl\/producto\/tepi-applicator-rape\/#breadcrumb","itemListElement":[{"@type":"ListItem","position":1,"name":"Voorpagina","item":"https:\/\/sinchi.hostienda.net\/nl\/"},{"@type":"ListItem","position":2,"name":"Producten","item":"https:\/\/sinchi.hostienda.net\/nl\/shop\/"},{"@type":"ListItem","position":3,"name":"Groene Tepi"}]},{"@type":"WebSite","@id":"https:\/\/sinchi.hostienda.net\/nl\/#website","url":"https:\/\/sinchi.hostienda.net\/nl\/","name":"SINCHI RAP\u00c9","description":"Sinchi Medicine","potentialAction":[{"@type":"SearchAction","target":{"@type":"EntryPoint","urlTemplate":"https:\/\/sinchi.hostienda.net\/nl\/?s={search_term_string}"},"query-input":{"@type":"PropertyValueSpecification","valueRequired":true,"valueName":"search_term_string"}}],"inLanguage":"nl-NL"}]}},"_links":{"self":[{"href":"https:\/\/sinchi.hostienda.net\/nl\/wp-json\/wp\/v2\/product\/8106","targetHints":{"allow":["GET"]}}],"collection":[{"href":"https:\/\/sinchi.hostienda.net\/nl\/wp-json\/wp\/v2\/product"}],"about":[{"href":"https:\/\/sinchi.hostienda.net\/nl\/wp-json\/wp\/v2\/types\/product"}],"wp:featuredmedia":[{"embeddable":true,"href":"https:\/\/sinchi.hostienda.net\/nl\/wp-json\/wp\/v2\/media\/28898"}],"wp:attachment":[{"href":"https:\/\/sinchi.hostienda.net\/nl\/wp-json\/wp\/v2\/media?parent=8106"}],"wp:term":[{"taxonomy":"product_brand","embeddable":true,"href":"https:\/\/sinchi.hostienda.net\/nl\/wp-json\/wp\/v2\/product_brand?post=8106"},{"taxonomy":"product_cat","embeddable":true,"href":"https:\/\/sinchi.hostienda.net\/nl\/wp-json\/wp\/v2\/product_cat?post=8106"},{"taxonomy":"product_tag","embeddable":true,"href":"https:\/\/sinchi.hostienda.net\/nl\/wp-json\/wp\/v2\/product_tag?post=8106"}],"curies":[{"name":"wp","href":"https:\/\/api.w.org\/{rel}","templated":true}]}}