{"id":7784,"date":"2018-11-21T23:04:56","date_gmt":"2018-11-21T23:04:56","guid":{"rendered":"https:\/\/www.sinchisinchi.com\/producto\/tepi-rape-projector\/"},"modified":"2024-04-19T07:57:43","modified_gmt":"2024-04-19T07:57:43","slug":"tepi-rape-projector","status":"publish","type":"product","link":"https:\/\/sinchi.hostienda.net\/nl\/producto\/tepi-rape-projector\/","title":{"rendered":"Tepi &#8211; Rap\u00e9-projector"},"content":{"rendered":"<h2 style=\"text-align: center;\">Tepi gebruiken:<strong> Rap\u00e9 aanbrengen<\/strong><\/h2>\n<p>Er zijn verschillende ademhalingen die kunnen worden gebruikt, waarbij de duur, intensiteit en afsluiting vari\u00ebren.<\/p>\n<p>Gemompel met onderbrekingen, en gemompel dat erg sterk of te zwak is, moet worden vermeden; De adem moet mooi en vloeiend zijn als een muzikale melodie.<\/p>\n<p>De adem die wordt gebruikt bij de projectie en de verbinding die we hebben met de geneeskunde hebben een grote invloed op het effect van het schot.<\/p>\n<p>Volgens de Huni Kuin is het beter om Rap\u00e9 niet toe te passen bij mensen die niets van het gebruik ervan afweten; Je kunt negatieve energie van de waarnemer ontvangen, niet wetende dat het een heilig medicijn is, en het verwarren met andere gewoonten.<\/p>\n<p>Het is het beste om Rap\u00e9 niet in de zon te gebruiken, vooral als deze erg intens is.<\/p>\n","protected":false},"excerpt":{"rendered":"<p>Tepi ge\u00ebmailleerd en versierd met groene draad, met fijne afwerkingen en ideale afmetingen voor een comfortabel en harmonieus gebruik.<\/p>\n<p>De tepi is een lange projector die wordt gebruikt om rap\u00e9 op een andere persoon te projecteren.<\/p>\n<p>Het projecteren van rap\u00e9 op een andere persoon impliceert een zekere verantwoordelijkheid, aangezien er volgens de tradities een sterke energie-uitwisseling is, vooral tussen de persoon die het toepast en de persoon die het ontvangt.<\/p>\n<p>Het is belangrijk om ervoor te zorgen dat we alleen rap\u00e9 gebruiken van iemand die we volledig vertrouwen en waarvan we weten dat hij goede bedoelingen met ons heeft.<\/p>\n","protected":false},"featured_media":28890,"template":"","meta":{"_joinchat":[]},"product_brand":[],"product_cat":[188],"product_tag":[],"class_list":{"0":"post-7784","1":"product","2":"type-product","3":"status-publish","4":"has-post-thumbnail","6":"product_cat-tepis-nl","8":"first","9":"instock","10":"taxable","11":"shipping-taxable","12":"purchasable","13":"product-type-simple"},"yoast_head":"<!-- This site is optimized with the Yoast SEO plugin v26.2 - https:\/\/yoast.com\/wordpress\/plugins\/seo\/ -->\n<title>Ge\u00ebmailleerde Tepi: Koop Amazon Rap\u00e9-applicator<\/title>\n<meta name=\"description\" content=\"Tepi van hout, ge\u00ebmailleerd en versierd met groene draad, met fijne afwerkingen en ideale afmetingen voor een comfortabel en harmonieus gebruik.\" \/>\n<meta name=\"robots\" content=\"index, follow, max-snippet:-1, max-image-preview:large, max-video-preview:-1\" \/>\n<link rel=\"canonical\" href=\"https:\/\/sinchi.hostienda.net\/nl\/producto\/tepi-rape-projector\/\" \/>\n<meta property=\"og:locale\" content=\"nl_NL\" \/>\n<meta property=\"og:type\" content=\"article\" \/>\n<meta property=\"og:title\" content=\"Ge\u00ebmailleerde Tepi: Koop Amazon Rap\u00e9-applicator\" \/>\n<meta property=\"og:description\" content=\"Tepi van hout, ge\u00ebmailleerd en versierd met groene draad, met fijne afwerkingen en ideale afmetingen voor een comfortabel en harmonieus gebruik.\" \/>\n<meta property=\"og:url\" content=\"https:\/\/sinchi.hostienda.net\/nl\/producto\/tepi-rape-projector\/\" \/>\n<meta property=\"og:site_name\" content=\"SINCHI RAP\u00c9\" \/>\n<meta property=\"article:modified_time\" content=\"2024-04-19T07:57:43+00:00\" \/>\n<meta property=\"og:image\" content=\"https:\/\/sinchi.hostienda.net\/wp-content\/uploads\/2023\/02\/2-Tepi-Sawo-copia.jpg\" \/>\n\t<meta property=\"og:image:width\" content=\"900\" \/>\n\t<meta property=\"og:image:height\" content=\"600\" \/>\n\t<meta property=\"og:image:type\" content=\"image\/jpeg\" \/>\n<meta name=\"twitter:card\" content=\"summary_large_image\" \/>\n<meta name=\"twitter:label1\" content=\"Geschatte leestijd\" \/>\n\t<meta name=\"twitter:data1\" content=\"1 minuut\" \/>\n<script type=\"application\/ld+json\" class=\"yoast-schema-graph\">{\"@context\":\"https:\/\/schema.org\",\"@graph\":[{\"@type\":\"WebPage\",\"@id\":\"https:\/\/sinchi.hostienda.net\/nl\/producto\/tepi-rape-projector\/\",\"url\":\"https:\/\/sinchi.hostienda.net\/nl\/producto\/tepi-rape-projector\/\",\"name\":\"Ge\u00ebmailleerde Tepi: Koop Amazon Rap\u00e9-applicator\",\"isPartOf\":{\"@id\":\"https:\/\/sinchi.hostienda.net\/nl\/#website\"},\"primaryImageOfPage\":{\"@id\":\"https:\/\/sinchi.hostienda.net\/nl\/producto\/tepi-rape-projector\/#primaryimage\"},\"image\":{\"@id\":\"https:\/\/sinchi.hostienda.net\/nl\/producto\/tepi-rape-projector\/#primaryimage\"},\"thumbnailUrl\":\"https:\/\/sinchi.hostienda.net\/wp-content\/uploads\/2023\/02\/2-Tepi-Sawo-copia.jpg\",\"datePublished\":\"2018-11-21T23:04:56+00:00\",\"dateModified\":\"2024-04-19T07:57:43+00:00\",\"description\":\"Tepi van hout, ge\u00ebmailleerd en versierd met groene draad, met fijne afwerkingen en ideale afmetingen voor een comfortabel en harmonieus gebruik.\",\"breadcrumb\":{\"@id\":\"https:\/\/sinchi.hostienda.net\/nl\/producto\/tepi-rape-projector\/#breadcrumb\"},\"inLanguage\":\"nl-NL\",\"potentialAction\":[{\"@type\":\"ReadAction\",\"target\":[\"https:\/\/sinchi.hostienda.net\/nl\/producto\/tepi-rape-projector\/\"]}]},{\"@type\":\"ImageObject\",\"inLanguage\":\"nl-NL\",\"@id\":\"https:\/\/sinchi.hostienda.net\/nl\/producto\/tepi-rape-projector\/#primaryimage\",\"url\":\"https:\/\/sinchi.hostienda.net\/wp-content\/uploads\/2023\/02\/2-Tepi-Sawo-copia.jpg\",\"contentUrl\":\"https:\/\/sinchi.hostienda.net\/wp-content\/uploads\/2023\/02\/2-Tepi-Sawo-copia.jpg\",\"width\":900,\"height\":600},{\"@type\":\"BreadcrumbList\",\"@id\":\"https:\/\/sinchi.hostienda.net\/nl\/producto\/tepi-rape-projector\/#breadcrumb\",\"itemListElement\":[{\"@type\":\"ListItem\",\"position\":1,\"name\":\"Voorpagina\",\"item\":\"https:\/\/sinchi.hostienda.net\/nl\/\"},{\"@type\":\"ListItem\",\"position\":2,\"name\":\"Producten\",\"item\":\"https:\/\/sinchi.hostienda.net\/nl\/shop\/\"},{\"@type\":\"ListItem\",\"position\":3,\"name\":\"Tepi &#8211; Rap\u00e9-projector\"}]},{\"@type\":\"WebSite\",\"@id\":\"https:\/\/sinchi.hostienda.net\/nl\/#website\",\"url\":\"https:\/\/sinchi.hostienda.net\/nl\/\",\"name\":\"SINCHI RAP\u00c9\",\"description\":\"Sinchi Medicine\",\"potentialAction\":[{\"@type\":\"SearchAction\",\"target\":{\"@type\":\"EntryPoint\",\"urlTemplate\":\"https:\/\/sinchi.hostienda.net\/nl\/?s={search_term_string}\"},\"query-input\":{\"@type\":\"PropertyValueSpecification\",\"valueRequired\":true,\"valueName\":\"search_term_string\"}}],\"inLanguage\":\"nl-NL\"}]}<\/script>\n<!-- \/ Yoast SEO plugin. -->","yoast_head_json":{"title":"Ge\u00ebmailleerde Tepi: Koop Amazon Rap\u00e9-applicator","description":"Tepi van hout, ge\u00ebmailleerd en versierd met groene draad, met fijne afwerkingen en ideale afmetingen voor een comfortabel en harmonieus gebruik.","robots":{"index":"index","follow":"follow","max-snippet":"max-snippet:-1","max-image-preview":"max-image-preview:large","max-video-preview":"max-video-preview:-1"},"canonical":"https:\/\/sinchi.hostienda.net\/nl\/producto\/tepi-rape-projector\/","og_locale":"nl_NL","og_type":"article","og_title":"Ge\u00ebmailleerde Tepi: Koop Amazon Rap\u00e9-applicator","og_description":"Tepi van hout, ge\u00ebmailleerd en versierd met groene draad, met fijne afwerkingen en ideale afmetingen voor een comfortabel en harmonieus gebruik.","og_url":"https:\/\/sinchi.hostienda.net\/nl\/producto\/tepi-rape-projector\/","og_site_name":"SINCHI RAP\u00c9","article_modified_time":"2024-04-19T07:57:43+00:00","og_image":[{"width":900,"height":600,"url":"https:\/\/sinchi.hostienda.net\/wp-content\/uploads\/2023\/02\/2-Tepi-Sawo-copia.jpg","type":"image\/jpeg"}],"twitter_card":"summary_large_image","twitter_misc":{"Geschatte leestijd":"1 minuut"},"schema":{"@context":"https:\/\/schema.org","@graph":[{"@type":"WebPage","@id":"https:\/\/sinchi.hostienda.net\/nl\/producto\/tepi-rape-projector\/","url":"https:\/\/sinchi.hostienda.net\/nl\/producto\/tepi-rape-projector\/","name":"Ge\u00ebmailleerde Tepi: Koop Amazon Rap\u00e9-applicator","isPartOf":{"@id":"https:\/\/sinchi.hostienda.net\/nl\/#website"},"primaryImageOfPage":{"@id":"https:\/\/sinchi.hostienda.net\/nl\/producto\/tepi-rape-projector\/#primaryimage"},"image":{"@id":"https:\/\/sinchi.hostienda.net\/nl\/producto\/tepi-rape-projector\/#primaryimage"},"thumbnailUrl":"https:\/\/sinchi.hostienda.net\/wp-content\/uploads\/2023\/02\/2-Tepi-Sawo-copia.jpg","datePublished":"2018-11-21T23:04:56+00:00","dateModified":"2024-04-19T07:57:43+00:00","description":"Tepi van hout, ge\u00ebmailleerd en versierd met groene draad, met fijne afwerkingen en ideale afmetingen voor een comfortabel en harmonieus gebruik.","breadcrumb":{"@id":"https:\/\/sinchi.hostienda.net\/nl\/producto\/tepi-rape-projector\/#breadcrumb"},"inLanguage":"nl-NL","potentialAction":[{"@type":"ReadAction","target":["https:\/\/sinchi.hostienda.net\/nl\/producto\/tepi-rape-projector\/"]}]},{"@type":"ImageObject","inLanguage":"nl-NL","@id":"https:\/\/sinchi.hostienda.net\/nl\/producto\/tepi-rape-projector\/#primaryimage","url":"https:\/\/sinchi.hostienda.net\/wp-content\/uploads\/2023\/02\/2-Tepi-Sawo-copia.jpg","contentUrl":"https:\/\/sinchi.hostienda.net\/wp-content\/uploads\/2023\/02\/2-Tepi-Sawo-copia.jpg","width":900,"height":600},{"@type":"BreadcrumbList","@id":"https:\/\/sinchi.hostienda.net\/nl\/producto\/tepi-rape-projector\/#breadcrumb","itemListElement":[{"@type":"ListItem","position":1,"name":"Voorpagina","item":"https:\/\/sinchi.hostienda.net\/nl\/"},{"@type":"ListItem","position":2,"name":"Producten","item":"https:\/\/sinchi.hostienda.net\/nl\/shop\/"},{"@type":"ListItem","position":3,"name":"Tepi &#8211; Rap\u00e9-projector"}]},{"@type":"WebSite","@id":"https:\/\/sinchi.hostienda.net\/nl\/#website","url":"https:\/\/sinchi.hostienda.net\/nl\/","name":"SINCHI RAP\u00c9","description":"Sinchi Medicine","potentialAction":[{"@type":"SearchAction","target":{"@type":"EntryPoint","urlTemplate":"https:\/\/sinchi.hostienda.net\/nl\/?s={search_term_string}"},"query-input":{"@type":"PropertyValueSpecification","valueRequired":true,"valueName":"search_term_string"}}],"inLanguage":"nl-NL"}]}},"_links":{"self":[{"href":"https:\/\/sinchi.hostienda.net\/nl\/wp-json\/wp\/v2\/product\/7784","targetHints":{"allow":["GET"]}}],"collection":[{"href":"https:\/\/sinchi.hostienda.net\/nl\/wp-json\/wp\/v2\/product"}],"about":[{"href":"https:\/\/sinchi.hostienda.net\/nl\/wp-json\/wp\/v2\/types\/product"}],"wp:featuredmedia":[{"embeddable":true,"href":"https:\/\/sinchi.hostienda.net\/nl\/wp-json\/wp\/v2\/media\/28890"}],"wp:attachment":[{"href":"https:\/\/sinchi.hostienda.net\/nl\/wp-json\/wp\/v2\/media?parent=7784"}],"wp:term":[{"taxonomy":"product_brand","embeddable":true,"href":"https:\/\/sinchi.hostienda.net\/nl\/wp-json\/wp\/v2\/product_brand?post=7784"},{"taxonomy":"product_cat","embeddable":true,"href":"https:\/\/sinchi.hostienda.net\/nl\/wp-json\/wp\/v2\/product_cat?post=7784"},{"taxonomy":"product_tag","embeddable":true,"href":"https:\/\/sinchi.hostienda.net\/nl\/wp-json\/wp\/v2\/product_tag?post=7784"}],"curies":[{"name":"wp","href":"https:\/\/api.w.org\/{rel}","templated":true}]}}