{"id":13469,"date":"2024-04-22T12:03:01","date_gmt":"2024-04-22T12:03:01","guid":{"rendered":"https:\/\/www.sinchisinchi.com\/producto\/shea-en-zijde\/"},"modified":"2024-07-03T09:37:17","modified_gmt":"2024-07-03T09:37:17","slug":"shea-en-zijde","status":"publish","type":"product","link":"https:\/\/sinchi.hostienda.net\/nl\/producto\/shea-en-zijde\/","title":{"rendered":"Shea en Zijde"},"content":{"rendered":"<h2 style=\"text-align: center;\"><strong>Geschiedenis van Marseillezeep<\/strong><\/h2>\n<p>Marseillezeep is gemaakt van plantaardige oli\u00ebn en komt oorspronkelijk uit Marseille (Frankrijk). De eerste gegevens over het gebruik ervan dateren uit 1370, en in 1688 werd het gebruik van de naam gereguleerd voor zepen die alleen in de omgeving van Marseille uit olijfolie werden vervaardigd, in navolging van Castilla Soap.<\/p>\n<p>Het gebruik van etherische oli\u00ebn gaat terug tot Mesopotami\u00eb, meer dan 5000 jaar geleden. Ze werden ook gebruikt in parfums en cosmetica in Egypte, India, Griekenland en Rome.<\/p>\n<p>Hippocrates, een van de eerste Griekse artsen, gebruikte essenties van aromatische planten om vele aandoeningen te genezen. De Romeinen associeerden etherische oli\u00ebn en hun verschillende aroma&#8217;s met rijkdom en succes.<\/p>\n<p><strong>Mesopotami\u00eb 2500 v.Chr.<\/strong>: In Mesopotami\u00eb zijn Sumerische kleitabletten gevonden waarop het mengsel wordt vermeld dat werd verkregen door het koken van oli\u00ebn met kalium, harsen en zout.<\/p>\n<p>Syri\u00eb 1500 voor Christus: Syrische zeep uit de stad Aleppo, oud Fenicisch grondgebied, wordt vandaag de dag nog steeds vervaardigd met dezelfde traditionele methode en met olijfolie en laurierolie.<\/p>\n<p>De eeuwenoude productiemethode gaat meer dan 2000 jaar geleden terug. De eerste zepen in de geschiedenis waren vloeibare zeepemulsies, en in Aleppo werden het verzepingsproces en het gebruik van olijfolie en laurier ge\u00efntroduceerd, wat resulteerde in de eerste vaste zeep.<\/p>\n<p>Na de kruistochten in de 12e eeuw verspreidde de zeepproductie zich over de Middellandse Zee en bereikte Itali\u00eb, Frankrijk (Marseille Zeep) en Spanje (Castili\u00eb Zeep).<\/p>\n<p>De producenten verwijzen altijd naar een aspect dat het uniek maakt en het een bijzondere mystiek geeft: de Syrische zon, waaronder de zeep droogt in de laatste fase van de productie.<\/p>\n<p><strong>Egypte 1500 v.Chr.:<\/strong> Om zichzelf te reinigen gebruikten de Egyptenaren als zeep een mengsel verkregen uit natron (een mineraal natriumcarbonaat gewonnen uit zoutmeren), volleraarde (een beetje elastische klei die de eigenschap heeft vetstoffen te absorberen) en geweekte lupines.<\/p>\n<p>In de Ebers-papyrus uit 1500 voor Christus wordt vermeld dat de Egyptenaren een zeepachtige pasta van as en klei gebruikten gemengd met natuurlijke oli\u00ebn, een essenti\u00eble cosmetische hulpbron voor de Egyptische elite.<\/p>\n<p><strong>Fenici\u00ebrs 1200 v.Chr.:<\/strong> De Fenici\u00ebrs maakten zeep met olijfolie en bijtende soda (of natriumcarbonaat) verkregen uit de as van de verbranding van halofytplanten (planten die op zoutvlakten leven) zoals zeekraal of salsola.<\/p>\n<p><strong>Kelten 900 v.Chr.:<\/strong> Ze gebruikten geitenvet en berkenas om hun zepen te maken.<\/p>\n<p><strong>Griekenland en Etrusken 500 v.Chr.:<\/strong> Ze wasten zichzelf door een mengsel van aromatische oli\u00ebn en zand of as over hun lichaam te wrijven, dat ze vervolgens met een strigil verwijderden.<\/p>\n<p><strong>Germaanse en Gallische volkeren 300 v.Chr.:<\/strong> Zeep was volgens de Romeinse historicus Plinius een Gallische uitvinding. De Galli\u00ebrs maakten hun zepen met beukenas en talg of zwijnenvet en gebruikten dit volgens Plinius om hun lange haar blond of rood te verven.<\/p>\n<p>De geur van ranzig vet was barbaars voor de Romeinen.<\/p>\n<p><strong>Arabi\u00eb 200 voor Christus:<\/strong> In de 3e eeuw voor Christus. Zeep werd in Arabi\u00eb gemaakt door een mengsel te koken van potas, alkali uit as, sesamolie en citroen.<\/p>\n<p><strong>Al Andalus 8e eeuw:<\/strong> De Arabieren bouwden aan het einde van de 10e eeuw de eerste grote Europese zeepfabriek in Al Andalus, in Sevilla. In de Guadalquivir-vallei, waar grote olijfgaarden en moerassen waren, werden de benodigde grondstoffen verkregen om een \u200b\u200bzeep te maken die vier eeuwen later bekend zou worden als Castiliaanse zeep. Toch werden zeepfabrieken in Andalusi\u00eb nog steeds de Arabische naam (almona) genoemd.<\/p>\n<p><strong>Castili\u00eb 14e eeuw:<\/strong> Er werd Castili\u00eb-zeep gemaakt, die afkomstig was van plantaardige oli\u00ebn in plaats van dierlijke vetten, wat betekende dat het kon worden gebruikt voor persoonlijke hygi\u00ebne. Sindsdien zijn de Europeanen schoner geworden en begonnen grote pandemie\u00ebn te verdwijnen.<\/p>\n<p><strong>Marseille 14e eeuw:<\/strong> De beroemde zeepfabrieken van Marseille werden opgericht in de 14e eeuw. Deze zeep werd traditioneel gemaakt met olijfolie, mediterraan water en bijtende soda uit laurieras. Net als Aleppo-zeep wordt het ook nog steeds geproduceerd.<\/p>\n<p><strong>Mexico 1575:<\/strong> Er werd een almona gebouwd in Mexico-Stad. De zeep die daar werd vervaardigd, was dezelfde die door de Mexicanen werd gebruikt, gemaakt van tequesquite, een mineraal dat rijk is aan frisdrank, en enkele planten. In de 17e eeuw weten we van het bestaan \u200b\u200bvan een zeepfabriek in Guayaquil die zeep vervaardigde uit koeientalk en grasas.<\/p>\n<p><strong>Guayaquil 17e eeuw:<\/strong> Zeepfabriek in Guayaquil die zeep maakte van koeientalk en grasas.<\/p>\n","protected":false},"excerpt":{"rendered":"<p>Karit\u00e9boter is een van de meest vochtinbrengende ingredi\u00ebnten die er zijn. Het heeft een hoge voedings- en vochtinbrengende kracht, vooral geschikt voor het herstellen van de natuurlijke elasticiteit van de huid.<\/p>\n<p>Deze zeep is handgemaakt in Marseille volgens oude methoden en eeuwenoude recepten met volledig natuurlijke ingredi\u00ebnten: Mediterraan zeewater, essenti\u00eble olie van sandelhout, hoogwaardige plantaardige oli\u00ebn en natriumcarbonaat. Het is 100% biologisch afbreekbaar.<\/p>\n<p>&nbsp;<\/p>\n<p><strong>Grootte:<\/strong> 125g<\/p>\n","protected":false},"featured_media":13222,"template":"","meta":{"_joinchat":[]},"product_brand":[],"product_cat":[341],"product_tag":[],"class_list":{"0":"post-13469","1":"product","2":"type-product","3":"status-publish","4":"has-post-thumbnail","6":"product_cat-zepen","8":"first","9":"instock","10":"taxable","11":"shipping-taxable","12":"purchasable","13":"product-type-simple"},"yoast_head":"<!-- This site is optimized with the Yoast SEO plugin v26.2 - https:\/\/yoast.com\/wordpress\/plugins\/seo\/ -->\n<title>Zeep met Shea en Zijde: Sjamanistische Winkel<\/title>\n<meta name=\"description\" content=\"Karit\u00e9boterzeep: Het heeft een hoge voedings- en vochtinbrengende kracht, vooral geschikt voor het herstellen van de natuurlijke elasticiteit van de huid.\" \/>\n<meta name=\"robots\" content=\"index, follow, max-snippet:-1, max-image-preview:large, max-video-preview:-1\" \/>\n<link rel=\"canonical\" href=\"https:\/\/sinchi.hostienda.net\/nl\/producto\/shea-en-zijde\/\" \/>\n<meta property=\"og:locale\" content=\"nl_NL\" \/>\n<meta property=\"og:type\" content=\"article\" \/>\n<meta property=\"og:title\" content=\"Zeep met Shea en Zijde: Sjamanistische Winkel\" \/>\n<meta property=\"og:description\" content=\"Karit\u00e9boterzeep: Het heeft een hoge voedings- en vochtinbrengende kracht, vooral geschikt voor het herstellen van de natuurlijke elasticiteit van de huid.\" \/>\n<meta property=\"og:url\" content=\"https:\/\/sinchi.hostienda.net\/nl\/producto\/shea-en-zijde\/\" \/>\n<meta property=\"og:site_name\" content=\"SINCHI RAP\u00c9\" \/>\n<meta property=\"article:modified_time\" content=\"2024-07-03T09:37:17+00:00\" \/>\n<meta property=\"og:image\" content=\"https:\/\/sinchi.hostienda.net\/wp-content\/uploads\/2024\/04\/7-karite-y-seda.jpeg\" \/>\n\t<meta property=\"og:image:width\" content=\"750\" \/>\n\t<meta property=\"og:image:height\" content=\"750\" \/>\n\t<meta property=\"og:image:type\" content=\"image\/jpeg\" \/>\n<meta name=\"twitter:card\" content=\"summary_large_image\" \/>\n<meta name=\"twitter:label1\" content=\"Geschatte leestijd\" \/>\n\t<meta name=\"twitter:data1\" content=\"4 minuten\" \/>\n<script type=\"application\/ld+json\" class=\"yoast-schema-graph\">{\"@context\":\"https:\/\/schema.org\",\"@graph\":[{\"@type\":\"WebPage\",\"@id\":\"https:\/\/sinchi.hostienda.net\/nl\/producto\/shea-en-zijde\/\",\"url\":\"https:\/\/sinchi.hostienda.net\/nl\/producto\/shea-en-zijde\/\",\"name\":\"Zeep met Shea en Zijde: Sjamanistische Winkel\",\"isPartOf\":{\"@id\":\"https:\/\/sinchi.hostienda.net\/nl\/#website\"},\"primaryImageOfPage\":{\"@id\":\"https:\/\/sinchi.hostienda.net\/nl\/producto\/shea-en-zijde\/#primaryimage\"},\"image\":{\"@id\":\"https:\/\/sinchi.hostienda.net\/nl\/producto\/shea-en-zijde\/#primaryimage\"},\"thumbnailUrl\":\"https:\/\/sinchi.hostienda.net\/wp-content\/uploads\/2024\/04\/7-karite-y-seda.jpeg\",\"datePublished\":\"2024-04-22T12:03:01+00:00\",\"dateModified\":\"2024-07-03T09:37:17+00:00\",\"description\":\"Karit\u00e9boterzeep: Het heeft een hoge voedings- en vochtinbrengende kracht, vooral geschikt voor het herstellen van de natuurlijke elasticiteit van de huid.\",\"breadcrumb\":{\"@id\":\"https:\/\/sinchi.hostienda.net\/nl\/producto\/shea-en-zijde\/#breadcrumb\"},\"inLanguage\":\"nl-NL\",\"potentialAction\":[{\"@type\":\"ReadAction\",\"target\":[\"https:\/\/sinchi.hostienda.net\/nl\/producto\/shea-en-zijde\/\"]}]},{\"@type\":\"ImageObject\",\"inLanguage\":\"nl-NL\",\"@id\":\"https:\/\/sinchi.hostienda.net\/nl\/producto\/shea-en-zijde\/#primaryimage\",\"url\":\"https:\/\/sinchi.hostienda.net\/wp-content\/uploads\/2024\/04\/7-karite-y-seda.jpeg\",\"contentUrl\":\"https:\/\/sinchi.hostienda.net\/wp-content\/uploads\/2024\/04\/7-karite-y-seda.jpeg\",\"width\":750,\"height\":750},{\"@type\":\"BreadcrumbList\",\"@id\":\"https:\/\/sinchi.hostienda.net\/nl\/producto\/shea-en-zijde\/#breadcrumb\",\"itemListElement\":[{\"@type\":\"ListItem\",\"position\":1,\"name\":\"Voorpagina\",\"item\":\"https:\/\/sinchi.hostienda.net\/nl\/\"},{\"@type\":\"ListItem\",\"position\":2,\"name\":\"Producten\",\"item\":\"https:\/\/sinchi.hostienda.net\/nl\/shop\/\"},{\"@type\":\"ListItem\",\"position\":3,\"name\":\"Shea en Zijde\"}]},{\"@type\":\"WebSite\",\"@id\":\"https:\/\/sinchi.hostienda.net\/nl\/#website\",\"url\":\"https:\/\/sinchi.hostienda.net\/nl\/\",\"name\":\"SINCHI RAP\u00c9\",\"description\":\"Sinchi Medicine\",\"potentialAction\":[{\"@type\":\"SearchAction\",\"target\":{\"@type\":\"EntryPoint\",\"urlTemplate\":\"https:\/\/sinchi.hostienda.net\/nl\/?s={search_term_string}\"},\"query-input\":{\"@type\":\"PropertyValueSpecification\",\"valueRequired\":true,\"valueName\":\"search_term_string\"}}],\"inLanguage\":\"nl-NL\"}]}<\/script>\n<!-- \/ Yoast SEO plugin. -->","yoast_head_json":{"title":"Zeep met Shea en Zijde: Sjamanistische Winkel","description":"Karit\u00e9boterzeep: Het heeft een hoge voedings- en vochtinbrengende kracht, vooral geschikt voor het herstellen van de natuurlijke elasticiteit van de huid.","robots":{"index":"index","follow":"follow","max-snippet":"max-snippet:-1","max-image-preview":"max-image-preview:large","max-video-preview":"max-video-preview:-1"},"canonical":"https:\/\/sinchi.hostienda.net\/nl\/producto\/shea-en-zijde\/","og_locale":"nl_NL","og_type":"article","og_title":"Zeep met Shea en Zijde: Sjamanistische Winkel","og_description":"Karit\u00e9boterzeep: Het heeft een hoge voedings- en vochtinbrengende kracht, vooral geschikt voor het herstellen van de natuurlijke elasticiteit van de huid.","og_url":"https:\/\/sinchi.hostienda.net\/nl\/producto\/shea-en-zijde\/","og_site_name":"SINCHI RAP\u00c9","article_modified_time":"2024-07-03T09:37:17+00:00","og_image":[{"width":750,"height":750,"url":"https:\/\/sinchi.hostienda.net\/wp-content\/uploads\/2024\/04\/7-karite-y-seda.jpeg","type":"image\/jpeg"}],"twitter_card":"summary_large_image","twitter_misc":{"Geschatte leestijd":"4 minuten"},"schema":{"@context":"https:\/\/schema.org","@graph":[{"@type":"WebPage","@id":"https:\/\/sinchi.hostienda.net\/nl\/producto\/shea-en-zijde\/","url":"https:\/\/sinchi.hostienda.net\/nl\/producto\/shea-en-zijde\/","name":"Zeep met Shea en Zijde: Sjamanistische Winkel","isPartOf":{"@id":"https:\/\/sinchi.hostienda.net\/nl\/#website"},"primaryImageOfPage":{"@id":"https:\/\/sinchi.hostienda.net\/nl\/producto\/shea-en-zijde\/#primaryimage"},"image":{"@id":"https:\/\/sinchi.hostienda.net\/nl\/producto\/shea-en-zijde\/#primaryimage"},"thumbnailUrl":"https:\/\/sinchi.hostienda.net\/wp-content\/uploads\/2024\/04\/7-karite-y-seda.jpeg","datePublished":"2024-04-22T12:03:01+00:00","dateModified":"2024-07-03T09:37:17+00:00","description":"Karit\u00e9boterzeep: Het heeft een hoge voedings- en vochtinbrengende kracht, vooral geschikt voor het herstellen van de natuurlijke elasticiteit van de huid.","breadcrumb":{"@id":"https:\/\/sinchi.hostienda.net\/nl\/producto\/shea-en-zijde\/#breadcrumb"},"inLanguage":"nl-NL","potentialAction":[{"@type":"ReadAction","target":["https:\/\/sinchi.hostienda.net\/nl\/producto\/shea-en-zijde\/"]}]},{"@type":"ImageObject","inLanguage":"nl-NL","@id":"https:\/\/sinchi.hostienda.net\/nl\/producto\/shea-en-zijde\/#primaryimage","url":"https:\/\/sinchi.hostienda.net\/wp-content\/uploads\/2024\/04\/7-karite-y-seda.jpeg","contentUrl":"https:\/\/sinchi.hostienda.net\/wp-content\/uploads\/2024\/04\/7-karite-y-seda.jpeg","width":750,"height":750},{"@type":"BreadcrumbList","@id":"https:\/\/sinchi.hostienda.net\/nl\/producto\/shea-en-zijde\/#breadcrumb","itemListElement":[{"@type":"ListItem","position":1,"name":"Voorpagina","item":"https:\/\/sinchi.hostienda.net\/nl\/"},{"@type":"ListItem","position":2,"name":"Producten","item":"https:\/\/sinchi.hostienda.net\/nl\/shop\/"},{"@type":"ListItem","position":3,"name":"Shea en Zijde"}]},{"@type":"WebSite","@id":"https:\/\/sinchi.hostienda.net\/nl\/#website","url":"https:\/\/sinchi.hostienda.net\/nl\/","name":"SINCHI RAP\u00c9","description":"Sinchi Medicine","potentialAction":[{"@type":"SearchAction","target":{"@type":"EntryPoint","urlTemplate":"https:\/\/sinchi.hostienda.net\/nl\/?s={search_term_string}"},"query-input":{"@type":"PropertyValueSpecification","valueRequired":true,"valueName":"search_term_string"}}],"inLanguage":"nl-NL"}]}},"_links":{"self":[{"href":"https:\/\/sinchi.hostienda.net\/nl\/wp-json\/wp\/v2\/product\/13469","targetHints":{"allow":["GET"]}}],"collection":[{"href":"https:\/\/sinchi.hostienda.net\/nl\/wp-json\/wp\/v2\/product"}],"about":[{"href":"https:\/\/sinchi.hostienda.net\/nl\/wp-json\/wp\/v2\/types\/product"}],"wp:featuredmedia":[{"embeddable":true,"href":"https:\/\/sinchi.hostienda.net\/nl\/wp-json\/wp\/v2\/media\/13222"}],"wp:attachment":[{"href":"https:\/\/sinchi.hostienda.net\/nl\/wp-json\/wp\/v2\/media?parent=13469"}],"wp:term":[{"taxonomy":"product_brand","embeddable":true,"href":"https:\/\/sinchi.hostienda.net\/nl\/wp-json\/wp\/v2\/product_brand?post=13469"},{"taxonomy":"product_cat","embeddable":true,"href":"https:\/\/sinchi.hostienda.net\/nl\/wp-json\/wp\/v2\/product_cat?post=13469"},{"taxonomy":"product_tag","embeddable":true,"href":"https:\/\/sinchi.hostienda.net\/nl\/wp-json\/wp\/v2\/product_tag?post=13469"}],"curies":[{"name":"wp","href":"https:\/\/api.w.org\/{rel}","templated":true}]}}