{"id":19284,"date":"2024-07-26T10:57:09","date_gmt":"2024-07-26T10:57:09","guid":{"rendered":"https:\/\/www.sinchisinchi.com\/rape\/projectoren\/"},"modified":"2024-07-26T10:57:10","modified_gmt":"2024-07-26T10:57:10","slug":"projectoren","status":"publish","type":"page","link":"https:\/\/sinchi.hostienda.net\/nl\/rape\/projectoren\/","title":{"rendered":"Projectoren"},"content":{"rendered":"\n<h2 style=\"text-align: center;\"><strong>Zelfapplicators (Kurip\u00e9s)<\/strong><\/h2>\r\n\t\n  \n    <div class=\"row large-columns-4 medium-columns-3 small-columns-2 row-small\" >\n  \n\t     <div class=\"product-small col has-hover product type-product post-28787 status-publish first instock product_cat-proyectores-2 has-post-thumbnail taxable shipping-taxable purchasable product-type-simple\">\n\t<div class=\"col-inner\">\n\t\n<div class=\"badge-container absolute left top z-1\">\n\n<\/div>\n\t<div class=\"product-small box \">\n\t\t<div class=\"box-image\">\n\t\t\t<div class=\"image-glow\">\n\t\t\t\t<a href=\"https:\/\/sinchi.hostienda.net\/nl\/producto\/kuripe-madera-de-sawo\/\" aria-label=\"Kurip\u00e9 madera de Sawo\">\n\t\t\t\t\t<img loading=\"lazy\" decoding=\"async\" width=\"247\" height=\"209\" src=\"https:\/\/sinchi.hostienda.net\/wp-content\/uploads\/2025\/10\/Kuripe-Sawo-1-247x209.jpg\" class=\"attachment-woocommerce_thumbnail size-woocommerce_thumbnail\" alt=\"Kurip\u00e9 madera de Sawo\" srcset=\"https:\/\/sinchi.hostienda.net\/wp-content\/uploads\/2025\/10\/Kuripe-Sawo-1-247x209.jpg 247w, https:\/\/sinchi.hostienda.net\/wp-content\/uploads\/2025\/10\/Kuripe-Sawo-1-600x508.jpg 600w, https:\/\/sinchi.hostienda.net\/wp-content\/uploads\/2025\/10\/Kuripe-Sawo-1-510x432.jpg 510w, https:\/\/sinchi.hostienda.net\/wp-content\/uploads\/2025\/10\/Kuripe-Sawo-1.jpg 650w\" sizes=\"auto, (max-width: 247px) 100vw, 247px\" \/>\t\t\t\t<\/a>\n\t\t\t<\/div>\n\t\t\t<div class=\"image-tools is-small top right show-on-hover\">\n\t\t\t\t\t\t\t<\/div>\n\t\t\t<div class=\"image-tools is-small hide-for-small bottom left show-on-hover\">\n\t\t\t\t\t\t\t<\/div>\n\t\t\t<div class=\"image-tools grid-tools text-center hide-for-small bottom hover-slide-in show-on-hover\">\n\t\t\t\t<a href=\"\/nl\/wp-json\/wp\/v2\/pages\/19284?add-to-cart=28787\" aria-describedby=\"woocommerce_loop_add_to_cart_link_describedby_28787\" data-quantity=\"1\" class=\"add-to-cart-grid no-padding is-transparent product_type_simple add_to_cart_button ajax_add_to_cart\" data-product_id=\"28787\" data-product_sku=\"\" aria-label=\"Toevoegen aan winkelwagen: &ldquo;Kurip\u00e9 madera de Sawo&ldquo;\" rel=\"nofollow\" data-success_message=\"&#039;Kurip\u00e9 madera de Sawo&#039; is toegevoegd aan je winkelmand\" role=\"button\"><div class=\"cart-icon tooltip is-small\" title=\"Toevoegen aan winkelwagen\"><strong>+<\/strong><\/div><\/a>\t<span id=\"woocommerce_loop_add_to_cart_link_describedby_28787\" class=\"screen-reader-text\">\n\t\t\t<\/span>\n\t\t\t<\/div>\n\t\t\t\t\t<\/div>\n\n\t\t<div class=\"box-text box-text-products text-center grid-style-2\">\n\t\t\t<div class=\"title-wrapper\">\t\t<p class=\"category uppercase is-smaller no-text-overflow product-cat op-7\">\n\t\t\tProyectores\t\t<\/p>\n\t<p class=\"name product-title woocommerce-loop-product__title\"><a href=\"https:\/\/sinchi.hostienda.net\/nl\/producto\/kuripe-madera-de-sawo\/\" class=\"woocommerce-LoopProduct-link woocommerce-loop-product__link\">Kurip\u00e9 madera de Sawo<\/a><\/p><\/div><div class=\"price-wrapper\">\n\t<span class=\"price\"><span class=\"woocommerce-Price-amount amount\"><bdi>35,00<span class=\"woocommerce-Price-currencySymbol\">&euro;<\/span><\/bdi><\/span><\/span>\n<\/div>\t\t<\/div>\n\t<\/div>\n\t<span class=\"gtm4wp_productdata\" style=\"display:none; visibility:hidden;\" data-gtm4wp_product_data=\"{&quot;internal_id&quot;:28787,&quot;item_id&quot;:28787,&quot;item_name&quot;:&quot;Kurip\\u00e9 madera de Sawo&quot;,&quot;sku&quot;:28787,&quot;price&quot;:35,&quot;stocklevel&quot;:null,&quot;stockstatus&quot;:&quot;instock&quot;,&quot;google_business_vertical&quot;:&quot;retail&quot;,&quot;item_category&quot;:&quot;Proyectores&quot;,&quot;id&quot;:28787,&quot;productlink&quot;:&quot;https:\\\/\\\/sinchi.hostienda.net\\\/nl\\\/producto\\\/kuripe-madera-de-sawo\\\/&quot;,&quot;item_list_name&quot;:&quot;Algemeen product lijst&quot;,&quot;index&quot;:1,&quot;product_type&quot;:&quot;simple&quot;,&quot;item_brand&quot;:&quot;&quot;}\"><\/span>\t<\/div>\n<\/div><div class=\"product-small col has-hover product type-product post-7777 status-publish instock product_cat-proyectores-nl product_cat-sin-categoria-nl has-post-thumbnail taxable shipping-taxable purchasable product-type-simple\">\n\t<div class=\"col-inner\">\n\t\n<div class=\"badge-container absolute left top z-1\">\n\n<\/div>\n\t<div class=\"product-small box \">\n\t\t<div class=\"box-image\">\n\t\t\t<div class=\"image-glow\">\n\t\t\t\t<a href=\"https:\/\/sinchi.hostienda.net\/nl\/producto\/rape-kuripe-aplicador\/\" aria-label=\"Kurip\u00e9\">\n\t\t\t\t\t<img loading=\"lazy\" decoding=\"async\" width=\"247\" height=\"209\" src=\"https:\/\/sinchi.hostienda.net\/wp-content\/uploads\/2019\/03\/Kuripe-Teca-2-247x209.jpg\" class=\"attachment-woocommerce_thumbnail size-woocommerce_thumbnail\" alt=\"Kurip\u00e9\" srcset=\"https:\/\/sinchi.hostienda.net\/wp-content\/uploads\/2019\/03\/Kuripe-Teca-2-247x209.jpg 247w, https:\/\/sinchi.hostienda.net\/wp-content\/uploads\/2019\/03\/Kuripe-Teca-2-600x508.jpg 600w, https:\/\/sinchi.hostienda.net\/wp-content\/uploads\/2019\/03\/Kuripe-Teca-2-510x432.jpg 510w, https:\/\/sinchi.hostienda.net\/wp-content\/uploads\/2019\/03\/Kuripe-Teca-2.jpg 650w\" sizes=\"auto, (max-width: 247px) 100vw, 247px\" \/>\t\t\t\t<\/a>\n\t\t\t<\/div>\n\t\t\t<div class=\"image-tools is-small top right show-on-hover\">\n\t\t\t\t\t\t\t<\/div>\n\t\t\t<div class=\"image-tools is-small hide-for-small bottom left show-on-hover\">\n\t\t\t\t\t\t\t<\/div>\n\t\t\t<div class=\"image-tools grid-tools text-center hide-for-small bottom hover-slide-in show-on-hover\">\n\t\t\t\t<a href=\"\/nl\/wp-json\/wp\/v2\/pages\/19284?add-to-cart=7777\" aria-describedby=\"woocommerce_loop_add_to_cart_link_describedby_7777\" data-quantity=\"1\" class=\"add-to-cart-grid no-padding is-transparent product_type_simple add_to_cart_button ajax_add_to_cart\" data-product_id=\"7777\" data-product_sku=\"\" aria-label=\"Toevoegen aan winkelwagen: &ldquo;Kurip\u00e9&ldquo;\" rel=\"nofollow\" data-success_message=\"&#039;Kurip\u00e9&#039; is toegevoegd aan je winkelmand\" role=\"button\"><div class=\"cart-icon tooltip is-small\" title=\"Toevoegen aan winkelwagen\"><strong>+<\/strong><\/div><\/a>\t<span id=\"woocommerce_loop_add_to_cart_link_describedby_7777\" class=\"screen-reader-text\">\n\t\t\t<\/span>\n\t\t\t<\/div>\n\t\t\t\t\t<\/div>\n\n\t\t<div class=\"box-text box-text-products text-center grid-style-2\">\n\t\t\t<div class=\"title-wrapper\">\t\t<p class=\"category uppercase is-smaller no-text-overflow product-cat op-7\">\n\t\t\tProyectores\t\t<\/p>\n\t<p class=\"name product-title woocommerce-loop-product__title\"><a href=\"https:\/\/sinchi.hostienda.net\/nl\/producto\/rape-kuripe-aplicador\/\" class=\"woocommerce-LoopProduct-link woocommerce-loop-product__link\">Kurip\u00e9<\/a><\/p><\/div><div class=\"price-wrapper\">\n\t<span class=\"price\"><span class=\"woocommerce-Price-amount amount\"><bdi>28,00<span class=\"woocommerce-Price-currencySymbol\">&euro;<\/span><\/bdi><\/span><\/span>\n<\/div>\t\t<\/div>\n\t<\/div>\n\t<span class=\"gtm4wp_productdata\" style=\"display:none; visibility:hidden;\" data-gtm4wp_product_data=\"{&quot;internal_id&quot;:7777,&quot;item_id&quot;:7777,&quot;item_name&quot;:&quot;Kurip\\u00e9&quot;,&quot;sku&quot;:7777,&quot;price&quot;:28,&quot;stocklevel&quot;:null,&quot;stockstatus&quot;:&quot;instock&quot;,&quot;google_business_vertical&quot;:&quot;retail&quot;,&quot;item_category&quot;:&quot;Sin categor\\u00eda&quot;,&quot;id&quot;:7777,&quot;productlink&quot;:&quot;https:\\\/\\\/sinchi.hostienda.net\\\/nl\\\/producto\\\/rape-kuripe-aplicador\\\/&quot;,&quot;item_list_name&quot;:&quot;Algemeen product lijst&quot;,&quot;index&quot;:2,&quot;product_type&quot;:&quot;simple&quot;,&quot;item_brand&quot;:&quot;&quot;}\"><\/span>\t<\/div>\n<\/div><\/div>\r\n\r\n\t<div id=\"gap-441462303\" class=\"gap-element clearfix\" style=\"display:block; height:auto;\">\n\t\t\n<style>\n#gap-441462303 {\n  padding-top: 30px;\n}\n<\/style>\n\t<\/div>\n\t\r\n<h2 style=\"text-align: center;\"><strong>Applicators (Tepis)<\/strong><\/h2>\r\n\t\n  \n    <div class=\"row large-columns-4 medium-columns-3 small-columns-2 row-small\" >\n  \n\t     <div class=\"product-small col has-hover product type-product post-8106 status-publish instock product_cat-tepis-nl has-post-thumbnail taxable shipping-taxable purchasable product-type-simple\">\n\t<div class=\"col-inner\">\n\t\n<div class=\"badge-container absolute left top z-1\">\n\n<\/div>\n\t<div class=\"product-small box \">\n\t\t<div class=\"box-image\">\n\t\t\t<div class=\"image-glow\">\n\t\t\t\t<a href=\"https:\/\/sinchi.hostienda.net\/nl\/producto\/tepi-applicator-rape\/\" aria-label=\"Groene Tepi\">\n\t\t\t\t\t<img loading=\"lazy\" decoding=\"async\" width=\"247\" height=\"165\" src=\"https:\/\/sinchi.hostienda.net\/wp-content\/uploads\/2023\/02\/2-Tepi-Tamarindo-247x165.jpg\" class=\"attachment-woocommerce_thumbnail size-woocommerce_thumbnail\" alt=\"Groene Tepi\" srcset=\"https:\/\/sinchi.hostienda.net\/wp-content\/uploads\/2023\/02\/2-Tepi-Tamarindo-247x165.jpg 247w, https:\/\/sinchi.hostienda.net\/wp-content\/uploads\/2023\/02\/2-Tepi-Tamarindo-600x400.jpg 600w, https:\/\/sinchi.hostienda.net\/wp-content\/uploads\/2023\/02\/2-Tepi-Tamarindo-768x512.jpg 768w, https:\/\/sinchi.hostienda.net\/wp-content\/uploads\/2023\/02\/2-Tepi-Tamarindo-510x340.jpg 510w, https:\/\/sinchi.hostienda.net\/wp-content\/uploads\/2023\/02\/2-Tepi-Tamarindo.jpg 900w\" sizes=\"auto, (max-width: 247px) 100vw, 247px\" \/>\t\t\t\t<\/a>\n\t\t\t<\/div>\n\t\t\t<div class=\"image-tools is-small top right show-on-hover\">\n\t\t\t\t\t\t\t<\/div>\n\t\t\t<div class=\"image-tools is-small hide-for-small bottom left show-on-hover\">\n\t\t\t\t\t\t\t<\/div>\n\t\t\t<div class=\"image-tools grid-tools text-center hide-for-small bottom hover-slide-in show-on-hover\">\n\t\t\t\t<a href=\"\/nl\/wp-json\/wp\/v2\/pages\/19284?add-to-cart=8106\" aria-describedby=\"woocommerce_loop_add_to_cart_link_describedby_8106\" data-quantity=\"1\" class=\"add-to-cart-grid no-padding is-transparent product_type_simple add_to_cart_button ajax_add_to_cart\" data-product_id=\"8106\" data-product_sku=\"\" aria-label=\"Toevoegen aan winkelwagen: &ldquo;Groene Tepi&ldquo;\" rel=\"nofollow\" data-success_message=\"&#039;Groene Tepi&#039; is toegevoegd aan je winkelmand\" role=\"button\"><div class=\"cart-icon tooltip is-small\" title=\"Toevoegen aan winkelwagen\"><strong>+<\/strong><\/div><\/a>\t<span id=\"woocommerce_loop_add_to_cart_link_describedby_8106\" class=\"screen-reader-text\">\n\t\t\t<\/span>\n\t\t\t<\/div>\n\t\t\t\t\t<\/div>\n\n\t\t<div class=\"box-text box-text-products text-center grid-style-2\">\n\t\t\t<div class=\"title-wrapper\">\t\t<p class=\"category uppercase is-smaller no-text-overflow product-cat op-7\">\n\t\t\tTepis\t\t<\/p>\n\t<p class=\"name product-title woocommerce-loop-product__title\"><a href=\"https:\/\/sinchi.hostienda.net\/nl\/producto\/tepi-applicator-rape\/\" class=\"woocommerce-LoopProduct-link woocommerce-loop-product__link\">Groene Tepi<\/a><\/p><\/div><div class=\"price-wrapper\">\n\t<span class=\"price\"><span class=\"woocommerce-Price-amount amount\"><bdi>59,00<span class=\"woocommerce-Price-currencySymbol\">&euro;<\/span><\/bdi><\/span><\/span>\n<\/div>\t\t<\/div>\n\t<\/div>\n\t<span class=\"gtm4wp_productdata\" style=\"display:none; visibility:hidden;\" data-gtm4wp_product_data=\"{&quot;internal_id&quot;:8106,&quot;item_id&quot;:8106,&quot;item_name&quot;:&quot;Groene Tepi&quot;,&quot;sku&quot;:8106,&quot;price&quot;:59,&quot;stocklevel&quot;:null,&quot;stockstatus&quot;:&quot;instock&quot;,&quot;google_business_vertical&quot;:&quot;retail&quot;,&quot;item_category&quot;:&quot;Tepis&quot;,&quot;id&quot;:8106,&quot;productlink&quot;:&quot;https:\\\/\\\/sinchi.hostienda.net\\\/nl\\\/producto\\\/tepi-applicator-rape\\\/&quot;,&quot;item_list_name&quot;:&quot;Algemeen product lijst&quot;,&quot;index&quot;:3,&quot;product_type&quot;:&quot;simple&quot;,&quot;item_brand&quot;:&quot;&quot;}\"><\/span>\t<\/div>\n<\/div><div class=\"product-small col has-hover product type-product post-8107 status-publish last instock product_cat-tepis-nl has-post-thumbnail taxable shipping-taxable purchasable product-type-simple\">\n\t<div class=\"col-inner\">\n\t\n<div class=\"badge-container absolute left top z-1\">\n\n<\/div>\n\t<div class=\"product-small box \">\n\t\t<div class=\"box-image\">\n\t\t\t<div class=\"image-glow\">\n\t\t\t\t<a href=\"https:\/\/sinchi.hostienda.net\/nl\/producto\/tepi-applicator\/\" aria-label=\"Blauwe Tepi\">\n\t\t\t\t\t<img loading=\"lazy\" decoding=\"async\" width=\"247\" height=\"165\" src=\"https:\/\/sinchi.hostienda.net\/wp-content\/uploads\/2023\/02\/2-Tepi-Waru-247x165.jpg\" class=\"attachment-woocommerce_thumbnail size-woocommerce_thumbnail\" alt=\"Blauwe Tepi\" srcset=\"https:\/\/sinchi.hostienda.net\/wp-content\/uploads\/2023\/02\/2-Tepi-Waru-247x165.jpg 247w, https:\/\/sinchi.hostienda.net\/wp-content\/uploads\/2023\/02\/2-Tepi-Waru-600x400.jpg 600w, https:\/\/sinchi.hostienda.net\/wp-content\/uploads\/2023\/02\/2-Tepi-Waru-768x512.jpg 768w, https:\/\/sinchi.hostienda.net\/wp-content\/uploads\/2023\/02\/2-Tepi-Waru-510x340.jpg 510w, https:\/\/sinchi.hostienda.net\/wp-content\/uploads\/2023\/02\/2-Tepi-Waru.jpg 900w\" sizes=\"auto, (max-width: 247px) 100vw, 247px\" \/>\t\t\t\t<\/a>\n\t\t\t<\/div>\n\t\t\t<div class=\"image-tools is-small top right show-on-hover\">\n\t\t\t\t\t\t\t<\/div>\n\t\t\t<div class=\"image-tools is-small hide-for-small bottom left show-on-hover\">\n\t\t\t\t\t\t\t<\/div>\n\t\t\t<div class=\"image-tools grid-tools text-center hide-for-small bottom hover-slide-in show-on-hover\">\n\t\t\t\t<a href=\"\/nl\/wp-json\/wp\/v2\/pages\/19284?add-to-cart=8107\" aria-describedby=\"woocommerce_loop_add_to_cart_link_describedby_8107\" data-quantity=\"1\" class=\"add-to-cart-grid no-padding is-transparent product_type_simple add_to_cart_button ajax_add_to_cart\" data-product_id=\"8107\" data-product_sku=\"\" aria-label=\"Toevoegen aan winkelwagen: &ldquo;Blauwe Tepi&ldquo;\" rel=\"nofollow\" data-success_message=\"&#039;Blauwe Tepi&#039; is toegevoegd aan je winkelmand\" role=\"button\"><div class=\"cart-icon tooltip is-small\" title=\"Toevoegen aan winkelwagen\"><strong>+<\/strong><\/div><\/a>\t<span id=\"woocommerce_loop_add_to_cart_link_describedby_8107\" class=\"screen-reader-text\">\n\t\t\t<\/span>\n\t\t\t<\/div>\n\t\t\t\t\t<\/div>\n\n\t\t<div class=\"box-text box-text-products text-center grid-style-2\">\n\t\t\t<div class=\"title-wrapper\">\t\t<p class=\"category uppercase is-smaller no-text-overflow product-cat op-7\">\n\t\t\tTepis\t\t<\/p>\n\t<p class=\"name product-title woocommerce-loop-product__title\"><a href=\"https:\/\/sinchi.hostienda.net\/nl\/producto\/tepi-applicator\/\" class=\"woocommerce-LoopProduct-link woocommerce-loop-product__link\">Blauwe Tepi<\/a><\/p><\/div><div class=\"price-wrapper\">\n\t<span class=\"price\"><span class=\"woocommerce-Price-amount amount\"><bdi>48,00<span class=\"woocommerce-Price-currencySymbol\">&euro;<\/span><\/bdi><\/span><\/span>\n<\/div>\t\t<\/div>\n\t<\/div>\n\t<span class=\"gtm4wp_productdata\" style=\"display:none; visibility:hidden;\" data-gtm4wp_product_data=\"{&quot;internal_id&quot;:8107,&quot;item_id&quot;:8107,&quot;item_name&quot;:&quot;Blauwe Tepi&quot;,&quot;sku&quot;:8107,&quot;price&quot;:48,&quot;stocklevel&quot;:0,&quot;stockstatus&quot;:&quot;instock&quot;,&quot;google_business_vertical&quot;:&quot;retail&quot;,&quot;item_category&quot;:&quot;Tepis&quot;,&quot;id&quot;:8107,&quot;productlink&quot;:&quot;https:\\\/\\\/sinchi.hostienda.net\\\/nl\\\/producto\\\/tepi-applicator\\\/&quot;,&quot;item_list_name&quot;:&quot;Algemeen product lijst&quot;,&quot;index&quot;:4,&quot;product_type&quot;:&quot;simple&quot;,&quot;item_brand&quot;:&quot;&quot;}\"><\/span>\t<\/div>\n<\/div><div class=\"product-small col has-hover product type-product post-7784 status-publish first instock product_cat-tepis-nl has-post-thumbnail taxable shipping-taxable purchasable product-type-simple\">\n\t<div class=\"col-inner\">\n\t\n<div class=\"badge-container absolute left top z-1\">\n\n<\/div>\n\t<div class=\"product-small box \">\n\t\t<div class=\"box-image\">\n\t\t\t<div class=\"image-glow\">\n\t\t\t\t<a href=\"https:\/\/sinchi.hostienda.net\/nl\/producto\/tepi-rape-projector\/\" aria-label=\"Tepi - Rap\u00e9-projector\">\n\t\t\t\t\t<img loading=\"lazy\" decoding=\"async\" width=\"247\" height=\"165\" src=\"https:\/\/sinchi.hostienda.net\/wp-content\/uploads\/2023\/02\/2-Tepi-Sawo-copia-247x165.jpg\" class=\"attachment-woocommerce_thumbnail size-woocommerce_thumbnail\" alt=\"Tepi - Rap\u00e9-projector\" srcset=\"https:\/\/sinchi.hostienda.net\/wp-content\/uploads\/2023\/02\/2-Tepi-Sawo-copia-247x165.jpg 247w, https:\/\/sinchi.hostienda.net\/wp-content\/uploads\/2023\/02\/2-Tepi-Sawo-copia-600x400.jpg 600w, https:\/\/sinchi.hostienda.net\/wp-content\/uploads\/2023\/02\/2-Tepi-Sawo-copia-768x512.jpg 768w, https:\/\/sinchi.hostienda.net\/wp-content\/uploads\/2023\/02\/2-Tepi-Sawo-copia-510x340.jpg 510w, https:\/\/sinchi.hostienda.net\/wp-content\/uploads\/2023\/02\/2-Tepi-Sawo-copia.jpg 900w\" sizes=\"auto, (max-width: 247px) 100vw, 247px\" \/>\t\t\t\t<\/a>\n\t\t\t<\/div>\n\t\t\t<div class=\"image-tools is-small top right show-on-hover\">\n\t\t\t\t\t\t\t<\/div>\n\t\t\t<div class=\"image-tools is-small hide-for-small bottom left show-on-hover\">\n\t\t\t\t\t\t\t<\/div>\n\t\t\t<div class=\"image-tools grid-tools text-center hide-for-small bottom hover-slide-in show-on-hover\">\n\t\t\t\t<a href=\"\/nl\/wp-json\/wp\/v2\/pages\/19284?add-to-cart=7784\" aria-describedby=\"woocommerce_loop_add_to_cart_link_describedby_7784\" data-quantity=\"1\" class=\"add-to-cart-grid no-padding is-transparent product_type_simple add_to_cart_button ajax_add_to_cart\" data-product_id=\"7784\" data-product_sku=\"\" aria-label=\"Toevoegen aan winkelwagen: &ldquo;Tepi - Rap\u00e9-projector&ldquo;\" rel=\"nofollow\" data-success_message=\"&#039;Tepi - Rap\u00e9-projector&#039; is toegevoegd aan je winkelmand\" role=\"button\"><div class=\"cart-icon tooltip is-small\" title=\"Toevoegen aan winkelwagen\"><strong>+<\/strong><\/div><\/a>\t<span id=\"woocommerce_loop_add_to_cart_link_describedby_7784\" class=\"screen-reader-text\">\n\t\t\t<\/span>\n\t\t\t<\/div>\n\t\t\t\t\t<\/div>\n\n\t\t<div class=\"box-text box-text-products text-center grid-style-2\">\n\t\t\t<div class=\"title-wrapper\">\t\t<p class=\"category uppercase is-smaller no-text-overflow product-cat op-7\">\n\t\t\tTepis\t\t<\/p>\n\t<p class=\"name product-title woocommerce-loop-product__title\"><a href=\"https:\/\/sinchi.hostienda.net\/nl\/producto\/tepi-rape-projector\/\" class=\"woocommerce-LoopProduct-link woocommerce-loop-product__link\">Tepi &#8211; Rap\u00e9-projector<\/a><\/p><\/div><div class=\"price-wrapper\">\n\t<span class=\"price\"><span class=\"woocommerce-Price-amount amount\"><bdi>40,00<span class=\"woocommerce-Price-currencySymbol\">&euro;<\/span><\/bdi><\/span><\/span>\n<\/div>\t\t<\/div>\n\t<\/div>\n\t<span class=\"gtm4wp_productdata\" style=\"display:none; visibility:hidden;\" data-gtm4wp_product_data=\"{&quot;internal_id&quot;:7784,&quot;item_id&quot;:7784,&quot;item_name&quot;:&quot;Tepi - Rap\\u00e9-projector&quot;,&quot;sku&quot;:7784,&quot;price&quot;:40,&quot;stocklevel&quot;:null,&quot;stockstatus&quot;:&quot;instock&quot;,&quot;google_business_vertical&quot;:&quot;retail&quot;,&quot;item_category&quot;:&quot;Tepis&quot;,&quot;id&quot;:7784,&quot;productlink&quot;:&quot;https:\\\/\\\/sinchi.hostienda.net\\\/nl\\\/producto\\\/tepi-rape-projector\\\/&quot;,&quot;item_list_name&quot;:&quot;Algemeen product lijst&quot;,&quot;index&quot;:5,&quot;product_type&quot;:&quot;simple&quot;,&quot;item_brand&quot;:&quot;&quot;}\"><\/span>\t<\/div>\n<\/div><\/div>\n","protected":false},"excerpt":{"rendered":"","protected":false},"author":1,"featured_media":0,"parent":15262,"menu_order":0,"comment_status":"closed","ping_status":"closed","template":"","meta":{"_joinchat":[],"footnotes":""},"class_list":["post-19284","page","type-page","status-publish","hentry"],"yoast_head":"<!-- This site is optimized with the Yoast SEO plugin v26.2 - https:\/\/yoast.com\/wordpress\/plugins\/seo\/ -->\n<title>Sinchi Rap\u00e9: Tepi-applicators en Kurip\u00e9-zelfapplicators<\/title>\n<meta name=\"description\" content=\"Rap\u00e9-projectoren, met fijne afwerkingen en ideale afmetingen voor comfortabel en harmonieus gebruik. (Kurip\u00e9 en Tepi)\" \/>\n<meta name=\"robots\" content=\"index, follow, max-snippet:-1, max-image-preview:large, max-video-preview:-1\" \/>\n<link rel=\"canonical\" href=\"https:\/\/sinchi.hostienda.net\/nl\/rape\/projectoren\/\" \/>\n<meta property=\"og:locale\" content=\"nl_NL\" \/>\n<meta property=\"og:type\" content=\"article\" \/>\n<meta property=\"og:title\" content=\"Sinchi Rap\u00e9: Tepi-applicators en Kurip\u00e9-zelfapplicators\" \/>\n<meta property=\"og:description\" content=\"Rap\u00e9-projectoren, met fijne afwerkingen en ideale afmetingen voor comfortabel en harmonieus gebruik. (Kurip\u00e9 en Tepi)\" \/>\n<meta property=\"og:url\" content=\"https:\/\/sinchi.hostienda.net\/nl\/rape\/projectoren\/\" \/>\n<meta property=\"og:site_name\" content=\"SINCHI RAP\u00c9\" \/>\n<meta property=\"article:modified_time\" content=\"2024-07-26T10:57:10+00:00\" \/>\n<meta name=\"twitter:card\" content=\"summary_large_image\" \/>\n<script type=\"application\/ld+json\" class=\"yoast-schema-graph\">{\"@context\":\"https:\/\/schema.org\",\"@graph\":[{\"@type\":\"WebPage\",\"@id\":\"https:\/\/sinchi.hostienda.net\/nl\/rape\/projectoren\/\",\"url\":\"https:\/\/sinchi.hostienda.net\/nl\/rape\/projectoren\/\",\"name\":\"Sinchi Rap\u00e9: Tepi-applicators en Kurip\u00e9-zelfapplicators\",\"isPartOf\":{\"@id\":\"https:\/\/sinchi.hostienda.net\/nl\/#website\"},\"datePublished\":\"2024-07-26T10:57:09+00:00\",\"dateModified\":\"2024-07-26T10:57:10+00:00\",\"description\":\"Rap\u00e9-projectoren, met fijne afwerkingen en ideale afmetingen voor comfortabel en harmonieus gebruik. (Kurip\u00e9 en Tepi)\",\"breadcrumb\":{\"@id\":\"https:\/\/sinchi.hostienda.net\/nl\/rape\/projectoren\/#breadcrumb\"},\"inLanguage\":\"nl-NL\",\"potentialAction\":[{\"@type\":\"ReadAction\",\"target\":[\"https:\/\/sinchi.hostienda.net\/nl\/rape\/projectoren\/\"]}]},{\"@type\":\"BreadcrumbList\",\"@id\":\"https:\/\/sinchi.hostienda.net\/nl\/rape\/projectoren\/#breadcrumb\",\"itemListElement\":[{\"@type\":\"ListItem\",\"position\":1,\"name\":\"Voorpagina\",\"item\":\"https:\/\/sinchi.hostienda.net\/nl\/\"},{\"@type\":\"ListItem\",\"position\":2,\"name\":\"Rap\u00e9 Kopen\",\"item\":\"https:\/\/sinchi.hostienda.net\/nl\/\"},{\"@type\":\"ListItem\",\"position\":3,\"name\":\"Projectoren\"}]},{\"@type\":\"WebSite\",\"@id\":\"https:\/\/sinchi.hostienda.net\/nl\/#website\",\"url\":\"https:\/\/sinchi.hostienda.net\/nl\/\",\"name\":\"SINCHI RAP\u00c9\",\"description\":\"Sinchi Medicine\",\"potentialAction\":[{\"@type\":\"SearchAction\",\"target\":{\"@type\":\"EntryPoint\",\"urlTemplate\":\"https:\/\/sinchi.hostienda.net\/nl\/?s={search_term_string}\"},\"query-input\":{\"@type\":\"PropertyValueSpecification\",\"valueRequired\":true,\"valueName\":\"search_term_string\"}}],\"inLanguage\":\"nl-NL\"}]}<\/script>\n<!-- \/ Yoast SEO plugin. -->","yoast_head_json":{"title":"Sinchi Rap\u00e9: Tepi-applicators en Kurip\u00e9-zelfapplicators","description":"Rap\u00e9-projectoren, met fijne afwerkingen en ideale afmetingen voor comfortabel en harmonieus gebruik. (Kurip\u00e9 en Tepi)","robots":{"index":"index","follow":"follow","max-snippet":"max-snippet:-1","max-image-preview":"max-image-preview:large","max-video-preview":"max-video-preview:-1"},"canonical":"https:\/\/sinchi.hostienda.net\/nl\/rape\/projectoren\/","og_locale":"nl_NL","og_type":"article","og_title":"Sinchi Rap\u00e9: Tepi-applicators en Kurip\u00e9-zelfapplicators","og_description":"Rap\u00e9-projectoren, met fijne afwerkingen en ideale afmetingen voor comfortabel en harmonieus gebruik. (Kurip\u00e9 en Tepi)","og_url":"https:\/\/sinchi.hostienda.net\/nl\/rape\/projectoren\/","og_site_name":"SINCHI RAP\u00c9","article_modified_time":"2024-07-26T10:57:10+00:00","twitter_card":"summary_large_image","schema":{"@context":"https:\/\/schema.org","@graph":[{"@type":"WebPage","@id":"https:\/\/sinchi.hostienda.net\/nl\/rape\/projectoren\/","url":"https:\/\/sinchi.hostienda.net\/nl\/rape\/projectoren\/","name":"Sinchi Rap\u00e9: Tepi-applicators en Kurip\u00e9-zelfapplicators","isPartOf":{"@id":"https:\/\/sinchi.hostienda.net\/nl\/#website"},"datePublished":"2024-07-26T10:57:09+00:00","dateModified":"2024-07-26T10:57:10+00:00","description":"Rap\u00e9-projectoren, met fijne afwerkingen en ideale afmetingen voor comfortabel en harmonieus gebruik. (Kurip\u00e9 en Tepi)","breadcrumb":{"@id":"https:\/\/sinchi.hostienda.net\/nl\/rape\/projectoren\/#breadcrumb"},"inLanguage":"nl-NL","potentialAction":[{"@type":"ReadAction","target":["https:\/\/sinchi.hostienda.net\/nl\/rape\/projectoren\/"]}]},{"@type":"BreadcrumbList","@id":"https:\/\/sinchi.hostienda.net\/nl\/rape\/projectoren\/#breadcrumb","itemListElement":[{"@type":"ListItem","position":1,"name":"Voorpagina","item":"https:\/\/sinchi.hostienda.net\/nl\/"},{"@type":"ListItem","position":2,"name":"Rap\u00e9 Kopen","item":"https:\/\/sinchi.hostienda.net\/nl\/"},{"@type":"ListItem","position":3,"name":"Projectoren"}]},{"@type":"WebSite","@id":"https:\/\/sinchi.hostienda.net\/nl\/#website","url":"https:\/\/sinchi.hostienda.net\/nl\/","name":"SINCHI RAP\u00c9","description":"Sinchi Medicine","potentialAction":[{"@type":"SearchAction","target":{"@type":"EntryPoint","urlTemplate":"https:\/\/sinchi.hostienda.net\/nl\/?s={search_term_string}"},"query-input":{"@type":"PropertyValueSpecification","valueRequired":true,"valueName":"search_term_string"}}],"inLanguage":"nl-NL"}]}},"_links":{"self":[{"href":"https:\/\/sinchi.hostienda.net\/nl\/wp-json\/wp\/v2\/pages\/19284","targetHints":{"allow":["GET"]}}],"collection":[{"href":"https:\/\/sinchi.hostienda.net\/nl\/wp-json\/wp\/v2\/pages"}],"about":[{"href":"https:\/\/sinchi.hostienda.net\/nl\/wp-json\/wp\/v2\/types\/page"}],"author":[{"embeddable":true,"href":"https:\/\/sinchi.hostienda.net\/nl\/wp-json\/wp\/v2\/users\/1"}],"replies":[{"embeddable":true,"href":"https:\/\/sinchi.hostienda.net\/nl\/wp-json\/wp\/v2\/comments?post=19284"}],"version-history":[{"count":1,"href":"https:\/\/sinchi.hostienda.net\/nl\/wp-json\/wp\/v2\/pages\/19284\/revisions"}],"predecessor-version":[{"id":19285,"href":"https:\/\/sinchi.hostienda.net\/nl\/wp-json\/wp\/v2\/pages\/19284\/revisions\/19285"}],"up":[{"embeddable":true,"href":"https:\/\/sinchi.hostienda.net\/nl\/wp-json\/wp\/v2\/pages\/15262"}],"wp:attachment":[{"href":"https:\/\/sinchi.hostienda.net\/nl\/wp-json\/wp\/v2\/media?parent=19284"}],"curies":[{"name":"wp","href":"https:\/\/api.w.org\/{rel}","templated":true}]}}