{"id":8133,"date":"2023-02-25T21:12:05","date_gmt":"2023-02-25T21:12:05","guid":{"rendered":"https:\/\/www.sinchisinchi.com\/producto\/tepi-applicatore\/"},"modified":"2024-04-19T08:02:59","modified_gmt":"2024-04-19T08:02:59","slug":"tepi-applicatore","status":"publish","type":"product","link":"https:\/\/sinchi.hostienda.net\/it\/producto\/tepi-applicatore\/","title":{"rendered":"Tepi Blu"},"content":{"rendered":"<h2 style=\"text-align: center;\"><strong>Quanto rap\u00e9 consumare<\/strong> secondo le trib\u00f9?<\/h2>\n<p>Per studiare la medicina del rap\u00e9 si pu\u00f2 assumere fino a tre o quattro volte al giorno, facendone sempre un uso consapevole, ascoltando il nostro corpo e valutando in base alle sensazioni. \u00c8 sempre bene fare delle pause di qualche giorno in modo che sia uno strumento al nostro servizio, invece che un&#8217;abitudine da cui dipendiamo.<\/p>\n","protected":false},"excerpt":{"rendered":"<p>Tepi smaltato e decorato con filo azzurro, con finiture pregiate e misure ideali per un uso comodo e armonioso.<\/p>\n<p>Il tepi \u00e8 un lungo proiettore, utilizzato per proiettare rap\u00e9 su un&#8217;altra persona.<\/p>\n<p>Proiettare rap\u00e9 su un&#8217;altra persona implica una certa responsabilit\u00e0, poich\u00e9 secondo le tradizioni c&#8217;\u00e8 un forte scambio di energia, soprattutto tra chi lo applica e chi lo riceve. \u00c8 importante assicurarsi di prendere rap\u00e9 solo da qualcuno di cui ci fidiamo completamente e sappiamo che ha buone intenzioni nei nostri confronti.<\/p>\n","protected":false},"featured_media":28918,"template":"","meta":{"_joinchat":[]},"product_brand":[],"product_cat":[191],"product_tag":[],"class_list":{"0":"post-8133","1":"product","2":"type-product","3":"status-publish","4":"has-post-thumbnail","6":"product_cat-tepis-it","8":"first","9":"instock","10":"taxable","11":"shipping-taxable","12":"purchasable","13":"product-type-simple"},"yoast_head":"<!-- This site is optimized with the Yoast SEO plugin v26.2 - https:\/\/yoast.com\/wordpress\/plugins\/seo\/ -->\n<title>Tepi Azul: Acquista l&#039;applicatore di rap\u00e9 brasiliano<\/title>\n<meta name=\"description\" content=\"Tepi per applicare il rap\u00e9, smaltato e decorato con filo azzurro, con finiture pregiate e misure ideali per un uso comodo e armonioso.\" \/>\n<meta name=\"robots\" content=\"index, follow, max-snippet:-1, max-image-preview:large, max-video-preview:-1\" \/>\n<link rel=\"canonical\" href=\"https:\/\/sinchi.hostienda.net\/it\/producto\/tepi-applicatore\/\" \/>\n<meta property=\"og:locale\" content=\"it_IT\" \/>\n<meta property=\"og:type\" content=\"article\" \/>\n<meta property=\"og:title\" content=\"Tepi Azul: Acquista l&#039;applicatore di rap\u00e9 brasiliano\" \/>\n<meta property=\"og:description\" content=\"Tepi per applicare il rap\u00e9, smaltato e decorato con filo azzurro, con finiture pregiate e misure ideali per un uso comodo e armonioso.\" \/>\n<meta property=\"og:url\" content=\"https:\/\/sinchi.hostienda.net\/it\/producto\/tepi-applicatore\/\" \/>\n<meta property=\"og:site_name\" content=\"SINCHI RAP\u00c9\" \/>\n<meta property=\"article:modified_time\" content=\"2024-04-19T08:02:59+00:00\" \/>\n<meta property=\"og:image\" content=\"https:\/\/sinchi.hostienda.net\/wp-content\/uploads\/2023\/02\/2-Tepi-Waru.jpg\" \/>\n\t<meta property=\"og:image:width\" content=\"900\" \/>\n\t<meta property=\"og:image:height\" content=\"600\" \/>\n\t<meta property=\"og:image:type\" content=\"image\/jpeg\" \/>\n<meta name=\"twitter:card\" content=\"summary_large_image\" \/>\n<script type=\"application\/ld+json\" class=\"yoast-schema-graph\">{\"@context\":\"https:\/\/schema.org\",\"@graph\":[{\"@type\":\"WebPage\",\"@id\":\"https:\/\/sinchi.hostienda.net\/it\/producto\/tepi-applicatore\/\",\"url\":\"https:\/\/sinchi.hostienda.net\/it\/producto\/tepi-applicatore\/\",\"name\":\"Tepi Azul: Acquista l'applicatore di rap\u00e9 brasiliano\",\"isPartOf\":{\"@id\":\"https:\/\/sinchi.hostienda.net\/it\/#website\"},\"primaryImageOfPage\":{\"@id\":\"https:\/\/sinchi.hostienda.net\/it\/producto\/tepi-applicatore\/#primaryimage\"},\"image\":{\"@id\":\"https:\/\/sinchi.hostienda.net\/it\/producto\/tepi-applicatore\/#primaryimage\"},\"thumbnailUrl\":\"https:\/\/sinchi.hostienda.net\/wp-content\/uploads\/2023\/02\/2-Tepi-Waru.jpg\",\"datePublished\":\"2023-02-25T21:12:05+00:00\",\"dateModified\":\"2024-04-19T08:02:59+00:00\",\"description\":\"Tepi per applicare il rap\u00e9, smaltato e decorato con filo azzurro, con finiture pregiate e misure ideali per un uso comodo e armonioso.\",\"breadcrumb\":{\"@id\":\"https:\/\/sinchi.hostienda.net\/it\/producto\/tepi-applicatore\/#breadcrumb\"},\"inLanguage\":\"it-IT\",\"potentialAction\":[{\"@type\":\"ReadAction\",\"target\":[\"https:\/\/sinchi.hostienda.net\/it\/producto\/tepi-applicatore\/\"]}]},{\"@type\":\"ImageObject\",\"inLanguage\":\"it-IT\",\"@id\":\"https:\/\/sinchi.hostienda.net\/it\/producto\/tepi-applicatore\/#primaryimage\",\"url\":\"https:\/\/sinchi.hostienda.net\/wp-content\/uploads\/2023\/02\/2-Tepi-Waru.jpg\",\"contentUrl\":\"https:\/\/sinchi.hostienda.net\/wp-content\/uploads\/2023\/02\/2-Tepi-Waru.jpg\",\"width\":900,\"height\":600},{\"@type\":\"BreadcrumbList\",\"@id\":\"https:\/\/sinchi.hostienda.net\/it\/producto\/tepi-applicatore\/#breadcrumb\",\"itemListElement\":[{\"@type\":\"ListItem\",\"position\":1,\"name\":\"Prima pagina\",\"item\":\"https:\/\/sinchi.hostienda.net\/it\/\"},{\"@type\":\"ListItem\",\"position\":2,\"name\":\"Prodotti\",\"item\":\"https:\/\/sinchi.hostienda.net\/it\/shop\/\"},{\"@type\":\"ListItem\",\"position\":3,\"name\":\"Tepi Blu\"}]},{\"@type\":\"WebSite\",\"@id\":\"https:\/\/sinchi.hostienda.net\/it\/#website\",\"url\":\"https:\/\/sinchi.hostienda.net\/it\/\",\"name\":\"SINCHI RAP\u00c9\",\"description\":\"Sinchi Medicine\",\"potentialAction\":[{\"@type\":\"SearchAction\",\"target\":{\"@type\":\"EntryPoint\",\"urlTemplate\":\"https:\/\/sinchi.hostienda.net\/it\/?s={search_term_string}\"},\"query-input\":{\"@type\":\"PropertyValueSpecification\",\"valueRequired\":true,\"valueName\":\"search_term_string\"}}],\"inLanguage\":\"it-IT\"}]}<\/script>\n<!-- \/ Yoast SEO plugin. -->","yoast_head_json":{"title":"Tepi Azul: Acquista l'applicatore di rap\u00e9 brasiliano","description":"Tepi per applicare il rap\u00e9, smaltato e decorato con filo azzurro, con finiture pregiate e misure ideali per un uso comodo e armonioso.","robots":{"index":"index","follow":"follow","max-snippet":"max-snippet:-1","max-image-preview":"max-image-preview:large","max-video-preview":"max-video-preview:-1"},"canonical":"https:\/\/sinchi.hostienda.net\/it\/producto\/tepi-applicatore\/","og_locale":"it_IT","og_type":"article","og_title":"Tepi Azul: Acquista l'applicatore di rap\u00e9 brasiliano","og_description":"Tepi per applicare il rap\u00e9, smaltato e decorato con filo azzurro, con finiture pregiate e misure ideali per un uso comodo e armonioso.","og_url":"https:\/\/sinchi.hostienda.net\/it\/producto\/tepi-applicatore\/","og_site_name":"SINCHI RAP\u00c9","article_modified_time":"2024-04-19T08:02:59+00:00","og_image":[{"width":900,"height":600,"url":"https:\/\/sinchi.hostienda.net\/wp-content\/uploads\/2023\/02\/2-Tepi-Waru.jpg","type":"image\/jpeg"}],"twitter_card":"summary_large_image","schema":{"@context":"https:\/\/schema.org","@graph":[{"@type":"WebPage","@id":"https:\/\/sinchi.hostienda.net\/it\/producto\/tepi-applicatore\/","url":"https:\/\/sinchi.hostienda.net\/it\/producto\/tepi-applicatore\/","name":"Tepi Azul: Acquista l'applicatore di rap\u00e9 brasiliano","isPartOf":{"@id":"https:\/\/sinchi.hostienda.net\/it\/#website"},"primaryImageOfPage":{"@id":"https:\/\/sinchi.hostienda.net\/it\/producto\/tepi-applicatore\/#primaryimage"},"image":{"@id":"https:\/\/sinchi.hostienda.net\/it\/producto\/tepi-applicatore\/#primaryimage"},"thumbnailUrl":"https:\/\/sinchi.hostienda.net\/wp-content\/uploads\/2023\/02\/2-Tepi-Waru.jpg","datePublished":"2023-02-25T21:12:05+00:00","dateModified":"2024-04-19T08:02:59+00:00","description":"Tepi per applicare il rap\u00e9, smaltato e decorato con filo azzurro, con finiture pregiate e misure ideali per un uso comodo e armonioso.","breadcrumb":{"@id":"https:\/\/sinchi.hostienda.net\/it\/producto\/tepi-applicatore\/#breadcrumb"},"inLanguage":"it-IT","potentialAction":[{"@type":"ReadAction","target":["https:\/\/sinchi.hostienda.net\/it\/producto\/tepi-applicatore\/"]}]},{"@type":"ImageObject","inLanguage":"it-IT","@id":"https:\/\/sinchi.hostienda.net\/it\/producto\/tepi-applicatore\/#primaryimage","url":"https:\/\/sinchi.hostienda.net\/wp-content\/uploads\/2023\/02\/2-Tepi-Waru.jpg","contentUrl":"https:\/\/sinchi.hostienda.net\/wp-content\/uploads\/2023\/02\/2-Tepi-Waru.jpg","width":900,"height":600},{"@type":"BreadcrumbList","@id":"https:\/\/sinchi.hostienda.net\/it\/producto\/tepi-applicatore\/#breadcrumb","itemListElement":[{"@type":"ListItem","position":1,"name":"Prima pagina","item":"https:\/\/sinchi.hostienda.net\/it\/"},{"@type":"ListItem","position":2,"name":"Prodotti","item":"https:\/\/sinchi.hostienda.net\/it\/shop\/"},{"@type":"ListItem","position":3,"name":"Tepi Blu"}]},{"@type":"WebSite","@id":"https:\/\/sinchi.hostienda.net\/it\/#website","url":"https:\/\/sinchi.hostienda.net\/it\/","name":"SINCHI RAP\u00c9","description":"Sinchi Medicine","potentialAction":[{"@type":"SearchAction","target":{"@type":"EntryPoint","urlTemplate":"https:\/\/sinchi.hostienda.net\/it\/?s={search_term_string}"},"query-input":{"@type":"PropertyValueSpecification","valueRequired":true,"valueName":"search_term_string"}}],"inLanguage":"it-IT"}]}},"_links":{"self":[{"href":"https:\/\/sinchi.hostienda.net\/it\/wp-json\/wp\/v2\/product\/8133","targetHints":{"allow":["GET"]}}],"collection":[{"href":"https:\/\/sinchi.hostienda.net\/it\/wp-json\/wp\/v2\/product"}],"about":[{"href":"https:\/\/sinchi.hostienda.net\/it\/wp-json\/wp\/v2\/types\/product"}],"wp:featuredmedia":[{"embeddable":true,"href":"https:\/\/sinchi.hostienda.net\/it\/wp-json\/wp\/v2\/media\/28918"}],"wp:attachment":[{"href":"https:\/\/sinchi.hostienda.net\/it\/wp-json\/wp\/v2\/media?parent=8133"}],"wp:term":[{"taxonomy":"product_brand","embeddable":true,"href":"https:\/\/sinchi.hostienda.net\/it\/wp-json\/wp\/v2\/product_brand?post=8133"},{"taxonomy":"product_cat","embeddable":true,"href":"https:\/\/sinchi.hostienda.net\/it\/wp-json\/wp\/v2\/product_cat?post=8133"},{"taxonomy":"product_tag","embeddable":true,"href":"https:\/\/sinchi.hostienda.net\/it\/wp-json\/wp\/v2\/product_tag?post=8133"}],"curies":[{"name":"wp","href":"https:\/\/api.w.org\/{rel}","templated":true}]}}