{"id":3823,"date":"2020-02-02T20:08:18","date_gmt":"2020-02-02T20:08:18","guid":{"rendered":"https:\/\/www.sinchisinchi.com\/producto\/shawadawa-rape\/"},"modified":"2024-07-05T10:59:28","modified_gmt":"2024-07-05T10:59:28","slug":"shawadawa-rape","status":"publish","type":"product","link":"https:\/\/sinchi.hostienda.net\/it\/producto\/shawadawa-rape\/","title":{"rendered":"Shawadawa"},"content":{"rendered":"[et_pb_section fb_built=&#8221;1&#8243; _builder_version=&#8221;3.22&#8243; custom_padding=&#8221;0px||||false|false&#8221;][et_pb_row _builder_version=&#8221;3.25&#8243; background_size=&#8221;initial&#8221; background_position=&#8221;top_left&#8221; background_repeat=&#8221;repeat&#8221; width=&#8221;100%&#8221; custom_padding=&#8221;0px||0px||false|false&#8221;][et_pb_column type=&#8221;4_4&#8243; _builder_version=&#8221;3.25&#8243; custom_padding=&#8221;|||&#8221; custom_padding__hover=&#8221;|||&#8221;][et_pb_wc_breadcrumb _builder_version=&#8221;3.0.47&#8243;][\/et_pb_wc_breadcrumb][et_pb_wc_cart_notice _builder_version=&#8221;3.0.47&#8243;][\/et_pb_wc_cart_notice][\/et_pb_column][\/et_pb_row][et_pb_row column_structure=&#8221;1_2,1_2&#8243; _builder_version=&#8221;3.25&#8243; background_size=&#8221;initial&#8221; background_position=&#8221;top_left&#8221; background_repeat=&#8221;repeat&#8221; width=&#8221;100%&#8221; custom_padding=&#8221;0px||||false|false&#8221;][et_pb_column type=&#8221;1_2&#8243; _builder_version=&#8221;3.25&#8243; custom_padding=&#8221;|||&#8221; custom_padding__hover=&#8221;|||&#8221;][et_pb_wc_images _builder_version=&#8221;3.0.47&#8243;][\/et_pb_wc_images][\/et_pb_column][et_pb_column type=&#8221;1_2&#8243; _builder_version=&#8221;3.25&#8243; custom_padding=&#8221;|||&#8221; custom_padding__hover=&#8221;|||&#8221;][et_pb_wc_title _builder_version=&#8221;3.0.47&#8243;][\/et_pb_wc_title][et_pb_wc_rating _builder_version=&#8221;3.0.47&#8243;][\/et_pb_wc_rating][et_pb_wc_price _builder_version=&#8221;3.0.47&#8243;][\/et_pb_wc_price][et_pb_wc_description _builder_version=&#8221;3.0.47&#8243;][\/et_pb_wc_description][et_pb_wc_add_to_cart _builder_version=&#8221;3.0.47&#8243;][\/et_pb_wc_add_to_cart][et_pb_wc_meta _builder_version=&#8221;3.0.47&#8243;][\/et_pb_wc_meta][\/et_pb_column][\/et_pb_row][et_pb_row _builder_version=&#8221;3.25&#8243; background_size=&#8221;initial&#8221; background_position=&#8221;top_left&#8221; background_repeat=&#8221;repeat&#8221; width=&#8221;100%&#8221;][et_pb_column type=&#8221;4_4&#8243; _builder_version=&#8221;3.25&#8243; custom_padding=&#8221;|||&#8221; custom_padding__hover=&#8221;|||&#8221;][et_pb_wc_tabs _builder_version=&#8221;3.0.47&#8243;]\t\t\t\t\t[\/et_pb_wc_tabs][et_pb_wc_upsells _builder_version=&#8221;3.0.47&#8243;][\/et_pb_wc_upsells][et_pb_wc_related_products _builder_version=&#8221;3.0.47&#8243;][\/et_pb_wc_related_products][\/et_pb_column][\/et_pb_row][\/et_pb_section]\n","protected":false},"excerpt":{"rendered":"<p>Ottimo Rap\u00e9 della trib\u00f9 Shawadawa, con ceneri Rauti, particolarmente indicato per eliminare dolori e dipendenze.<\/p>\n","protected":false},"featured_media":1184,"template":"","meta":{"_joinchat":[]},"product_brand":[],"product_cat":[121],"product_tag":[],"class_list":{"0":"post-3823","1":"product","2":"type-product","3":"status-publish","4":"has-post-thumbnail","6":"product_cat-rape-it","8":"first","9":"outofstock","10":"taxable","11":"shipping-taxable","12":"purchasable","13":"product-type-simple"},"yoast_head":"<!-- This site is optimized with the Yoast SEO plugin v26.2 - https:\/\/yoast.com\/wordpress\/plugins\/seo\/ -->\n<title>SHAWADAWA RAP\u00c9: Rap\u00e9 medicinale dell&#039;Amazzonia<\/title>\n<meta name=\"description\" content=\"Ottimo Rap\u00e9 della trib\u00f9 Shawadawa, con ceneri Rauti, particolarmente indicato per eliminare dolori e dipendenze.\" \/>\n<meta name=\"robots\" content=\"index, follow, max-snippet:-1, max-image-preview:large, max-video-preview:-1\" \/>\n<link rel=\"canonical\" href=\"https:\/\/sinchi.hostienda.net\/it\/producto\/shawadawa-rape\/\" \/>\n<meta property=\"og:locale\" content=\"it_IT\" \/>\n<meta property=\"og:type\" content=\"article\" \/>\n<meta property=\"og:title\" content=\"SHAWADAWA RAP\u00c9: Rap\u00e9 medicinale dell&#039;Amazzonia\" \/>\n<meta property=\"og:description\" content=\"Ottimo Rap\u00e9 della trib\u00f9 Shawadawa, con ceneri Rauti, particolarmente indicato per eliminare dolori e dipendenze.\" \/>\n<meta property=\"og:url\" content=\"https:\/\/sinchi.hostienda.net\/it\/producto\/shawadawa-rape\/\" \/>\n<meta property=\"og:site_name\" content=\"SINCHI RAP\u00c9\" \/>\n<meta property=\"article:modified_time\" content=\"2024-07-05T10:59:28+00:00\" \/>\n<meta property=\"og:image\" content=\"https:\/\/sinchi.hostienda.net\/wp-content\/uploads\/2020\/02\/Shawadawa.jpg\" \/>\n\t<meta property=\"og:image:width\" content=\"600\" \/>\n\t<meta property=\"og:image:height\" content=\"600\" \/>\n\t<meta property=\"og:image:type\" content=\"image\/jpeg\" \/>\n<meta name=\"twitter:card\" content=\"summary_large_image\" \/>\n<meta name=\"twitter:label1\" content=\"Tempo di lettura stimato\" \/>\n\t<meta name=\"twitter:data1\" content=\"1 minuto\" \/>\n<script type=\"application\/ld+json\" class=\"yoast-schema-graph\">{\"@context\":\"https:\/\/schema.org\",\"@graph\":[{\"@type\":\"WebPage\",\"@id\":\"https:\/\/sinchi.hostienda.net\/it\/producto\/shawadawa-rape\/\",\"url\":\"https:\/\/sinchi.hostienda.net\/it\/producto\/shawadawa-rape\/\",\"name\":\"SHAWADAWA RAP\u00c9: Rap\u00e9 medicinale dell'Amazzonia\",\"isPartOf\":{\"@id\":\"https:\/\/sinchi.hostienda.net\/it\/#website\"},\"primaryImageOfPage\":{\"@id\":\"https:\/\/sinchi.hostienda.net\/it\/producto\/shawadawa-rape\/#primaryimage\"},\"image\":{\"@id\":\"https:\/\/sinchi.hostienda.net\/it\/producto\/shawadawa-rape\/#primaryimage\"},\"thumbnailUrl\":\"https:\/\/sinchi.hostienda.net\/wp-content\/uploads\/2020\/02\/Shawadawa.jpg\",\"datePublished\":\"2020-02-02T20:08:18+00:00\",\"dateModified\":\"2024-07-05T10:59:28+00:00\",\"description\":\"Ottimo Rap\u00e9 della trib\u00f9 Shawadawa, con ceneri Rauti, particolarmente indicato per eliminare dolori e dipendenze.\",\"breadcrumb\":{\"@id\":\"https:\/\/sinchi.hostienda.net\/it\/producto\/shawadawa-rape\/#breadcrumb\"},\"inLanguage\":\"it-IT\",\"potentialAction\":[{\"@type\":\"ReadAction\",\"target\":[\"https:\/\/sinchi.hostienda.net\/it\/producto\/shawadawa-rape\/\"]}]},{\"@type\":\"ImageObject\",\"inLanguage\":\"it-IT\",\"@id\":\"https:\/\/sinchi.hostienda.net\/it\/producto\/shawadawa-rape\/#primaryimage\",\"url\":\"https:\/\/sinchi.hostienda.net\/wp-content\/uploads\/2020\/02\/Shawadawa.jpg\",\"contentUrl\":\"https:\/\/sinchi.hostienda.net\/wp-content\/uploads\/2020\/02\/Shawadawa.jpg\",\"width\":600,\"height\":600,\"caption\":\"Rap\u00e9 Shawadawa\"},{\"@type\":\"BreadcrumbList\",\"@id\":\"https:\/\/sinchi.hostienda.net\/it\/producto\/shawadawa-rape\/#breadcrumb\",\"itemListElement\":[{\"@type\":\"ListItem\",\"position\":1,\"name\":\"Prima pagina\",\"item\":\"https:\/\/sinchi.hostienda.net\/it\/\"},{\"@type\":\"ListItem\",\"position\":2,\"name\":\"Prodotti\",\"item\":\"https:\/\/sinchi.hostienda.net\/it\/shop\/\"},{\"@type\":\"ListItem\",\"position\":3,\"name\":\"Shawadawa\"}]},{\"@type\":\"WebSite\",\"@id\":\"https:\/\/sinchi.hostienda.net\/it\/#website\",\"url\":\"https:\/\/sinchi.hostienda.net\/it\/\",\"name\":\"SINCHI RAP\u00c9\",\"description\":\"Sinchi Medicine\",\"potentialAction\":[{\"@type\":\"SearchAction\",\"target\":{\"@type\":\"EntryPoint\",\"urlTemplate\":\"https:\/\/sinchi.hostienda.net\/it\/?s={search_term_string}\"},\"query-input\":{\"@type\":\"PropertyValueSpecification\",\"valueRequired\":true,\"valueName\":\"search_term_string\"}}],\"inLanguage\":\"it-IT\"}]}<\/script>\n<!-- \/ Yoast SEO plugin. -->","yoast_head_json":{"title":"SHAWADAWA RAP\u00c9: Rap\u00e9 medicinale dell'Amazzonia","description":"Ottimo Rap\u00e9 della trib\u00f9 Shawadawa, con ceneri Rauti, particolarmente indicato per eliminare dolori e dipendenze.","robots":{"index":"index","follow":"follow","max-snippet":"max-snippet:-1","max-image-preview":"max-image-preview:large","max-video-preview":"max-video-preview:-1"},"canonical":"https:\/\/sinchi.hostienda.net\/it\/producto\/shawadawa-rape\/","og_locale":"it_IT","og_type":"article","og_title":"SHAWADAWA RAP\u00c9: Rap\u00e9 medicinale dell'Amazzonia","og_description":"Ottimo Rap\u00e9 della trib\u00f9 Shawadawa, con ceneri Rauti, particolarmente indicato per eliminare dolori e dipendenze.","og_url":"https:\/\/sinchi.hostienda.net\/it\/producto\/shawadawa-rape\/","og_site_name":"SINCHI RAP\u00c9","article_modified_time":"2024-07-05T10:59:28+00:00","og_image":[{"width":600,"height":600,"url":"https:\/\/sinchi.hostienda.net\/wp-content\/uploads\/2020\/02\/Shawadawa.jpg","type":"image\/jpeg"}],"twitter_card":"summary_large_image","twitter_misc":{"Tempo di lettura stimato":"1 minuto"},"schema":{"@context":"https:\/\/schema.org","@graph":[{"@type":"WebPage","@id":"https:\/\/sinchi.hostienda.net\/it\/producto\/shawadawa-rape\/","url":"https:\/\/sinchi.hostienda.net\/it\/producto\/shawadawa-rape\/","name":"SHAWADAWA RAP\u00c9: Rap\u00e9 medicinale dell'Amazzonia","isPartOf":{"@id":"https:\/\/sinchi.hostienda.net\/it\/#website"},"primaryImageOfPage":{"@id":"https:\/\/sinchi.hostienda.net\/it\/producto\/shawadawa-rape\/#primaryimage"},"image":{"@id":"https:\/\/sinchi.hostienda.net\/it\/producto\/shawadawa-rape\/#primaryimage"},"thumbnailUrl":"https:\/\/sinchi.hostienda.net\/wp-content\/uploads\/2020\/02\/Shawadawa.jpg","datePublished":"2020-02-02T20:08:18+00:00","dateModified":"2024-07-05T10:59:28+00:00","description":"Ottimo Rap\u00e9 della trib\u00f9 Shawadawa, con ceneri Rauti, particolarmente indicato per eliminare dolori e dipendenze.","breadcrumb":{"@id":"https:\/\/sinchi.hostienda.net\/it\/producto\/shawadawa-rape\/#breadcrumb"},"inLanguage":"it-IT","potentialAction":[{"@type":"ReadAction","target":["https:\/\/sinchi.hostienda.net\/it\/producto\/shawadawa-rape\/"]}]},{"@type":"ImageObject","inLanguage":"it-IT","@id":"https:\/\/sinchi.hostienda.net\/it\/producto\/shawadawa-rape\/#primaryimage","url":"https:\/\/sinchi.hostienda.net\/wp-content\/uploads\/2020\/02\/Shawadawa.jpg","contentUrl":"https:\/\/sinchi.hostienda.net\/wp-content\/uploads\/2020\/02\/Shawadawa.jpg","width":600,"height":600,"caption":"Rap\u00e9 Shawadawa"},{"@type":"BreadcrumbList","@id":"https:\/\/sinchi.hostienda.net\/it\/producto\/shawadawa-rape\/#breadcrumb","itemListElement":[{"@type":"ListItem","position":1,"name":"Prima pagina","item":"https:\/\/sinchi.hostienda.net\/it\/"},{"@type":"ListItem","position":2,"name":"Prodotti","item":"https:\/\/sinchi.hostienda.net\/it\/shop\/"},{"@type":"ListItem","position":3,"name":"Shawadawa"}]},{"@type":"WebSite","@id":"https:\/\/sinchi.hostienda.net\/it\/#website","url":"https:\/\/sinchi.hostienda.net\/it\/","name":"SINCHI RAP\u00c9","description":"Sinchi Medicine","potentialAction":[{"@type":"SearchAction","target":{"@type":"EntryPoint","urlTemplate":"https:\/\/sinchi.hostienda.net\/it\/?s={search_term_string}"},"query-input":{"@type":"PropertyValueSpecification","valueRequired":true,"valueName":"search_term_string"}}],"inLanguage":"it-IT"}]}},"_links":{"self":[{"href":"https:\/\/sinchi.hostienda.net\/it\/wp-json\/wp\/v2\/product\/3823","targetHints":{"allow":["GET"]}}],"collection":[{"href":"https:\/\/sinchi.hostienda.net\/it\/wp-json\/wp\/v2\/product"}],"about":[{"href":"https:\/\/sinchi.hostienda.net\/it\/wp-json\/wp\/v2\/types\/product"}],"wp:featuredmedia":[{"embeddable":true,"href":"https:\/\/sinchi.hostienda.net\/it\/wp-json\/wp\/v2\/media\/1184"}],"wp:attachment":[{"href":"https:\/\/sinchi.hostienda.net\/it\/wp-json\/wp\/v2\/media?parent=3823"}],"wp:term":[{"taxonomy":"product_brand","embeddable":true,"href":"https:\/\/sinchi.hostienda.net\/it\/wp-json\/wp\/v2\/product_brand?post=3823"},{"taxonomy":"product_cat","embeddable":true,"href":"https:\/\/sinchi.hostienda.net\/it\/wp-json\/wp\/v2\/product_cat?post=3823"},{"taxonomy":"product_tag","embeddable":true,"href":"https:\/\/sinchi.hostienda.net\/it\/wp-json\/wp\/v2\/product_tag?post=3823"}],"curies":[{"name":"wp","href":"https:\/\/api.w.org\/{rel}","templated":true}]}}