{"id":13482,"date":"2024-04-22T11:58:50","date_gmt":"2024-04-22T11:58:50","guid":{"rendered":"https:\/\/www.sinchisinchi.com\/producto\/lavanda\/"},"modified":"2024-07-03T10:15:52","modified_gmt":"2024-07-03T10:15:52","slug":"lavanda","status":"publish","type":"product","link":"https:\/\/sinchi.hostienda.net\/it\/producto\/lavanda\/","title":{"rendered":"Lavanda"},"content":{"rendered":"<p>Tradizionalmente, la lavanda \u00e8 stata associata ad Aine, dea dell&#8217;aria, e al mondo delle silfidi e delle fate. Era associato anche al dio Mercurio, che governa il linguaggio e la necessit\u00e0 di comunicazione degli esseri umani, e a livello fisico governa anche il sistema nervoso; Fin dall\u2019antichit\u00e0 la lavanda \u00e8 stata una delle piante pi\u00f9 utilizzate per calmare e rilassarsi.<\/p>\n<p>La lavanda \u00e8 originaria del Mediterraneo, dove cresce naturalmente in terreni aridi e sassosi.<\/p>\n<p>Tradizionalmente la lavanda \u00e8 stata messa in relazione con l&#8217;aria, l&#8217;elemento che corrisponde al mondo delle idee, dei pensieri, delle illusioni e dei sogni.<\/p>\n<p>Il sapone naturale alla lavanda calma la mente, calma i pensieri e aiuta a migliorare l&#8217;umore e ad armonizzare. \u00c8 ricco di linalolo, linalinum, canfora, limonene, tannini e boreolo, curamine e saponine.<\/p>\n","protected":false},"excerpt":{"rendered":"<p>Il sapone alla lavanda ha propriet\u00e0 antisettiche, aiuta a regolare e idratare il derma.<\/p>\n<p>La lavanda ha un effetto calmante e rilassante, con un aroma fresco, stimola sensazioni, emozioni e canalizza energie positive, \u00e8 rilassante e stimolante.<\/p>\n<p>Il tocco aromatico e rilassante dell&#8217;olio essenziale di lavanda calma i sensi e aiuta ad ammorbidire la pelle.<\/p>\n<p>La lavanda ha propriet\u00e0 curative, antinfiammatorie e antiossidanti, che aiutano a calmare, rigenerare e proteggere la pelle.<\/p>\n<p>Ha un profumo dolce, floreale ed erbaceo, con toni balsamici. Ritarda la comparsa delle rughe, aiuta nei casi di nervosismo, insonnia e irritabilit\u00e0.<\/p>\n<p>Il termine &#8220;lavanda&#8221; deriva probabilmente dal latino &#8220;lavere&#8221; che significa &#8220;lavare&#8221;, in riferimento al fatto che la lavanda veniva utilizzata fin dall&#8217;antichit\u00e0 per lavare il corpo e gli indumenti.<\/p>\n<p>Gli antichi romani aggiungevano olio di lavanda ai loro bagni pubblici e i soldati romani portavano olio di lavanda per curare le loro ferite in battaglia.<\/p>\n<p>&nbsp;<\/p>\n<p><strong>Dimensioni:<\/strong> 125 g<\/p>\n","protected":false},"featured_media":13199,"template":"","meta":{"_joinchat":[]},"product_brand":[],"product_cat":[344],"product_tag":[],"class_list":{"0":"post-13482","1":"product","2":"type-product","3":"status-publish","4":"has-post-thumbnail","6":"product_cat-saponi","8":"first","9":"instock","10":"taxable","11":"shipping-taxable","12":"purchasable","13":"product-type-simple"},"yoast_head":"<!-- This site is optimized with the Yoast SEO plugin v26.2 - https:\/\/yoast.com\/wordpress\/plugins\/seo\/ -->\n<title>Sapone alla lavanda: negozio sciamanico<\/title>\n<meta name=\"description\" content=\"Sapone alla Lavanda: ha propriet\u00e0 antisettiche, aiuta a regolare e idratare il derma. Ha un effetto calmante e rilassante.\" \/>\n<meta name=\"robots\" content=\"index, follow, max-snippet:-1, max-image-preview:large, max-video-preview:-1\" \/>\n<link rel=\"canonical\" href=\"https:\/\/sinchi.hostienda.net\/it\/producto\/lavanda\/\" \/>\n<meta property=\"og:locale\" content=\"it_IT\" \/>\n<meta property=\"og:type\" content=\"article\" \/>\n<meta property=\"og:title\" content=\"Sapone alla lavanda: negozio sciamanico\" \/>\n<meta property=\"og:description\" content=\"Sapone alla Lavanda: ha propriet\u00e0 antisettiche, aiuta a regolare e idratare il derma. Ha un effetto calmante e rilassante.\" \/>\n<meta property=\"og:url\" content=\"https:\/\/sinchi.hostienda.net\/it\/producto\/lavanda\/\" \/>\n<meta property=\"og:site_name\" content=\"SINCHI RAP\u00c9\" \/>\n<meta property=\"article:modified_time\" content=\"2024-07-03T10:15:52+00:00\" \/>\n<meta property=\"og:image\" content=\"https:\/\/sinchi.hostienda.net\/wp-content\/uploads\/2024\/04\/5-lavanda.jpeg\" \/>\n\t<meta property=\"og:image:width\" content=\"750\" \/>\n\t<meta property=\"og:image:height\" content=\"750\" \/>\n\t<meta property=\"og:image:type\" content=\"image\/jpeg\" \/>\n<meta name=\"twitter:card\" content=\"summary_large_image\" \/>\n<meta name=\"twitter:label1\" content=\"Tempo di lettura stimato\" \/>\n\t<meta name=\"twitter:data1\" content=\"1 minuto\" \/>\n<script type=\"application\/ld+json\" class=\"yoast-schema-graph\">{\"@context\":\"https:\/\/schema.org\",\"@graph\":[{\"@type\":\"WebPage\",\"@id\":\"https:\/\/sinchi.hostienda.net\/it\/producto\/lavanda\/\",\"url\":\"https:\/\/sinchi.hostienda.net\/it\/producto\/lavanda\/\",\"name\":\"Sapone alla lavanda: negozio sciamanico\",\"isPartOf\":{\"@id\":\"https:\/\/sinchi.hostienda.net\/it\/#website\"},\"primaryImageOfPage\":{\"@id\":\"https:\/\/sinchi.hostienda.net\/it\/producto\/lavanda\/#primaryimage\"},\"image\":{\"@id\":\"https:\/\/sinchi.hostienda.net\/it\/producto\/lavanda\/#primaryimage\"},\"thumbnailUrl\":\"https:\/\/sinchi.hostienda.net\/wp-content\/uploads\/2024\/04\/5-lavanda.jpeg\",\"datePublished\":\"2024-04-22T11:58:50+00:00\",\"dateModified\":\"2024-07-03T10:15:52+00:00\",\"description\":\"Sapone alla Lavanda: ha propriet\u00e0 antisettiche, aiuta a regolare e idratare il derma. Ha un effetto calmante e rilassante.\",\"breadcrumb\":{\"@id\":\"https:\/\/sinchi.hostienda.net\/it\/producto\/lavanda\/#breadcrumb\"},\"inLanguage\":\"it-IT\",\"potentialAction\":[{\"@type\":\"ReadAction\",\"target\":[\"https:\/\/sinchi.hostienda.net\/it\/producto\/lavanda\/\"]}]},{\"@type\":\"ImageObject\",\"inLanguage\":\"it-IT\",\"@id\":\"https:\/\/sinchi.hostienda.net\/it\/producto\/lavanda\/#primaryimage\",\"url\":\"https:\/\/sinchi.hostienda.net\/wp-content\/uploads\/2024\/04\/5-lavanda.jpeg\",\"contentUrl\":\"https:\/\/sinchi.hostienda.net\/wp-content\/uploads\/2024\/04\/5-lavanda.jpeg\",\"width\":750,\"height\":750},{\"@type\":\"BreadcrumbList\",\"@id\":\"https:\/\/sinchi.hostienda.net\/it\/producto\/lavanda\/#breadcrumb\",\"itemListElement\":[{\"@type\":\"ListItem\",\"position\":1,\"name\":\"Prima pagina\",\"item\":\"https:\/\/sinchi.hostienda.net\/it\/\"},{\"@type\":\"ListItem\",\"position\":2,\"name\":\"Prodotti\",\"item\":\"https:\/\/sinchi.hostienda.net\/it\/shop\/\"},{\"@type\":\"ListItem\",\"position\":3,\"name\":\"Lavanda\"}]},{\"@type\":\"WebSite\",\"@id\":\"https:\/\/sinchi.hostienda.net\/it\/#website\",\"url\":\"https:\/\/sinchi.hostienda.net\/it\/\",\"name\":\"SINCHI RAP\u00c9\",\"description\":\"Sinchi Medicine\",\"potentialAction\":[{\"@type\":\"SearchAction\",\"target\":{\"@type\":\"EntryPoint\",\"urlTemplate\":\"https:\/\/sinchi.hostienda.net\/it\/?s={search_term_string}\"},\"query-input\":{\"@type\":\"PropertyValueSpecification\",\"valueRequired\":true,\"valueName\":\"search_term_string\"}}],\"inLanguage\":\"it-IT\"}]}<\/script>\n<!-- \/ Yoast SEO plugin. -->","yoast_head_json":{"title":"Sapone alla lavanda: negozio sciamanico","description":"Sapone alla Lavanda: ha propriet\u00e0 antisettiche, aiuta a regolare e idratare il derma. Ha un effetto calmante e rilassante.","robots":{"index":"index","follow":"follow","max-snippet":"max-snippet:-1","max-image-preview":"max-image-preview:large","max-video-preview":"max-video-preview:-1"},"canonical":"https:\/\/sinchi.hostienda.net\/it\/producto\/lavanda\/","og_locale":"it_IT","og_type":"article","og_title":"Sapone alla lavanda: negozio sciamanico","og_description":"Sapone alla Lavanda: ha propriet\u00e0 antisettiche, aiuta a regolare e idratare il derma. Ha un effetto calmante e rilassante.","og_url":"https:\/\/sinchi.hostienda.net\/it\/producto\/lavanda\/","og_site_name":"SINCHI RAP\u00c9","article_modified_time":"2024-07-03T10:15:52+00:00","og_image":[{"width":750,"height":750,"url":"https:\/\/sinchi.hostienda.net\/wp-content\/uploads\/2024\/04\/5-lavanda.jpeg","type":"image\/jpeg"}],"twitter_card":"summary_large_image","twitter_misc":{"Tempo di lettura stimato":"1 minuto"},"schema":{"@context":"https:\/\/schema.org","@graph":[{"@type":"WebPage","@id":"https:\/\/sinchi.hostienda.net\/it\/producto\/lavanda\/","url":"https:\/\/sinchi.hostienda.net\/it\/producto\/lavanda\/","name":"Sapone alla lavanda: negozio sciamanico","isPartOf":{"@id":"https:\/\/sinchi.hostienda.net\/it\/#website"},"primaryImageOfPage":{"@id":"https:\/\/sinchi.hostienda.net\/it\/producto\/lavanda\/#primaryimage"},"image":{"@id":"https:\/\/sinchi.hostienda.net\/it\/producto\/lavanda\/#primaryimage"},"thumbnailUrl":"https:\/\/sinchi.hostienda.net\/wp-content\/uploads\/2024\/04\/5-lavanda.jpeg","datePublished":"2024-04-22T11:58:50+00:00","dateModified":"2024-07-03T10:15:52+00:00","description":"Sapone alla Lavanda: ha propriet\u00e0 antisettiche, aiuta a regolare e idratare il derma. Ha un effetto calmante e rilassante.","breadcrumb":{"@id":"https:\/\/sinchi.hostienda.net\/it\/producto\/lavanda\/#breadcrumb"},"inLanguage":"it-IT","potentialAction":[{"@type":"ReadAction","target":["https:\/\/sinchi.hostienda.net\/it\/producto\/lavanda\/"]}]},{"@type":"ImageObject","inLanguage":"it-IT","@id":"https:\/\/sinchi.hostienda.net\/it\/producto\/lavanda\/#primaryimage","url":"https:\/\/sinchi.hostienda.net\/wp-content\/uploads\/2024\/04\/5-lavanda.jpeg","contentUrl":"https:\/\/sinchi.hostienda.net\/wp-content\/uploads\/2024\/04\/5-lavanda.jpeg","width":750,"height":750},{"@type":"BreadcrumbList","@id":"https:\/\/sinchi.hostienda.net\/it\/producto\/lavanda\/#breadcrumb","itemListElement":[{"@type":"ListItem","position":1,"name":"Prima pagina","item":"https:\/\/sinchi.hostienda.net\/it\/"},{"@type":"ListItem","position":2,"name":"Prodotti","item":"https:\/\/sinchi.hostienda.net\/it\/shop\/"},{"@type":"ListItem","position":3,"name":"Lavanda"}]},{"@type":"WebSite","@id":"https:\/\/sinchi.hostienda.net\/it\/#website","url":"https:\/\/sinchi.hostienda.net\/it\/","name":"SINCHI RAP\u00c9","description":"Sinchi Medicine","potentialAction":[{"@type":"SearchAction","target":{"@type":"EntryPoint","urlTemplate":"https:\/\/sinchi.hostienda.net\/it\/?s={search_term_string}"},"query-input":{"@type":"PropertyValueSpecification","valueRequired":true,"valueName":"search_term_string"}}],"inLanguage":"it-IT"}]}},"_links":{"self":[{"href":"https:\/\/sinchi.hostienda.net\/it\/wp-json\/wp\/v2\/product\/13482","targetHints":{"allow":["GET"]}}],"collection":[{"href":"https:\/\/sinchi.hostienda.net\/it\/wp-json\/wp\/v2\/product"}],"about":[{"href":"https:\/\/sinchi.hostienda.net\/it\/wp-json\/wp\/v2\/types\/product"}],"wp:featuredmedia":[{"embeddable":true,"href":"https:\/\/sinchi.hostienda.net\/it\/wp-json\/wp\/v2\/media\/13199"}],"wp:attachment":[{"href":"https:\/\/sinchi.hostienda.net\/it\/wp-json\/wp\/v2\/media?parent=13482"}],"wp:term":[{"taxonomy":"product_brand","embeddable":true,"href":"https:\/\/sinchi.hostienda.net\/it\/wp-json\/wp\/v2\/product_brand?post=13482"},{"taxonomy":"product_cat","embeddable":true,"href":"https:\/\/sinchi.hostienda.net\/it\/wp-json\/wp\/v2\/product_cat?post=13482"},{"taxonomy":"product_tag","embeddable":true,"href":"https:\/\/sinchi.hostienda.net\/it\/wp-json\/wp\/v2\/product_tag?post=13482"}],"curies":[{"name":"wp","href":"https:\/\/api.w.org\/{rel}","templated":true}]}}