{"id":25919,"date":"2023-12-07T08:44:15","date_gmt":"2023-12-07T08:44:15","guid":{"rendered":"https:\/\/www.sinchisinchi.com\/producto\/palo-santo-1-kg\/"},"modified":"2023-12-07T08:44:15","modified_gmt":"2023-12-07T08:44:15","slug":"palo-santo-1-kg","status":"publish","type":"product","link":"https:\/\/sinchi.hostienda.net\/fr\/producto\/palo-santo-1-kg\/","title":{"rendered":"Palo Santo 1 kg"},"content":{"rendered":"<h2 style=\"text-align: center;\"><strong>Comment utiliser le palo santo<\/strong><\/h2>\n<p>Contrairement \u00e0 d&rsquo;autres esp\u00e8ces dont on extrait des r\u00e9sines, le Palo Santo ne n\u00e9cessite qu&rsquo;un morceau de son bois pour \u00eatre allum\u00e9 afin de lib\u00e9rer sa fum\u00e9e aux propri\u00e9t\u00e9s puissantes.<\/p>\n<p>Le Palo Santo est un bois dense qui ne br\u00fble pas facilement, il peut donc falloir quelques secondes pour l&rsquo;allumer. Id\u00e9alement, laissez br\u00fbler pendant environ 30 secondes, puis soufflez doucement sur la flamme. Lorsque la flamme s&rsquo;\u00e9teint, il reste des braises qui produiront de la fum\u00e9e blanche pendant plusieurs minutes.<\/p>\n<p>Il est conseill\u00e9 d&rsquo;avoir \u00e0 port\u00e9e de main un r\u00e9cipient ignifuge dans lequel d\u00e9poser les cendres et o\u00f9 placer le palo santo une fois termin\u00e9.<\/p>\n<p>Lorsque les braises commencent \u00e0 s&rsquo;\u00e9teindre, un peu d&rsquo;air aidera \u00e0 les rallumer, en secouant le b\u00e2ton ou en soufflant doucement.Cela ne fonctionne g\u00e9n\u00e9ralement que comme une mesure temporaire, il peut donc \u00eatre n\u00e9cessaire de l&rsquo;activer plusieurs fois pour qu&rsquo;il br\u00fble compl\u00e8tement.<\/p>\n<p>&nbsp;<\/p>\n<h3 style=\"text-align: center;\"><strong>Palo Santo, nettoyage \u00e9nerg\u00e9tique<\/strong><\/h3>\n<p><strong>Pour le nettoyage \u00e9nerg\u00e9tique des espaces,<\/strong> une fois allum\u00e9, en agitant les braises dans l&rsquo;air, la fum\u00e9e se r\u00e9pand dans toute la pi\u00e8ce, et le bois est guid\u00e9 \u00e0 travers les zones \u00e0 nettoyer, comme les coins, les couloirs et les placards.<\/p>\n<p>Pour un <strong>nettoyage \u00e9nerg\u00e9tique en profondeur,<\/strong> vous pouvez br\u00fbler environ 3 \u00e0 4 b\u00e2tons ensemble et laisser la fum\u00e9e rester dans l&rsquo;espace pendant environ 3 heures.<\/p>\n<p>Vous pouvez \u00e9galement effectuer un nettoyage \u00e9nerg\u00e9tique des pierres et des pierres pr\u00e9cieuses, qui doivent \u00eatre nettoy\u00e9es p\u00e9riodiquement, car elles absorbent et retiennent les influences \u00e9nerg\u00e9tiques.<\/p>\n<p>&nbsp;<\/p>\n<h3 style=\"text-align: center;\"><strong>Propri\u00e9t\u00e9s et bienfaits du Palo Santo<\/strong><\/h3>\n<p>Traditionnellement, le palo santo est utilis\u00e9 pour soulager le rhume, le stress, l&rsquo;asthme, les maux de t\u00eate, l&rsquo;anxi\u00e9t\u00e9, la d\u00e9pression, l&rsquo;inflammation, comme antiseptique, anti-inflammatoire et diur\u00e9tique.<\/p>\n<p>L&rsquo;odorat est le seul sens directement interconnect\u00e9 avec les \u00e9motions, et aussi le seul qui ne dort jamais, c&rsquo;est pourquoi il est \u00e9galement li\u00e9 au r\u00eave lucide.<\/p>\n<p>En aromath\u00e9rapie, le Palo Santo est couramment utilis\u00e9 sous forme d&rsquo;huile essentielle et sert \u00e0 lib\u00e9rer les tensions li\u00e9es au stress et \u00e0 la d\u00e9pression.<\/p>\n<p>C&rsquo;est \u00e9galement un excellent r\u00e9pulsif naturel contre les mouches, les moustiques, etc.<\/p>\n","protected":false},"excerpt":{"rendered":"<p>Tronc de Palo Santo d&rsquo;environ 1 kg.<\/p>\n<p>Le Palo Santo est utilis\u00e9 dans diff\u00e9rents pays et cultures pour expulser les \u00e9nergies n\u00e9gatives et attirer les positives, en concentrant et en renfor\u00e7ant le positif.<\/p>\n<p>Nettoie et purifie l&rsquo;environnement, tout en l&rsquo;aromatisant. Il soulage les tensions nerveuses et aide \u00e0 contr\u00f4ler les maladies ou affections caus\u00e9es par le stress, favorisant l&rsquo;harmonie et le bien-\u00eatre.<\/p>\n","protected":false},"featured_media":25921,"template":"","meta":{"_joinchat":[]},"product_brand":[],"product_cat":[661],"product_tag":[],"class_list":{"0":"post-25919","1":"product","2":"type-product","3":"status-publish","4":"has-post-thumbnail","6":"product_cat-encens","8":"first","9":"instock","10":"taxable","11":"shipping-taxable","12":"purchasable","13":"product-type-simple"},"yoast_head":"<!-- This site is optimized with the Yoast SEO plugin v26.2 - https:\/\/yoast.com\/wordpress\/plugins\/seo\/ -->\n<title>Autel de Palo Santo - Boutique en ligne d&#039;encens sacr\u00e9<\/title>\n<meta name=\"description\" content=\"Le Palo Santo (Bursera Graveolens) est un arbre mystique qui pousse sur la c\u00f4te de l&#039;Am\u00e9rique du Sud et appartient \u00e0 la famille des Bureseracea...\" \/>\n<meta name=\"robots\" content=\"index, follow, max-snippet:-1, max-image-preview:large, max-video-preview:-1\" \/>\n<link rel=\"canonical\" href=\"https:\/\/sinchi.hostienda.net\/fr\/producto\/palo-santo-1-kg\/\" \/>\n<meta property=\"og:locale\" content=\"fr_FR\" \/>\n<meta property=\"og:type\" content=\"article\" \/>\n<meta property=\"og:title\" content=\"Autel de Palo Santo - Boutique en ligne d&#039;encens sacr\u00e9\" \/>\n<meta property=\"og:description\" content=\"Le Palo Santo (Bursera Graveolens) est un arbre mystique qui pousse sur la c\u00f4te de l&#039;Am\u00e9rique du Sud et appartient \u00e0 la famille des Bureseracea...\" \/>\n<meta property=\"og:url\" content=\"https:\/\/sinchi.hostienda.net\/fr\/producto\/palo-santo-1-kg\/\" \/>\n<meta property=\"og:site_name\" content=\"SINCHI RAP\u00c9\" \/>\n<meta property=\"og:image\" content=\"https:\/\/sinchi.hostienda.net\/wp-content\/uploads\/2023\/12\/palo-santo-de-tronco-grande-pack-1kg.jpeg\" \/>\n\t<meta property=\"og:image:width\" content=\"1000\" \/>\n\t<meta property=\"og:image:height\" content=\"1000\" \/>\n\t<meta property=\"og:image:type\" content=\"image\/jpeg\" \/>\n<meta name=\"twitter:card\" content=\"summary_large_image\" \/>\n<meta name=\"twitter:label1\" content=\"Dur\u00e9e de lecture estim\u00e9e\" \/>\n\t<meta name=\"twitter:data1\" content=\"2 minutes\" \/>\n<script type=\"application\/ld+json\" class=\"yoast-schema-graph\">{\"@context\":\"https:\/\/schema.org\",\"@graph\":[{\"@type\":\"WebPage\",\"@id\":\"https:\/\/sinchi.hostienda.net\/fr\/producto\/palo-santo-1-kg\/\",\"url\":\"https:\/\/sinchi.hostienda.net\/fr\/producto\/palo-santo-1-kg\/\",\"name\":\"Autel de Palo Santo - Boutique en ligne d'encens sacr\u00e9\",\"isPartOf\":{\"@id\":\"https:\/\/sinchi.hostienda.net\/fr\/#website\"},\"primaryImageOfPage\":{\"@id\":\"https:\/\/sinchi.hostienda.net\/fr\/producto\/palo-santo-1-kg\/#primaryimage\"},\"image\":{\"@id\":\"https:\/\/sinchi.hostienda.net\/fr\/producto\/palo-santo-1-kg\/#primaryimage\"},\"thumbnailUrl\":\"https:\/\/sinchi.hostienda.net\/wp-content\/uploads\/2023\/12\/palo-santo-de-tronco-grande-pack-1kg.jpeg\",\"datePublished\":\"2023-12-07T08:44:15+00:00\",\"description\":\"Le Palo Santo (Bursera Graveolens) est un arbre mystique qui pousse sur la c\u00f4te de l'Am\u00e9rique du Sud et appartient \u00e0 la famille des Bureseracea...\",\"breadcrumb\":{\"@id\":\"https:\/\/sinchi.hostienda.net\/fr\/producto\/palo-santo-1-kg\/#breadcrumb\"},\"inLanguage\":\"fr-FR\",\"potentialAction\":[{\"@type\":\"ReadAction\",\"target\":[\"https:\/\/sinchi.hostienda.net\/fr\/producto\/palo-santo-1-kg\/\"]}]},{\"@type\":\"ImageObject\",\"inLanguage\":\"fr-FR\",\"@id\":\"https:\/\/sinchi.hostienda.net\/fr\/producto\/palo-santo-1-kg\/#primaryimage\",\"url\":\"https:\/\/sinchi.hostienda.net\/wp-content\/uploads\/2023\/12\/palo-santo-de-tronco-grande-pack-1kg.jpeg\",\"contentUrl\":\"https:\/\/sinchi.hostienda.net\/wp-content\/uploads\/2023\/12\/palo-santo-de-tronco-grande-pack-1kg.jpeg\",\"width\":1000,\"height\":1000},{\"@type\":\"BreadcrumbList\",\"@id\":\"https:\/\/sinchi.hostienda.net\/fr\/producto\/palo-santo-1-kg\/#breadcrumb\",\"itemListElement\":[{\"@type\":\"ListItem\",\"position\":1,\"name\":\"Portada\",\"item\":\"https:\/\/sinchi.hostienda.net\/fr\/\"},{\"@type\":\"ListItem\",\"position\":2,\"name\":\"Produits\",\"item\":\"https:\/\/sinchi.hostienda.net\/fr\/shop\/\"},{\"@type\":\"ListItem\",\"position\":3,\"name\":\"Palo Santo 1 kg\"}]},{\"@type\":\"WebSite\",\"@id\":\"https:\/\/sinchi.hostienda.net\/fr\/#website\",\"url\":\"https:\/\/sinchi.hostienda.net\/fr\/\",\"name\":\"SINCHI RAP\u00c9\",\"description\":\"Sinchi Medicine\",\"potentialAction\":[{\"@type\":\"SearchAction\",\"target\":{\"@type\":\"EntryPoint\",\"urlTemplate\":\"https:\/\/sinchi.hostienda.net\/fr\/?s={search_term_string}\"},\"query-input\":{\"@type\":\"PropertyValueSpecification\",\"valueRequired\":true,\"valueName\":\"search_term_string\"}}],\"inLanguage\":\"fr-FR\"}]}<\/script>\n<!-- \/ Yoast SEO plugin. -->","yoast_head_json":{"title":"Autel de Palo Santo - Boutique en ligne d'encens sacr\u00e9","description":"Le Palo Santo (Bursera Graveolens) est un arbre mystique qui pousse sur la c\u00f4te de l'Am\u00e9rique du Sud et appartient \u00e0 la famille des Bureseracea...","robots":{"index":"index","follow":"follow","max-snippet":"max-snippet:-1","max-image-preview":"max-image-preview:large","max-video-preview":"max-video-preview:-1"},"canonical":"https:\/\/sinchi.hostienda.net\/fr\/producto\/palo-santo-1-kg\/","og_locale":"fr_FR","og_type":"article","og_title":"Autel de Palo Santo - Boutique en ligne d'encens sacr\u00e9","og_description":"Le Palo Santo (Bursera Graveolens) est un arbre mystique qui pousse sur la c\u00f4te de l'Am\u00e9rique du Sud et appartient \u00e0 la famille des Bureseracea...","og_url":"https:\/\/sinchi.hostienda.net\/fr\/producto\/palo-santo-1-kg\/","og_site_name":"SINCHI RAP\u00c9","og_image":[{"width":1000,"height":1000,"url":"https:\/\/sinchi.hostienda.net\/wp-content\/uploads\/2023\/12\/palo-santo-de-tronco-grande-pack-1kg.jpeg","type":"image\/jpeg"}],"twitter_card":"summary_large_image","twitter_misc":{"Dur\u00e9e de lecture estim\u00e9e":"2 minutes"},"schema":{"@context":"https:\/\/schema.org","@graph":[{"@type":"WebPage","@id":"https:\/\/sinchi.hostienda.net\/fr\/producto\/palo-santo-1-kg\/","url":"https:\/\/sinchi.hostienda.net\/fr\/producto\/palo-santo-1-kg\/","name":"Autel de Palo Santo - Boutique en ligne d'encens sacr\u00e9","isPartOf":{"@id":"https:\/\/sinchi.hostienda.net\/fr\/#website"},"primaryImageOfPage":{"@id":"https:\/\/sinchi.hostienda.net\/fr\/producto\/palo-santo-1-kg\/#primaryimage"},"image":{"@id":"https:\/\/sinchi.hostienda.net\/fr\/producto\/palo-santo-1-kg\/#primaryimage"},"thumbnailUrl":"https:\/\/sinchi.hostienda.net\/wp-content\/uploads\/2023\/12\/palo-santo-de-tronco-grande-pack-1kg.jpeg","datePublished":"2023-12-07T08:44:15+00:00","description":"Le Palo Santo (Bursera Graveolens) est un arbre mystique qui pousse sur la c\u00f4te de l'Am\u00e9rique du Sud et appartient \u00e0 la famille des Bureseracea...","breadcrumb":{"@id":"https:\/\/sinchi.hostienda.net\/fr\/producto\/palo-santo-1-kg\/#breadcrumb"},"inLanguage":"fr-FR","potentialAction":[{"@type":"ReadAction","target":["https:\/\/sinchi.hostienda.net\/fr\/producto\/palo-santo-1-kg\/"]}]},{"@type":"ImageObject","inLanguage":"fr-FR","@id":"https:\/\/sinchi.hostienda.net\/fr\/producto\/palo-santo-1-kg\/#primaryimage","url":"https:\/\/sinchi.hostienda.net\/wp-content\/uploads\/2023\/12\/palo-santo-de-tronco-grande-pack-1kg.jpeg","contentUrl":"https:\/\/sinchi.hostienda.net\/wp-content\/uploads\/2023\/12\/palo-santo-de-tronco-grande-pack-1kg.jpeg","width":1000,"height":1000},{"@type":"BreadcrumbList","@id":"https:\/\/sinchi.hostienda.net\/fr\/producto\/palo-santo-1-kg\/#breadcrumb","itemListElement":[{"@type":"ListItem","position":1,"name":"Portada","item":"https:\/\/sinchi.hostienda.net\/fr\/"},{"@type":"ListItem","position":2,"name":"Produits","item":"https:\/\/sinchi.hostienda.net\/fr\/shop\/"},{"@type":"ListItem","position":3,"name":"Palo Santo 1 kg"}]},{"@type":"WebSite","@id":"https:\/\/sinchi.hostienda.net\/fr\/#website","url":"https:\/\/sinchi.hostienda.net\/fr\/","name":"SINCHI RAP\u00c9","description":"Sinchi Medicine","potentialAction":[{"@type":"SearchAction","target":{"@type":"EntryPoint","urlTemplate":"https:\/\/sinchi.hostienda.net\/fr\/?s={search_term_string}"},"query-input":{"@type":"PropertyValueSpecification","valueRequired":true,"valueName":"search_term_string"}}],"inLanguage":"fr-FR"}]}},"_links":{"self":[{"href":"https:\/\/sinchi.hostienda.net\/fr\/wp-json\/wp\/v2\/product\/25919","targetHints":{"allow":["GET"]}}],"collection":[{"href":"https:\/\/sinchi.hostienda.net\/fr\/wp-json\/wp\/v2\/product"}],"about":[{"href":"https:\/\/sinchi.hostienda.net\/fr\/wp-json\/wp\/v2\/types\/product"}],"wp:featuredmedia":[{"embeddable":true,"href":"https:\/\/sinchi.hostienda.net\/fr\/wp-json\/wp\/v2\/media\/25921"}],"wp:attachment":[{"href":"https:\/\/sinchi.hostienda.net\/fr\/wp-json\/wp\/v2\/media?parent=25919"}],"wp:term":[{"taxonomy":"product_brand","embeddable":true,"href":"https:\/\/sinchi.hostienda.net\/fr\/wp-json\/wp\/v2\/product_brand?post=25919"},{"taxonomy":"product_cat","embeddable":true,"href":"https:\/\/sinchi.hostienda.net\/fr\/wp-json\/wp\/v2\/product_cat?post=25919"},{"taxonomy":"product_tag","embeddable":true,"href":"https:\/\/sinchi.hostienda.net\/fr\/wp-json\/wp\/v2\/product_tag?post=25919"}],"curies":[{"name":"wp","href":"https:\/\/api.w.org\/{rel}","templated":true}]}}