{"id":25751,"date":"2023-02-25T21:12:05","date_gmt":"2023-02-25T21:12:05","guid":{"rendered":"https:\/\/www.sinchisinchi.com\/producto\/tepi-bleu\/"},"modified":"2023-02-25T21:12:05","modified_gmt":"2023-02-25T21:12:05","slug":"tepi-bleu","status":"publish","type":"product","link":"https:\/\/sinchi.hostienda.net\/fr\/producto\/tepi-bleu\/","title":{"rendered":"Tepi bleu"},"content":{"rendered":"<h2 style=\"text-align: center;\"><strong>Quelle quantit\u00e9 de rap\u00e9 faut-il consommer<\/strong> selon les tribus ?<\/h2>\n<p>Pour \u00e9tudier la m\u00e9decine du rap\u00e9, vous pouvez le prendre jusqu&rsquo;\u00e0 trois ou quatre fois par jour, en l&rsquo;utilisant toujours consciemment, en \u00e9coutant votre corps et en l&rsquo;\u00e9valuant en fonction de vos sensations. Il est toujours bon de faire des pauses de quelques jours afin que cela puisse \u00eatre un outil \u00e0 notre service, plut\u00f4t qu&rsquo;une habitude dont nous d\u00e9pendons.<\/p>\n","protected":false},"excerpt":{"rendered":"<p>Tepi \u00e9maill\u00e9 et d\u00e9cor\u00e9 de fil bleu, avec des finitions fines et des mesures id\u00e9ales pour une utilisation confortable et harmonieuse.<\/p>\n<p>Le tepi est un long projecteur, utilis\u00e9 pour projeter du tabac \u00e0 priser sur une autre personne.<\/p>\n<p>Projeter du rap\u00e9 sur une autre personne implique une certaine responsabilit\u00e9, car selon les traditions, un fort \u00e9change \u00e9nerg\u00e9tique se produit, notamment de la personne qui l&rsquo;applique \u00e0 celle qui le re\u00e7oit. Il est important de veiller \u00e0 ne recevoir du tabac que de personnes en qui nous avons pleinement confiance et dont nous savons qu\u2019elles ont de bonnes intentions \u00e0 notre \u00e9gard.<\/p>\n","protected":false},"featured_media":28916,"template":"","meta":{"_joinchat":[]},"product_brand":[],"product_cat":[705],"product_tag":[],"class_list":{"0":"post-25751","1":"product","2":"type-product","3":"status-publish","4":"has-post-thumbnail","6":"product_cat-tepis-fr","8":"first","9":"instock","10":"taxable","11":"shipping-taxable","12":"purchasable","13":"product-type-simple"},"yoast_head":"<!-- This site is optimized with the Yoast SEO plugin v26.2 - https:\/\/yoast.com\/wordpress\/plugins\/seo\/ -->\n<title>Tepi Azul : Acheter un applicateur de rap\u00e9 br\u00e9silien<\/title>\n<meta name=\"description\" content=\"Tepi pour appliquer le tabac, \u00e9maill\u00e9 et d\u00e9cor\u00e9 de fil bleu, avec des finitions fines et des mesures id\u00e9ales pour une utilisation confortable et harmonieuse.\" \/>\n<meta name=\"robots\" content=\"index, follow, max-snippet:-1, max-image-preview:large, max-video-preview:-1\" \/>\n<link rel=\"canonical\" href=\"https:\/\/sinchi.hostienda.net\/fr\/producto\/tepi-bleu\/\" \/>\n<meta property=\"og:locale\" content=\"fr_FR\" \/>\n<meta property=\"og:type\" content=\"article\" \/>\n<meta property=\"og:title\" content=\"Tepi Azul : Acheter un applicateur de rap\u00e9 br\u00e9silien\" \/>\n<meta property=\"og:description\" content=\"Tepi pour appliquer le tabac, \u00e9maill\u00e9 et d\u00e9cor\u00e9 de fil bleu, avec des finitions fines et des mesures id\u00e9ales pour une utilisation confortable et harmonieuse.\" \/>\n<meta property=\"og:url\" content=\"https:\/\/sinchi.hostienda.net\/fr\/producto\/tepi-bleu\/\" \/>\n<meta property=\"og:site_name\" content=\"SINCHI RAP\u00c9\" \/>\n<meta property=\"og:image\" content=\"https:\/\/sinchi.hostienda.net\/wp-content\/uploads\/2023\/02\/2-Tepi-Waru.jpg\" \/>\n\t<meta property=\"og:image:width\" content=\"900\" \/>\n\t<meta property=\"og:image:height\" content=\"600\" \/>\n\t<meta property=\"og:image:type\" content=\"image\/jpeg\" \/>\n<meta name=\"twitter:card\" content=\"summary_large_image\" \/>\n<script type=\"application\/ld+json\" class=\"yoast-schema-graph\">{\"@context\":\"https:\/\/schema.org\",\"@graph\":[{\"@type\":\"WebPage\",\"@id\":\"https:\/\/sinchi.hostienda.net\/fr\/producto\/tepi-bleu\/\",\"url\":\"https:\/\/sinchi.hostienda.net\/fr\/producto\/tepi-bleu\/\",\"name\":\"Tepi Azul : Acheter un applicateur de rap\u00e9 br\u00e9silien\",\"isPartOf\":{\"@id\":\"https:\/\/sinchi.hostienda.net\/fr\/#website\"},\"primaryImageOfPage\":{\"@id\":\"https:\/\/sinchi.hostienda.net\/fr\/producto\/tepi-bleu\/#primaryimage\"},\"image\":{\"@id\":\"https:\/\/sinchi.hostienda.net\/fr\/producto\/tepi-bleu\/#primaryimage\"},\"thumbnailUrl\":\"https:\/\/sinchi.hostienda.net\/wp-content\/uploads\/2023\/02\/2-Tepi-Waru.jpg\",\"datePublished\":\"2023-02-25T21:12:05+00:00\",\"description\":\"Tepi pour appliquer le tabac, \u00e9maill\u00e9 et d\u00e9cor\u00e9 de fil bleu, avec des finitions fines et des mesures id\u00e9ales pour une utilisation confortable et harmonieuse.\",\"breadcrumb\":{\"@id\":\"https:\/\/sinchi.hostienda.net\/fr\/producto\/tepi-bleu\/#breadcrumb\"},\"inLanguage\":\"fr-FR\",\"potentialAction\":[{\"@type\":\"ReadAction\",\"target\":[\"https:\/\/sinchi.hostienda.net\/fr\/producto\/tepi-bleu\/\"]}]},{\"@type\":\"ImageObject\",\"inLanguage\":\"fr-FR\",\"@id\":\"https:\/\/sinchi.hostienda.net\/fr\/producto\/tepi-bleu\/#primaryimage\",\"url\":\"https:\/\/sinchi.hostienda.net\/wp-content\/uploads\/2023\/02\/2-Tepi-Waru.jpg\",\"contentUrl\":\"https:\/\/sinchi.hostienda.net\/wp-content\/uploads\/2023\/02\/2-Tepi-Waru.jpg\",\"width\":900,\"height\":600},{\"@type\":\"BreadcrumbList\",\"@id\":\"https:\/\/sinchi.hostienda.net\/fr\/producto\/tepi-bleu\/#breadcrumb\",\"itemListElement\":[{\"@type\":\"ListItem\",\"position\":1,\"name\":\"Portada\",\"item\":\"https:\/\/sinchi.hostienda.net\/fr\/\"},{\"@type\":\"ListItem\",\"position\":2,\"name\":\"Produits\",\"item\":\"https:\/\/sinchi.hostienda.net\/fr\/shop\/\"},{\"@type\":\"ListItem\",\"position\":3,\"name\":\"Tepi bleu\"}]},{\"@type\":\"WebSite\",\"@id\":\"https:\/\/sinchi.hostienda.net\/fr\/#website\",\"url\":\"https:\/\/sinchi.hostienda.net\/fr\/\",\"name\":\"SINCHI RAP\u00c9\",\"description\":\"Sinchi Medicine\",\"potentialAction\":[{\"@type\":\"SearchAction\",\"target\":{\"@type\":\"EntryPoint\",\"urlTemplate\":\"https:\/\/sinchi.hostienda.net\/fr\/?s={search_term_string}\"},\"query-input\":{\"@type\":\"PropertyValueSpecification\",\"valueRequired\":true,\"valueName\":\"search_term_string\"}}],\"inLanguage\":\"fr-FR\"}]}<\/script>\n<!-- \/ Yoast SEO plugin. -->","yoast_head_json":{"title":"Tepi Azul : Acheter un applicateur de rap\u00e9 br\u00e9silien","description":"Tepi pour appliquer le tabac, \u00e9maill\u00e9 et d\u00e9cor\u00e9 de fil bleu, avec des finitions fines et des mesures id\u00e9ales pour une utilisation confortable et harmonieuse.","robots":{"index":"index","follow":"follow","max-snippet":"max-snippet:-1","max-image-preview":"max-image-preview:large","max-video-preview":"max-video-preview:-1"},"canonical":"https:\/\/sinchi.hostienda.net\/fr\/producto\/tepi-bleu\/","og_locale":"fr_FR","og_type":"article","og_title":"Tepi Azul : Acheter un applicateur de rap\u00e9 br\u00e9silien","og_description":"Tepi pour appliquer le tabac, \u00e9maill\u00e9 et d\u00e9cor\u00e9 de fil bleu, avec des finitions fines et des mesures id\u00e9ales pour une utilisation confortable et harmonieuse.","og_url":"https:\/\/sinchi.hostienda.net\/fr\/producto\/tepi-bleu\/","og_site_name":"SINCHI RAP\u00c9","og_image":[{"width":900,"height":600,"url":"https:\/\/sinchi.hostienda.net\/wp-content\/uploads\/2023\/02\/2-Tepi-Waru.jpg","type":"image\/jpeg"}],"twitter_card":"summary_large_image","schema":{"@context":"https:\/\/schema.org","@graph":[{"@type":"WebPage","@id":"https:\/\/sinchi.hostienda.net\/fr\/producto\/tepi-bleu\/","url":"https:\/\/sinchi.hostienda.net\/fr\/producto\/tepi-bleu\/","name":"Tepi Azul : Acheter un applicateur de rap\u00e9 br\u00e9silien","isPartOf":{"@id":"https:\/\/sinchi.hostienda.net\/fr\/#website"},"primaryImageOfPage":{"@id":"https:\/\/sinchi.hostienda.net\/fr\/producto\/tepi-bleu\/#primaryimage"},"image":{"@id":"https:\/\/sinchi.hostienda.net\/fr\/producto\/tepi-bleu\/#primaryimage"},"thumbnailUrl":"https:\/\/sinchi.hostienda.net\/wp-content\/uploads\/2023\/02\/2-Tepi-Waru.jpg","datePublished":"2023-02-25T21:12:05+00:00","description":"Tepi pour appliquer le tabac, \u00e9maill\u00e9 et d\u00e9cor\u00e9 de fil bleu, avec des finitions fines et des mesures id\u00e9ales pour une utilisation confortable et harmonieuse.","breadcrumb":{"@id":"https:\/\/sinchi.hostienda.net\/fr\/producto\/tepi-bleu\/#breadcrumb"},"inLanguage":"fr-FR","potentialAction":[{"@type":"ReadAction","target":["https:\/\/sinchi.hostienda.net\/fr\/producto\/tepi-bleu\/"]}]},{"@type":"ImageObject","inLanguage":"fr-FR","@id":"https:\/\/sinchi.hostienda.net\/fr\/producto\/tepi-bleu\/#primaryimage","url":"https:\/\/sinchi.hostienda.net\/wp-content\/uploads\/2023\/02\/2-Tepi-Waru.jpg","contentUrl":"https:\/\/sinchi.hostienda.net\/wp-content\/uploads\/2023\/02\/2-Tepi-Waru.jpg","width":900,"height":600},{"@type":"BreadcrumbList","@id":"https:\/\/sinchi.hostienda.net\/fr\/producto\/tepi-bleu\/#breadcrumb","itemListElement":[{"@type":"ListItem","position":1,"name":"Portada","item":"https:\/\/sinchi.hostienda.net\/fr\/"},{"@type":"ListItem","position":2,"name":"Produits","item":"https:\/\/sinchi.hostienda.net\/fr\/shop\/"},{"@type":"ListItem","position":3,"name":"Tepi bleu"}]},{"@type":"WebSite","@id":"https:\/\/sinchi.hostienda.net\/fr\/#website","url":"https:\/\/sinchi.hostienda.net\/fr\/","name":"SINCHI RAP\u00c9","description":"Sinchi Medicine","potentialAction":[{"@type":"SearchAction","target":{"@type":"EntryPoint","urlTemplate":"https:\/\/sinchi.hostienda.net\/fr\/?s={search_term_string}"},"query-input":{"@type":"PropertyValueSpecification","valueRequired":true,"valueName":"search_term_string"}}],"inLanguage":"fr-FR"}]}},"_links":{"self":[{"href":"https:\/\/sinchi.hostienda.net\/fr\/wp-json\/wp\/v2\/product\/25751","targetHints":{"allow":["GET"]}}],"collection":[{"href":"https:\/\/sinchi.hostienda.net\/fr\/wp-json\/wp\/v2\/product"}],"about":[{"href":"https:\/\/sinchi.hostienda.net\/fr\/wp-json\/wp\/v2\/types\/product"}],"wp:featuredmedia":[{"embeddable":true,"href":"https:\/\/sinchi.hostienda.net\/fr\/wp-json\/wp\/v2\/media\/28916"}],"wp:attachment":[{"href":"https:\/\/sinchi.hostienda.net\/fr\/wp-json\/wp\/v2\/media?parent=25751"}],"wp:term":[{"taxonomy":"product_brand","embeddable":true,"href":"https:\/\/sinchi.hostienda.net\/fr\/wp-json\/wp\/v2\/product_brand?post=25751"},{"taxonomy":"product_cat","embeddable":true,"href":"https:\/\/sinchi.hostienda.net\/fr\/wp-json\/wp\/v2\/product_cat?post=25751"},{"taxonomy":"product_tag","embeddable":true,"href":"https:\/\/sinchi.hostienda.net\/fr\/wp-json\/wp\/v2\/product_tag?post=25751"}],"curies":[{"name":"wp","href":"https:\/\/api.w.org\/{rel}","templated":true}]}}