{"id":19563,"date":"2024-07-29T14:51:29","date_gmt":"2024-07-29T14:51:29","guid":{"rendered":"https:\/\/www.sinchisinchi.com\/?post_type=product&#038;p=19563"},"modified":"2025-10-05T22:26:27","modified_gmt":"2025-10-05T22:26:27","slug":"caapi-100gr","status":"publish","type":"product","link":"https:\/\/sinchi.hostienda.net\/es\/producto\/caapi-100gr\/","title":{"rendered":"Caapi 100gr"},"content":{"rendered":"<a href=\"https:\/\/www.sinchisinchi.com\/es\/producto\/rape-ayahuasca-caapi\/\" target=\"_blank\" class=\"button secondary is-larger lowercase expand\" rel=\"noopener\"  style=\"border-radius:10px;\">\n\t\t<span>Tama\u00f1o Peque\u00f1o: 8g<\/span>\n\t<\/a>\n\n<a href=\"https:\/\/www.sinchisinchi.com\/es\/producto\/50gr-ayarape\/\" target=\"_blank\" class=\"button secondary is-larger lowercase expand\" rel=\"noopener\"  style=\"border-radius:10px;\">\n\t\t<span>Tama\u00f1o Mediano: 50g<\/span>\n\t<\/a>\n\n\t<div id=\"gap-1722310827\" class=\"gap-element clearfix\" style=\"display:block; height:auto;\">\n\t\t\n<style>\n#gap-1722310827 {\n  padding-top: 30px;\n}\n<\/style>\n\t<\/div>\n\t\n\n  <div class=\"banner has-hover is-full-height\" id=\"banner-292496968\">\n          <div class=\"banner-inner fill\">\n        <div class=\"banner-bg fill\" >\n            <img loading=\"lazy\" decoding=\"async\" width=\"576\" height=\"1024\" src=\"https:\/\/sinchi.hostienda.net\/wp-content\/uploads\/2024\/12\/6-Jaguar9-576x1024.jpeg\" class=\"bg attachment-large size-large\" alt=\"\" \/>                        <div class=\"overlay\"><\/div>            \n                    <\/div>\n\t\t\n        <div class=\"banner-layers container\">\n            <div class=\"fill banner-link\"><\/div>            \n   <div id=\"text-box-778942222\" class=\"text-box banner-layer x5 md-x5 lg-x5 y50 md-y50 lg-y50 res-text\">\n                                <div class=\"text-box-content text box-shadow-3\">\n              \n              <div class=\"text-inner text-left\">\n                  \n<h2 class=\"uppercase\"><strong>tribu<\/strong><\/h2>\n<h3>Kuntanawa<\/h3>\n<a href=\"https:\/\/www.sinchisinchi.com\/es\/conocimiento\/tribus-amazonicas\/kuntanawa\/tribu\/\" target=\"_blank\" class=\"button primary is-underline is-larger expand\" rel=\"noopener\"  >\n\t\t<span>TRIBU<\/span>\n\t<\/a>\n\n<a href=\"https:\/\/www.sinchisinchi.com\/es\/conocimiento\/tribus-amazonicas\/kuntanawa\/historia\/\" target=\"_blank\" class=\"button primary is-underline is-larger expand\" rel=\"noopener\"  >\n\t\t<span>HISTORIA<\/span>\n\t<\/a>\n\n<a href=\"https:\/\/www.sinchisinchi.com\/es\/conocimiento\/tribus-amazonicas\/kuntanawa\/territorio\/\" target=\"_blank\" class=\"button primary is-underline is-larger expand\" rel=\"noopener\"  >\n\t\t<span>TERRITORIO<\/span>\n\t<\/a>\n\n<a href=\"https:\/\/www.sinchisinchi.com\/es\/conocimiento\/tribus-amazonicas\/kuntanawa\/musica\/\" target=\"_blank\" class=\"button primary is-underline is-larger expand\" rel=\"noopener\"  >\n\t\t<span>M\u00daSICA<\/span>\n\t<\/a>\n\n<a href=\"https:\/\/www.sinchisinchi.com\/es\/conocimiento\/tribus-amazonicas\/kuntanawa\/\" target=\"_blank\" class=\"button primary is-underline is-larger expand\" rel=\"noopener\"  >\n\t\t<span>RAP\u00c9<\/span>\n\t<\/a>\n\n              <\/div>\n           <\/div>\n                            \n<style>\n#text-box-778942222 .text-box-content {\n  background-color: rgb(255, 255, 255);\n  font-size: 100%;\n}\n#text-box-778942222 .text-inner {\n  padding: 30px 30px 30px 30px;\n}\n#text-box-778942222 {\n  width: 60%;\n}\n@media (min-width:550px) {\n  #text-box-778942222 {\n    width: 40%;\n  }\n}\n<\/style>\n    <\/div>\n \n        <\/div>\n      <\/div>\n\n            \n<style>\n#banner-292496968 {\n  padding-top: 100%;\n  background-color: rgb(255, 255, 255);\n}\n#banner-292496968 .overlay {\n  background-color: rgba(190, 190, 190, 0.2);\n}\n<\/style>\n  <\/div>\n\n\n","protected":false},"excerpt":{"rendered":"<p><span style=\"color: #000000;\"><strong>Rap\u00e9 Caapi de la tribu Kuntanawa (Ayarap\u00e9).<\/strong><\/span><\/p>\n<p><span style=\"color: #000000;\">Tama\u00f1o Grande: 100 gramos.<\/span><\/p>\n<p><span style=\"color: #000000;\">Descripci\u00f3n completa de la variedad: En el tama\u00f1o peque\u00f1o, ver link m\u00e1s abajo.<\/span><\/p>\n","protected":false},"featured_media":12526,"template":"","meta":{"_joinchat":[]},"product_brand":[],"product_cat":[590,546],"product_tag":[],"class_list":{"0":"post-19563","1":"product","2":"type-product","3":"status-publish","4":"has-post-thumbnail","6":"product_cat-100g-kuntanawa","7":"product_cat-100g-rape-2","9":"first","10":"outofstock","11":"taxable","12":"shipping-taxable","13":"purchasable","14":"product-type-simple"},"yoast_head":"<!-- This site is optimized with the Yoast SEO plugin v26.2 - https:\/\/yoast.com\/wordpress\/plugins\/seo\/ -->\n<title>Caapi 100gr - SINCHI RAP\u00c9<\/title>\n<meta name=\"robots\" content=\"index, follow, max-snippet:-1, max-image-preview:large, max-video-preview:-1\" \/>\n<link rel=\"canonical\" href=\"https:\/\/sinchi.hostienda.net\/es\/producto\/caapi-100gr\/\" \/>\n<meta property=\"og:locale\" content=\"es_ES\" \/>\n<meta property=\"og:type\" content=\"article\" \/>\n<meta property=\"og:title\" content=\"Caapi 100gr - SINCHI RAP\u00c9\" \/>\n<meta property=\"og:description\" content=\"Rap\u00e9 Caapi de la tribu Kuntanawa (Ayarap\u00e9).  Tama\u00f1o Grande: 100 gramos.  Descripci\u00f3n completa de la variedad: En el tama\u00f1o peque\u00f1o, ver link m\u00e1s abajo.\" \/>\n<meta property=\"og:url\" content=\"https:\/\/sinchi.hostienda.net\/es\/producto\/caapi-100gr\/\" \/>\n<meta property=\"og:site_name\" content=\"SINCHI RAP\u00c9\" \/>\n<meta property=\"article:modified_time\" content=\"2025-10-05T22:26:27+00:00\" \/>\n<meta property=\"og:image\" content=\"https:\/\/sinchi.hostienda.net\/wp-content\/uploads\/2023\/11\/3IR0090.jpg\" \/>\n\t<meta property=\"og:image:width\" content=\"700\" \/>\n\t<meta property=\"og:image:height\" content=\"700\" \/>\n\t<meta property=\"og:image:type\" content=\"image\/jpeg\" \/>\n<meta name=\"twitter:card\" content=\"summary_large_image\" \/>\n<meta name=\"twitter:label1\" content=\"Tiempo de lectura\" \/>\n\t<meta name=\"twitter:data1\" content=\"1 minuto\" \/>\n<script type=\"application\/ld+json\" class=\"yoast-schema-graph\">{\"@context\":\"https:\/\/schema.org\",\"@graph\":[{\"@type\":\"WebPage\",\"@id\":\"https:\/\/sinchi.hostienda.net\/es\/producto\/caapi-100gr\/\",\"url\":\"https:\/\/sinchi.hostienda.net\/es\/producto\/caapi-100gr\/\",\"name\":\"Caapi 100gr - SINCHI RAP\u00c9\",\"isPartOf\":{\"@id\":\"https:\/\/sinchi.hostienda.net\/es\/#website\"},\"primaryImageOfPage\":{\"@id\":\"https:\/\/sinchi.hostienda.net\/es\/producto\/caapi-100gr\/#primaryimage\"},\"image\":{\"@id\":\"https:\/\/sinchi.hostienda.net\/es\/producto\/caapi-100gr\/#primaryimage\"},\"thumbnailUrl\":\"https:\/\/sinchi.hostienda.net\/wp-content\/uploads\/2023\/11\/3IR0090.jpg\",\"datePublished\":\"2024-07-29T14:51:29+00:00\",\"dateModified\":\"2025-10-05T22:26:27+00:00\",\"breadcrumb\":{\"@id\":\"https:\/\/sinchi.hostienda.net\/es\/producto\/caapi-100gr\/#breadcrumb\"},\"inLanguage\":\"es\",\"potentialAction\":[{\"@type\":\"ReadAction\",\"target\":[\"https:\/\/sinchi.hostienda.net\/es\/producto\/caapi-100gr\/\"]}]},{\"@type\":\"ImageObject\",\"inLanguage\":\"es\",\"@id\":\"https:\/\/sinchi.hostienda.net\/es\/producto\/caapi-100gr\/#primaryimage\",\"url\":\"https:\/\/sinchi.hostienda.net\/wp-content\/uploads\/2023\/11\/3IR0090.jpg\",\"contentUrl\":\"https:\/\/sinchi.hostienda.net\/wp-content\/uploads\/2023\/11\/3IR0090.jpg\",\"width\":700,\"height\":700},{\"@type\":\"BreadcrumbList\",\"@id\":\"https:\/\/sinchi.hostienda.net\/es\/producto\/caapi-100gr\/#breadcrumb\",\"itemListElement\":[{\"@type\":\"ListItem\",\"position\":1,\"name\":\"Portada\",\"item\":\"https:\/\/sinchi.hostienda.net\/es\/\"},{\"@type\":\"ListItem\",\"position\":2,\"name\":\"Productos\",\"item\":\"https:\/\/sinchi.hostienda.net\/es\/shop\/\"},{\"@type\":\"ListItem\",\"position\":3,\"name\":\"Caapi 100gr\"}]},{\"@type\":\"WebSite\",\"@id\":\"https:\/\/sinchi.hostienda.net\/es\/#website\",\"url\":\"https:\/\/sinchi.hostienda.net\/es\/\",\"name\":\"SINCHI RAP\u00c9\",\"description\":\"Sinchi Medicine\",\"potentialAction\":[{\"@type\":\"SearchAction\",\"target\":{\"@type\":\"EntryPoint\",\"urlTemplate\":\"https:\/\/sinchi.hostienda.net\/es\/?s={search_term_string}\"},\"query-input\":{\"@type\":\"PropertyValueSpecification\",\"valueRequired\":true,\"valueName\":\"search_term_string\"}}],\"inLanguage\":\"es\"}]}<\/script>\n<!-- \/ Yoast SEO plugin. -->","yoast_head_json":{"title":"Caapi 100gr - SINCHI RAP\u00c9","robots":{"index":"index","follow":"follow","max-snippet":"max-snippet:-1","max-image-preview":"max-image-preview:large","max-video-preview":"max-video-preview:-1"},"canonical":"https:\/\/sinchi.hostienda.net\/es\/producto\/caapi-100gr\/","og_locale":"es_ES","og_type":"article","og_title":"Caapi 100gr - SINCHI RAP\u00c9","og_description":"Rap\u00e9 Caapi de la tribu Kuntanawa (Ayarap\u00e9).  Tama\u00f1o Grande: 100 gramos.  Descripci\u00f3n completa de la variedad: En el tama\u00f1o peque\u00f1o, ver link m\u00e1s abajo.","og_url":"https:\/\/sinchi.hostienda.net\/es\/producto\/caapi-100gr\/","og_site_name":"SINCHI RAP\u00c9","article_modified_time":"2025-10-05T22:26:27+00:00","og_image":[{"width":700,"height":700,"url":"https:\/\/sinchi.hostienda.net\/wp-content\/uploads\/2023\/11\/3IR0090.jpg","type":"image\/jpeg"}],"twitter_card":"summary_large_image","twitter_misc":{"Tiempo de lectura":"1 minuto"},"schema":{"@context":"https:\/\/schema.org","@graph":[{"@type":"WebPage","@id":"https:\/\/sinchi.hostienda.net\/es\/producto\/caapi-100gr\/","url":"https:\/\/sinchi.hostienda.net\/es\/producto\/caapi-100gr\/","name":"Caapi 100gr - SINCHI RAP\u00c9","isPartOf":{"@id":"https:\/\/sinchi.hostienda.net\/es\/#website"},"primaryImageOfPage":{"@id":"https:\/\/sinchi.hostienda.net\/es\/producto\/caapi-100gr\/#primaryimage"},"image":{"@id":"https:\/\/sinchi.hostienda.net\/es\/producto\/caapi-100gr\/#primaryimage"},"thumbnailUrl":"https:\/\/sinchi.hostienda.net\/wp-content\/uploads\/2023\/11\/3IR0090.jpg","datePublished":"2024-07-29T14:51:29+00:00","dateModified":"2025-10-05T22:26:27+00:00","breadcrumb":{"@id":"https:\/\/sinchi.hostienda.net\/es\/producto\/caapi-100gr\/#breadcrumb"},"inLanguage":"es","potentialAction":[{"@type":"ReadAction","target":["https:\/\/sinchi.hostienda.net\/es\/producto\/caapi-100gr\/"]}]},{"@type":"ImageObject","inLanguage":"es","@id":"https:\/\/sinchi.hostienda.net\/es\/producto\/caapi-100gr\/#primaryimage","url":"https:\/\/sinchi.hostienda.net\/wp-content\/uploads\/2023\/11\/3IR0090.jpg","contentUrl":"https:\/\/sinchi.hostienda.net\/wp-content\/uploads\/2023\/11\/3IR0090.jpg","width":700,"height":700},{"@type":"BreadcrumbList","@id":"https:\/\/sinchi.hostienda.net\/es\/producto\/caapi-100gr\/#breadcrumb","itemListElement":[{"@type":"ListItem","position":1,"name":"Portada","item":"https:\/\/sinchi.hostienda.net\/es\/"},{"@type":"ListItem","position":2,"name":"Productos","item":"https:\/\/sinchi.hostienda.net\/es\/shop\/"},{"@type":"ListItem","position":3,"name":"Caapi 100gr"}]},{"@type":"WebSite","@id":"https:\/\/sinchi.hostienda.net\/es\/#website","url":"https:\/\/sinchi.hostienda.net\/es\/","name":"SINCHI RAP\u00c9","description":"Sinchi Medicine","potentialAction":[{"@type":"SearchAction","target":{"@type":"EntryPoint","urlTemplate":"https:\/\/sinchi.hostienda.net\/es\/?s={search_term_string}"},"query-input":{"@type":"PropertyValueSpecification","valueRequired":true,"valueName":"search_term_string"}}],"inLanguage":"es"}]}},"_links":{"self":[{"href":"https:\/\/sinchi.hostienda.net\/es\/wp-json\/wp\/v2\/product\/19563","targetHints":{"allow":["GET"]}}],"collection":[{"href":"https:\/\/sinchi.hostienda.net\/es\/wp-json\/wp\/v2\/product"}],"about":[{"href":"https:\/\/sinchi.hostienda.net\/es\/wp-json\/wp\/v2\/types\/product"}],"wp:featuredmedia":[{"embeddable":true,"href":"https:\/\/sinchi.hostienda.net\/es\/wp-json\/wp\/v2\/media\/12526"}],"wp:attachment":[{"href":"https:\/\/sinchi.hostienda.net\/es\/wp-json\/wp\/v2\/media?parent=19563"}],"wp:term":[{"taxonomy":"product_brand","embeddable":true,"href":"https:\/\/sinchi.hostienda.net\/es\/wp-json\/wp\/v2\/product_brand?post=19563"},{"taxonomy":"product_cat","embeddable":true,"href":"https:\/\/sinchi.hostienda.net\/es\/wp-json\/wp\/v2\/product_cat?post=19563"},{"taxonomy":"product_tag","embeddable":true,"href":"https:\/\/sinchi.hostienda.net\/es\/wp-json\/wp\/v2\/product_tag?post=19563"}],"curies":[{"name":"wp","href":"https:\/\/api.w.org\/{rel}","templated":true}]}}