{"id":1183,"date":"2020-02-02T20:08:18","date_gmt":"2020-02-02T20:08:18","guid":{"rendered":"https:\/\/www.sinchisinchi.com\/?post_type=product&#038;p=1183"},"modified":"2024-07-02T11:45:00","modified_gmt":"2024-07-02T11:45:00","slug":"shawadawa-rape","status":"publish","type":"product","link":"https:\/\/sinchi.hostienda.net\/es\/producto\/shawadawa-rape\/","title":{"rendered":"Shawadawa Rauti"},"content":{"rendered":"[et_pb_section fb_built=\u00bb1&#8243; _builder_version=\u00bb3.22&#8243; custom_padding=\u00bb0px||||false|false\u00bb][et_pb_row _builder_version=\u00bb3.25&#8243; background_size=\u00bbinitial\u00bb background_position=\u00bbtop_left\u00bb background_repeat=\u00bbrepeat\u00bb width=\u00bb100%\u00bb custom_padding=\u00bb0px||0px||false|false\u00bb][et_pb_column type=\u00bb4_4&#8243; _builder_version=\u00bb3.25&#8243; custom_padding=\u00bb|||\u00bb custom_padding__hover=\u00bb|||\u00bb][et_pb_wc_breadcrumb _builder_version=\u00bb3.0.47&#8243;][\/et_pb_wc_breadcrumb][et_pb_wc_cart_notice _builder_version=\u00bb3.0.47&#8243;][\/et_pb_wc_cart_notice][\/et_pb_column][\/et_pb_row][et_pb_row column_structure=\u00bb1_2,1_2&#8243; _builder_version=\u00bb3.25&#8243; background_size=\u00bbinitial\u00bb background_position=\u00bbtop_left\u00bb background_repeat=\u00bbrepeat\u00bb width=\u00bb100%\u00bb custom_padding=\u00bb0px||||false|false\u00bb][et_pb_column type=\u00bb1_2&#8243; _builder_version=\u00bb3.25&#8243; custom_padding=\u00bb|||\u00bb custom_padding__hover=\u00bb|||\u00bb][et_pb_wc_images _builder_version=\u00bb3.0.47&#8243;][\/et_pb_wc_images][\/et_pb_column][et_pb_column type=\u00bb1_2&#8243; _builder_version=\u00bb3.25&#8243; custom_padding=\u00bb|||\u00bb custom_padding__hover=\u00bb|||\u00bb][et_pb_wc_title _builder_version=\u00bb3.0.47&#8243;][\/et_pb_wc_title][et_pb_wc_rating _builder_version=\u00bb3.0.47&#8243;][\/et_pb_wc_rating][et_pb_wc_price _builder_version=\u00bb3.0.47&#8243;][\/et_pb_wc_price][et_pb_wc_description _builder_version=\u00bb3.0.47&#8243;][\/et_pb_wc_description][et_pb_wc_add_to_cart _builder_version=\u00bb3.0.47&#8243;][\/et_pb_wc_add_to_cart][et_pb_wc_meta _builder_version=\u00bb3.0.47&#8243;][\/et_pb_wc_meta][\/et_pb_column][\/et_pb_row][et_pb_row _builder_version=\u00bb3.25&#8243; background_size=\u00bbinitial\u00bb background_position=\u00bbtop_left\u00bb background_repeat=\u00bbrepeat\u00bb width=\u00bb100%\u00bb][et_pb_column type=\u00bb4_4&#8243; _builder_version=\u00bb3.25&#8243; custom_padding=\u00bb|||\u00bb custom_padding__hover=\u00bb|||\u00bb][et_pb_wc_tabs _builder_version=\u00bb3.0.47&#8243;]\t\t\t\t\t[\/et_pb_wc_tabs][et_pb_wc_upsells _builder_version=\u00bb3.0.47&#8243;][\/et_pb_wc_upsells][et_pb_wc_related_products _builder_version=\u00bb3.0.47&#8243;][\/et_pb_wc_related_products][\/et_pb_column][\/et_pb_row][\/et_pb_section]\n","protected":false},"excerpt":{"rendered":"<p><span style=\"color: #333333;\">Excelente Rap\u00e9 elaborado por la tribu Shawadawa, con cenizas Rauti, especialmente indicado para eliminar dolores y adicciones.<\/span><\/p>\n","protected":false},"featured_media":1184,"template":"","meta":{"_joinchat":[]},"product_brand":[],"product_cat":[21],"product_tag":[],"class_list":{"0":"post-1183","1":"product","2":"type-product","3":"status-publish","4":"has-post-thumbnail","6":"product_cat-rape","8":"first","9":"outofstock","10":"taxable","11":"shipping-taxable","12":"purchasable","13":"product-type-simple"},"yoast_head":"<!-- This site is optimized with the Yoast SEO plugin v26.2 - https:\/\/yoast.com\/wordpress\/plugins\/seo\/ -->\n<title>RAP\u00c9 SHAWADAWA: Rap\u00e9 medicinal del Amazonas<\/title>\n<meta name=\"description\" content=\"Excelente Rap\u00e9 elaborado por la tribu Shawadawa, con cenizas Rauti, especialmente indicado para eliminar dolores y adicciones.\" \/>\n<meta name=\"robots\" content=\"index, follow, max-snippet:-1, max-image-preview:large, max-video-preview:-1\" \/>\n<link rel=\"canonical\" href=\"https:\/\/sinchi.hostienda.net\/es\/producto\/shawadawa-rape\/\" \/>\n<meta property=\"og:locale\" content=\"es_ES\" \/>\n<meta property=\"og:type\" content=\"article\" \/>\n<meta property=\"og:title\" content=\"RAP\u00c9 SHAWADAWA: Rap\u00e9 medicinal del Amazonas\" \/>\n<meta property=\"og:description\" content=\"Excelente Rap\u00e9 elaborado por la tribu Shawadawa, con cenizas Rauti, especialmente indicado para eliminar dolores y adicciones.\" \/>\n<meta property=\"og:url\" content=\"https:\/\/sinchi.hostienda.net\/es\/producto\/shawadawa-rape\/\" \/>\n<meta property=\"og:site_name\" content=\"SINCHI RAP\u00c9\" \/>\n<meta property=\"article:modified_time\" content=\"2024-07-02T11:45:00+00:00\" \/>\n<meta property=\"og:image\" content=\"https:\/\/sinchi.hostienda.net\/wp-content\/uploads\/2020\/02\/Shawadawa.jpg\" \/>\n\t<meta property=\"og:image:width\" content=\"600\" \/>\n\t<meta property=\"og:image:height\" content=\"600\" \/>\n\t<meta property=\"og:image:type\" content=\"image\/jpeg\" \/>\n<meta name=\"twitter:card\" content=\"summary_large_image\" \/>\n<meta name=\"twitter:label1\" content=\"Tiempo de lectura\" \/>\n\t<meta name=\"twitter:data1\" content=\"2 minutos\" \/>\n<script type=\"application\/ld+json\" class=\"yoast-schema-graph\">{\"@context\":\"https:\/\/schema.org\",\"@graph\":[{\"@type\":\"WebPage\",\"@id\":\"https:\/\/sinchi.hostienda.net\/es\/producto\/shawadawa-rape\/\",\"url\":\"https:\/\/sinchi.hostienda.net\/es\/producto\/shawadawa-rape\/\",\"name\":\"RAP\u00c9 SHAWADAWA: Rap\u00e9 medicinal del Amazonas\",\"isPartOf\":{\"@id\":\"https:\/\/sinchi.hostienda.net\/es\/#website\"},\"primaryImageOfPage\":{\"@id\":\"https:\/\/sinchi.hostienda.net\/es\/producto\/shawadawa-rape\/#primaryimage\"},\"image\":{\"@id\":\"https:\/\/sinchi.hostienda.net\/es\/producto\/shawadawa-rape\/#primaryimage\"},\"thumbnailUrl\":\"https:\/\/sinchi.hostienda.net\/wp-content\/uploads\/2020\/02\/Shawadawa.jpg\",\"datePublished\":\"2020-02-02T20:08:18+00:00\",\"dateModified\":\"2024-07-02T11:45:00+00:00\",\"description\":\"Excelente Rap\u00e9 elaborado por la tribu Shawadawa, con cenizas Rauti, especialmente indicado para eliminar dolores y adicciones.\",\"breadcrumb\":{\"@id\":\"https:\/\/sinchi.hostienda.net\/es\/producto\/shawadawa-rape\/#breadcrumb\"},\"inLanguage\":\"es\",\"potentialAction\":[{\"@type\":\"ReadAction\",\"target\":[\"https:\/\/sinchi.hostienda.net\/es\/producto\/shawadawa-rape\/\"]}]},{\"@type\":\"ImageObject\",\"inLanguage\":\"es\",\"@id\":\"https:\/\/sinchi.hostienda.net\/es\/producto\/shawadawa-rape\/#primaryimage\",\"url\":\"https:\/\/sinchi.hostienda.net\/wp-content\/uploads\/2020\/02\/Shawadawa.jpg\",\"contentUrl\":\"https:\/\/sinchi.hostienda.net\/wp-content\/uploads\/2020\/02\/Shawadawa.jpg\",\"width\":600,\"height\":600,\"caption\":\"Rap\u00e9 Shawadawa\"},{\"@type\":\"BreadcrumbList\",\"@id\":\"https:\/\/sinchi.hostienda.net\/es\/producto\/shawadawa-rape\/#breadcrumb\",\"itemListElement\":[{\"@type\":\"ListItem\",\"position\":1,\"name\":\"Portada\",\"item\":\"https:\/\/sinchi.hostienda.net\/es\/\"},{\"@type\":\"ListItem\",\"position\":2,\"name\":\"Productos\",\"item\":\"https:\/\/sinchi.hostienda.net\/es\/shop\/\"},{\"@type\":\"ListItem\",\"position\":3,\"name\":\"Shawadawa Rauti\"}]},{\"@type\":\"WebSite\",\"@id\":\"https:\/\/sinchi.hostienda.net\/es\/#website\",\"url\":\"https:\/\/sinchi.hostienda.net\/es\/\",\"name\":\"SINCHI RAP\u00c9\",\"description\":\"Sinchi Medicine\",\"potentialAction\":[{\"@type\":\"SearchAction\",\"target\":{\"@type\":\"EntryPoint\",\"urlTemplate\":\"https:\/\/sinchi.hostienda.net\/es\/?s={search_term_string}\"},\"query-input\":{\"@type\":\"PropertyValueSpecification\",\"valueRequired\":true,\"valueName\":\"search_term_string\"}}],\"inLanguage\":\"es\"}]}<\/script>\n<!-- \/ Yoast SEO plugin. -->","yoast_head_json":{"title":"RAP\u00c9 SHAWADAWA: Rap\u00e9 medicinal del Amazonas","description":"Excelente Rap\u00e9 elaborado por la tribu Shawadawa, con cenizas Rauti, especialmente indicado para eliminar dolores y adicciones.","robots":{"index":"index","follow":"follow","max-snippet":"max-snippet:-1","max-image-preview":"max-image-preview:large","max-video-preview":"max-video-preview:-1"},"canonical":"https:\/\/sinchi.hostienda.net\/es\/producto\/shawadawa-rape\/","og_locale":"es_ES","og_type":"article","og_title":"RAP\u00c9 SHAWADAWA: Rap\u00e9 medicinal del Amazonas","og_description":"Excelente Rap\u00e9 elaborado por la tribu Shawadawa, con cenizas Rauti, especialmente indicado para eliminar dolores y adicciones.","og_url":"https:\/\/sinchi.hostienda.net\/es\/producto\/shawadawa-rape\/","og_site_name":"SINCHI RAP\u00c9","article_modified_time":"2024-07-02T11:45:00+00:00","og_image":[{"width":600,"height":600,"url":"https:\/\/sinchi.hostienda.net\/wp-content\/uploads\/2020\/02\/Shawadawa.jpg","type":"image\/jpeg"}],"twitter_card":"summary_large_image","twitter_misc":{"Tiempo de lectura":"2 minutos"},"schema":{"@context":"https:\/\/schema.org","@graph":[{"@type":"WebPage","@id":"https:\/\/sinchi.hostienda.net\/es\/producto\/shawadawa-rape\/","url":"https:\/\/sinchi.hostienda.net\/es\/producto\/shawadawa-rape\/","name":"RAP\u00c9 SHAWADAWA: Rap\u00e9 medicinal del Amazonas","isPartOf":{"@id":"https:\/\/sinchi.hostienda.net\/es\/#website"},"primaryImageOfPage":{"@id":"https:\/\/sinchi.hostienda.net\/es\/producto\/shawadawa-rape\/#primaryimage"},"image":{"@id":"https:\/\/sinchi.hostienda.net\/es\/producto\/shawadawa-rape\/#primaryimage"},"thumbnailUrl":"https:\/\/sinchi.hostienda.net\/wp-content\/uploads\/2020\/02\/Shawadawa.jpg","datePublished":"2020-02-02T20:08:18+00:00","dateModified":"2024-07-02T11:45:00+00:00","description":"Excelente Rap\u00e9 elaborado por la tribu Shawadawa, con cenizas Rauti, especialmente indicado para eliminar dolores y adicciones.","breadcrumb":{"@id":"https:\/\/sinchi.hostienda.net\/es\/producto\/shawadawa-rape\/#breadcrumb"},"inLanguage":"es","potentialAction":[{"@type":"ReadAction","target":["https:\/\/sinchi.hostienda.net\/es\/producto\/shawadawa-rape\/"]}]},{"@type":"ImageObject","inLanguage":"es","@id":"https:\/\/sinchi.hostienda.net\/es\/producto\/shawadawa-rape\/#primaryimage","url":"https:\/\/sinchi.hostienda.net\/wp-content\/uploads\/2020\/02\/Shawadawa.jpg","contentUrl":"https:\/\/sinchi.hostienda.net\/wp-content\/uploads\/2020\/02\/Shawadawa.jpg","width":600,"height":600,"caption":"Rap\u00e9 Shawadawa"},{"@type":"BreadcrumbList","@id":"https:\/\/sinchi.hostienda.net\/es\/producto\/shawadawa-rape\/#breadcrumb","itemListElement":[{"@type":"ListItem","position":1,"name":"Portada","item":"https:\/\/sinchi.hostienda.net\/es\/"},{"@type":"ListItem","position":2,"name":"Productos","item":"https:\/\/sinchi.hostienda.net\/es\/shop\/"},{"@type":"ListItem","position":3,"name":"Shawadawa Rauti"}]},{"@type":"WebSite","@id":"https:\/\/sinchi.hostienda.net\/es\/#website","url":"https:\/\/sinchi.hostienda.net\/es\/","name":"SINCHI RAP\u00c9","description":"Sinchi Medicine","potentialAction":[{"@type":"SearchAction","target":{"@type":"EntryPoint","urlTemplate":"https:\/\/sinchi.hostienda.net\/es\/?s={search_term_string}"},"query-input":{"@type":"PropertyValueSpecification","valueRequired":true,"valueName":"search_term_string"}}],"inLanguage":"es"}]}},"_links":{"self":[{"href":"https:\/\/sinchi.hostienda.net\/es\/wp-json\/wp\/v2\/product\/1183","targetHints":{"allow":["GET"]}}],"collection":[{"href":"https:\/\/sinchi.hostienda.net\/es\/wp-json\/wp\/v2\/product"}],"about":[{"href":"https:\/\/sinchi.hostienda.net\/es\/wp-json\/wp\/v2\/types\/product"}],"wp:featuredmedia":[{"embeddable":true,"href":"https:\/\/sinchi.hostienda.net\/es\/wp-json\/wp\/v2\/media\/1184"}],"wp:attachment":[{"href":"https:\/\/sinchi.hostienda.net\/es\/wp-json\/wp\/v2\/media?parent=1183"}],"wp:term":[{"taxonomy":"product_brand","embeddable":true,"href":"https:\/\/sinchi.hostienda.net\/es\/wp-json\/wp\/v2\/product_brand?post=1183"},{"taxonomy":"product_cat","embeddable":true,"href":"https:\/\/sinchi.hostienda.net\/es\/wp-json\/wp\/v2\/product_cat?post=1183"},{"taxonomy":"product_tag","embeddable":true,"href":"https:\/\/sinchi.hostienda.net\/es\/wp-json\/wp\/v2\/product_tag?post=1183"}],"curies":[{"name":"wp","href":"https:\/\/api.w.org\/{rel}","templated":true}]}}