{"id":8117,"date":"2023-02-25T21:12:05","date_gmt":"2023-02-25T21:12:05","guid":{"rendered":"https:\/\/www.sinchisinchi.com\/producto\/tepi-applikator\/"},"modified":"2024-04-19T08:02:12","modified_gmt":"2024-04-19T08:02:12","slug":"tepi-applikator","status":"publish","type":"product","link":"https:\/\/sinchi.hostienda.net\/de\/producto\/tepi-applikator\/","title":{"rendered":"Blauer Tepi"},"content":{"rendered":"<h2 style=\"text-align: center;\"><strong>Wie viel Rap\u00e9<\/strong>\u00a0soll man laut den St\u00e4mmen konsumieren?<\/h2>\n<p>Um die Medizin des rap\u00e9 zu studieren, kann er bis zu drei- oder viermal am Tag eingenommen werden, immer bewusst verwenden, auf unseren K\u00f6rper h\u00f6ren und nach den Empfindungen beurteilen. Es ist immer gut, ein paar Tage Pause zu machen, damit es ein Werkzeug zu unseren Diensten ist und nicht eine Gewohnheit, auf die wir uns verlassen.<\/p>\n","protected":false},"excerpt":{"rendered":"<p>Tepi, emailliert und mit blauem Faden verziert, mit feinen Oberfl\u00e4chen und idealen Ma\u00dfen f\u00fcr einen komfortablen und harmonischen Gebrauch.<\/p>\n<p>Der Tepi ist ein langer Projektor, mit dem rap\u00e9 auf eine andere Person projiziert wird.<\/p>\n<p>Das Projizieren von rap\u00e9 auf eine andere Person impliziert eine gewisse Verantwortung, da es laut \u00dcberlieferungen einen starken Energieaustausch gibt, insbesondere zwischen der Person, die es anwendet, und der Person, die es erh\u00e4lt. Es ist wichtig sicherzustellen, dass wir nur von jemandem schnupfen, dem wir voll und ganz vertrauen und von dem wir wissen, dass er gute Absichten uns gegen\u00fcber hat.<\/p>\n","protected":false},"featured_media":28917,"template":"","meta":{"_joinchat":[]},"product_brand":[],"product_cat":[190],"product_tag":[],"class_list":{"0":"post-8117","1":"product","2":"type-product","3":"status-publish","4":"has-post-thumbnail","6":"product_cat-tepis-de","8":"first","9":"instock","10":"taxable","11":"shipping-taxable","12":"purchasable","13":"product-type-simple"},"yoast_head":"<!-- This site is optimized with the Yoast SEO plugin v26.2 - https:\/\/yoast.com\/wordpress\/plugins\/seo\/ -->\n<title>Tepi Azul: Brasilianischer Rap\u00e9-Applikator kaufen<\/title>\n<meta name=\"description\" content=\"Tepi zum Auftragen von rap\u00e9, emailliert und mit blauem Faden verziert, mit feinen Oberfl\u00e4chen und idealen Abmessungen f\u00fcr einen komfortablen und harmonischen Gebrauch.\" \/>\n<meta name=\"robots\" content=\"index, follow, max-snippet:-1, max-image-preview:large, max-video-preview:-1\" \/>\n<link rel=\"canonical\" href=\"https:\/\/sinchi.hostienda.net\/de\/producto\/tepi-applikator\/\" \/>\n<meta property=\"og:locale\" content=\"de_DE\" \/>\n<meta property=\"og:type\" content=\"article\" \/>\n<meta property=\"og:title\" content=\"Tepi Azul: Brasilianischer Rap\u00e9-Applikator kaufen\" \/>\n<meta property=\"og:description\" content=\"Tepi zum Auftragen von rap\u00e9, emailliert und mit blauem Faden verziert, mit feinen Oberfl\u00e4chen und idealen Abmessungen f\u00fcr einen komfortablen und harmonischen Gebrauch.\" \/>\n<meta property=\"og:url\" content=\"https:\/\/sinchi.hostienda.net\/de\/producto\/tepi-applikator\/\" \/>\n<meta property=\"og:site_name\" content=\"SINCHI RAP\u00c9\" \/>\n<meta property=\"article:modified_time\" content=\"2024-04-19T08:02:12+00:00\" \/>\n<meta property=\"og:image\" content=\"https:\/\/sinchi.hostienda.net\/wp-content\/uploads\/2023\/02\/2-Tepi-Waru.jpg\" \/>\n\t<meta property=\"og:image:width\" content=\"900\" \/>\n\t<meta property=\"og:image:height\" content=\"600\" \/>\n\t<meta property=\"og:image:type\" content=\"image\/jpeg\" \/>\n<meta name=\"twitter:card\" content=\"summary_large_image\" \/>\n<script type=\"application\/ld+json\" class=\"yoast-schema-graph\">{\"@context\":\"https:\/\/schema.org\",\"@graph\":[{\"@type\":\"WebPage\",\"@id\":\"https:\/\/sinchi.hostienda.net\/de\/producto\/tepi-applikator\/\",\"url\":\"https:\/\/sinchi.hostienda.net\/de\/producto\/tepi-applikator\/\",\"name\":\"Tepi Azul: Brasilianischer Rap\u00e9-Applikator kaufen\",\"isPartOf\":{\"@id\":\"https:\/\/sinchi.hostienda.net\/de\/#website\"},\"primaryImageOfPage\":{\"@id\":\"https:\/\/sinchi.hostienda.net\/de\/producto\/tepi-applikator\/#primaryimage\"},\"image\":{\"@id\":\"https:\/\/sinchi.hostienda.net\/de\/producto\/tepi-applikator\/#primaryimage\"},\"thumbnailUrl\":\"https:\/\/sinchi.hostienda.net\/wp-content\/uploads\/2023\/02\/2-Tepi-Waru.jpg\",\"datePublished\":\"2023-02-25T21:12:05+00:00\",\"dateModified\":\"2024-04-19T08:02:12+00:00\",\"description\":\"Tepi zum Auftragen von rap\u00e9, emailliert und mit blauem Faden verziert, mit feinen Oberfl\u00e4chen und idealen Abmessungen f\u00fcr einen komfortablen und harmonischen Gebrauch.\",\"breadcrumb\":{\"@id\":\"https:\/\/sinchi.hostienda.net\/de\/producto\/tepi-applikator\/#breadcrumb\"},\"inLanguage\":\"de\",\"potentialAction\":[{\"@type\":\"ReadAction\",\"target\":[\"https:\/\/sinchi.hostienda.net\/de\/producto\/tepi-applikator\/\"]}]},{\"@type\":\"ImageObject\",\"inLanguage\":\"de\",\"@id\":\"https:\/\/sinchi.hostienda.net\/de\/producto\/tepi-applikator\/#primaryimage\",\"url\":\"https:\/\/sinchi.hostienda.net\/wp-content\/uploads\/2023\/02\/2-Tepi-Waru.jpg\",\"contentUrl\":\"https:\/\/sinchi.hostienda.net\/wp-content\/uploads\/2023\/02\/2-Tepi-Waru.jpg\",\"width\":900,\"height\":600},{\"@type\":\"BreadcrumbList\",\"@id\":\"https:\/\/sinchi.hostienda.net\/de\/producto\/tepi-applikator\/#breadcrumb\",\"itemListElement\":[{\"@type\":\"ListItem\",\"position\":1,\"name\":\"Titelseite\",\"item\":\"https:\/\/sinchi.hostienda.net\/de\/\"},{\"@type\":\"ListItem\",\"position\":2,\"name\":\"Produkte\",\"item\":\"https:\/\/sinchi.hostienda.net\/de\/shop\/\"},{\"@type\":\"ListItem\",\"position\":3,\"name\":\"Blauer Tepi\"}]},{\"@type\":\"WebSite\",\"@id\":\"https:\/\/sinchi.hostienda.net\/de\/#website\",\"url\":\"https:\/\/sinchi.hostienda.net\/de\/\",\"name\":\"SINCHI RAP\u00c9\",\"description\":\"Sinchi Medicine\",\"potentialAction\":[{\"@type\":\"SearchAction\",\"target\":{\"@type\":\"EntryPoint\",\"urlTemplate\":\"https:\/\/sinchi.hostienda.net\/de\/?s={search_term_string}\"},\"query-input\":{\"@type\":\"PropertyValueSpecification\",\"valueRequired\":true,\"valueName\":\"search_term_string\"}}],\"inLanguage\":\"de\"}]}<\/script>\n<!-- \/ Yoast SEO plugin. -->","yoast_head_json":{"title":"Tepi Azul: Brasilianischer Rap\u00e9-Applikator kaufen","description":"Tepi zum Auftragen von rap\u00e9, emailliert und mit blauem Faden verziert, mit feinen Oberfl\u00e4chen und idealen Abmessungen f\u00fcr einen komfortablen und harmonischen Gebrauch.","robots":{"index":"index","follow":"follow","max-snippet":"max-snippet:-1","max-image-preview":"max-image-preview:large","max-video-preview":"max-video-preview:-1"},"canonical":"https:\/\/sinchi.hostienda.net\/de\/producto\/tepi-applikator\/","og_locale":"de_DE","og_type":"article","og_title":"Tepi Azul: Brasilianischer Rap\u00e9-Applikator kaufen","og_description":"Tepi zum Auftragen von rap\u00e9, emailliert und mit blauem Faden verziert, mit feinen Oberfl\u00e4chen und idealen Abmessungen f\u00fcr einen komfortablen und harmonischen Gebrauch.","og_url":"https:\/\/sinchi.hostienda.net\/de\/producto\/tepi-applikator\/","og_site_name":"SINCHI RAP\u00c9","article_modified_time":"2024-04-19T08:02:12+00:00","og_image":[{"width":900,"height":600,"url":"https:\/\/sinchi.hostienda.net\/wp-content\/uploads\/2023\/02\/2-Tepi-Waru.jpg","type":"image\/jpeg"}],"twitter_card":"summary_large_image","schema":{"@context":"https:\/\/schema.org","@graph":[{"@type":"WebPage","@id":"https:\/\/sinchi.hostienda.net\/de\/producto\/tepi-applikator\/","url":"https:\/\/sinchi.hostienda.net\/de\/producto\/tepi-applikator\/","name":"Tepi Azul: Brasilianischer Rap\u00e9-Applikator kaufen","isPartOf":{"@id":"https:\/\/sinchi.hostienda.net\/de\/#website"},"primaryImageOfPage":{"@id":"https:\/\/sinchi.hostienda.net\/de\/producto\/tepi-applikator\/#primaryimage"},"image":{"@id":"https:\/\/sinchi.hostienda.net\/de\/producto\/tepi-applikator\/#primaryimage"},"thumbnailUrl":"https:\/\/sinchi.hostienda.net\/wp-content\/uploads\/2023\/02\/2-Tepi-Waru.jpg","datePublished":"2023-02-25T21:12:05+00:00","dateModified":"2024-04-19T08:02:12+00:00","description":"Tepi zum Auftragen von rap\u00e9, emailliert und mit blauem Faden verziert, mit feinen Oberfl\u00e4chen und idealen Abmessungen f\u00fcr einen komfortablen und harmonischen Gebrauch.","breadcrumb":{"@id":"https:\/\/sinchi.hostienda.net\/de\/producto\/tepi-applikator\/#breadcrumb"},"inLanguage":"de","potentialAction":[{"@type":"ReadAction","target":["https:\/\/sinchi.hostienda.net\/de\/producto\/tepi-applikator\/"]}]},{"@type":"ImageObject","inLanguage":"de","@id":"https:\/\/sinchi.hostienda.net\/de\/producto\/tepi-applikator\/#primaryimage","url":"https:\/\/sinchi.hostienda.net\/wp-content\/uploads\/2023\/02\/2-Tepi-Waru.jpg","contentUrl":"https:\/\/sinchi.hostienda.net\/wp-content\/uploads\/2023\/02\/2-Tepi-Waru.jpg","width":900,"height":600},{"@type":"BreadcrumbList","@id":"https:\/\/sinchi.hostienda.net\/de\/producto\/tepi-applikator\/#breadcrumb","itemListElement":[{"@type":"ListItem","position":1,"name":"Titelseite","item":"https:\/\/sinchi.hostienda.net\/de\/"},{"@type":"ListItem","position":2,"name":"Produkte","item":"https:\/\/sinchi.hostienda.net\/de\/shop\/"},{"@type":"ListItem","position":3,"name":"Blauer Tepi"}]},{"@type":"WebSite","@id":"https:\/\/sinchi.hostienda.net\/de\/#website","url":"https:\/\/sinchi.hostienda.net\/de\/","name":"SINCHI RAP\u00c9","description":"Sinchi Medicine","potentialAction":[{"@type":"SearchAction","target":{"@type":"EntryPoint","urlTemplate":"https:\/\/sinchi.hostienda.net\/de\/?s={search_term_string}"},"query-input":{"@type":"PropertyValueSpecification","valueRequired":true,"valueName":"search_term_string"}}],"inLanguage":"de"}]}},"_links":{"self":[{"href":"https:\/\/sinchi.hostienda.net\/de\/wp-json\/wp\/v2\/product\/8117","targetHints":{"allow":["GET"]}}],"collection":[{"href":"https:\/\/sinchi.hostienda.net\/de\/wp-json\/wp\/v2\/product"}],"about":[{"href":"https:\/\/sinchi.hostienda.net\/de\/wp-json\/wp\/v2\/types\/product"}],"wp:featuredmedia":[{"embeddable":true,"href":"https:\/\/sinchi.hostienda.net\/de\/wp-json\/wp\/v2\/media\/28917"}],"wp:attachment":[{"href":"https:\/\/sinchi.hostienda.net\/de\/wp-json\/wp\/v2\/media?parent=8117"}],"wp:term":[{"taxonomy":"product_brand","embeddable":true,"href":"https:\/\/sinchi.hostienda.net\/de\/wp-json\/wp\/v2\/product_brand?post=8117"},{"taxonomy":"product_cat","embeddable":true,"href":"https:\/\/sinchi.hostienda.net\/de\/wp-json\/wp\/v2\/product_cat?post=8117"},{"taxonomy":"product_tag","embeddable":true,"href":"https:\/\/sinchi.hostienda.net\/de\/wp-json\/wp\/v2\/product_tag?post=8117"}],"curies":[{"name":"wp","href":"https:\/\/api.w.org\/{rel}","templated":true}]}}